{"id":23037,"date":"2025-04-23T14:36:14","date_gmt":"2025-04-23T12:36:14","guid":{"rendered":"https:\/\/mes-pochoirs.com\/?post_type=product&#038;p=23037"},"modified":"2025-10-31T12:35:35","modified_gmt":"2025-10-31T11:35:35","slug":"plantilla-serpiente-a0141","status":"publish","type":"product","link":"https:\/\/mes-pochoirs.com\/es\/produit\/pochoir-serpent-a0141","title":{"rendered":"Plantilla serpiente - A0141"},"content":{"rendered":"<h2>Plantilla de serpiente<\/h2>\n<h3>Una presencia salvaje y hechizante<\/h3>\n<p><strong>Plantilla de serpiente<\/strong> Este poderoso motivo representa a una majestuosa cobra, preparada para atacar, con la cabeza erguida y la lengua b\u00edfida lista para golpear. Su cuerpo musculoso y enroscado y sus escamas finamente detalladas evocan toda la tensi\u00f3n de un reptil al acecho, el ep\u00edtome de un depredador salvaje. Se puede sentir el aliento caliente de la jungla, el olor del peligro, la emoci\u00f3n del veneno a punto de fluir. Esta serpiente no es s\u00f3lo un animal: es la encarnaci\u00f3n del misterio, la fuerza bruta y el carisma natural. Inspira miedo, respeto y fascinaci\u00f3n. A <strong>cobra<\/strong> un temible relato que te sumerge en una atm\u00f3sfera densa y dram\u00e1tica, donde la naturaleza reclama sus derechos, a la vez bella y amenazadora. A trav\u00e9s de este <strong>plantilla serpiente<\/strong>Cada artista puede expresar un mensaje poderoso, a caballo entre el instinto de supervivencia, la tensi\u00f3n animal y la energ\u00eda salvaje. Es un motivo que habla al alma, retumbando en las entra\u00f1as, listo para brotar donde menos lo esperamos.<\/p>\n<h3>Un estilo gr\u00e1fico impactante y contundente<\/h3>\n<p><strong>Plantilla de serpiente<\/strong> stencil: m\u00e1s que una herramienta creativa, es una firma visual con un estilo crudo y contrastado. Esta plantilla se adapta a todos sus deseos art\u00edsticos: sobre pared, lienzo, tela o muebles. Su est\u00e9tica agresiva e intensa la convierte en una aut\u00e9ntica baza para transformar cualquier superficie en una obra de arte impactante. Atrae la mirada, impone presencia y cuenta una historia. Visite <strong>plantilla serpiente<\/strong>Es la herramienta perfecta para quienes desean dejar su huella, afirmar su estilo y dar rienda suelta a su creatividad a trav\u00e9s de un animal m\u00edtico que es en parte arte salvaje y en parte mensaje profundo.<\/p>","protected":false},"excerpt":{"rendered":"<p><strong>Plantilla de serpiente<\/strong> Dise\u00f1o salvaje para tus cuadros. Cobra depredadora de alta calidad, reutilizable y perfecta para pintar o decorar.<\/p>","protected":false},"featured_media":23065,"comment_status":"open","ping_status":"closed","template":"","meta":{"bwfblock_default_font":"","_kad_blocks_custom_css":"","_kad_blocks_head_custom_js":"","_kad_blocks_body_custom_js":"","_kad_blocks_footer_custom_js":"","_kadence_starter_templates_imported_post":false,"_kad_post_transparent":"default","_kad_post_title":"","_kad_post_layout":"default","_kad_post_sidebar_id":"","_kad_post_content_style":"default","_kad_post_vertical_padding":"default","_kad_post_feature":"","_kad_post_feature_position":"","_kad_post_header":false,"_kad_post_footer":false,"_kad_post_classname":""},"product_brand":[1415],"product_cat":[364],"product_tag":[367,1299,1295,643,1230,1186,452,1298,1300],"class_list":{"0":"post-23037","1":"product","2":"type-product","3":"status-publish","4":"has-post-thumbnail","6":"product_brand-mes-pochoirs","7":"product_cat-pochoirs-animaux","8":"product_tag-animal","9":"product_tag-cobra","10":"product_tag-ecailles","11":"product_tag-jungle","12":"product_tag-predateur","13":"product_tag-reptile","14":"product_tag-sauvage","15":"product_tag-serpent","16":"product_tag-venin","18":"first","19":"instock","20":"taxable","21":"shipping-taxable","22":"purchasable","23":"product-type-variable","24":"has-default-attributes","25":"entry","26":"content-bg","27":"loop-entry"},"taxonomy_info":{"product_brand":[{"value":1415,"label":"Mes Pochoirs"}],"product_cat":[{"value":364,"label":"Animaux"}],"product_tag":[{"value":367,"label":"animal"},{"value":1299,"label":"cobra"},{"value":1295,"label":"\u00e9cailles"},{"value":643,"label":"jungle"},{"value":1230,"label":"pr\u00e9dateur"},{"value":1186,"label":"reptile"},{"value":452,"label":"sauvage"},{"value":1298,"label":"serpent"},{"value":1300,"label":"venin"}]},"featured_image_src_large":["https:\/\/mes-pochoirs.com\/wp-content\/uploads\/2025\/04\/A0141-pochoir-serpent-copyright-mes-pochoirs-858x1030.jpg",858,1030,true],"author_info":[],"comment_info":0,"_links":{"self":[{"href":"https:\/\/mes-pochoirs.com\/es\/wp-json\/wp\/v2\/product\/23037","targetHints":{"allow":["GET"]}}],"collection":[{"href":"https:\/\/mes-pochoirs.com\/es\/wp-json\/wp\/v2\/product"}],"about":[{"href":"https:\/\/mes-pochoirs.com\/es\/wp-json\/wp\/v2\/types\/product"}],"replies":[{"embeddable":true,"href":"https:\/\/mes-pochoirs.com\/es\/wp-json\/wp\/v2\/comments?post=23037"}],"wp:featuredmedia":[{"embeddable":true,"href":"https:\/\/mes-pochoirs.com\/es\/wp-json\/wp\/v2\/media\/23065"}],"wp:attachment":[{"href":"https:\/\/mes-pochoirs.com\/es\/wp-json\/wp\/v2\/media?parent=23037"}],"wp:term":[{"taxonomy":"product_brand","embeddable":true,"href":"https:\/\/mes-pochoirs.com\/es\/wp-json\/wp\/v2\/product_brand?post=23037"},{"taxonomy":"product_cat","embeddable":true,"href":"https:\/\/mes-pochoirs.com\/es\/wp-json\/wp\/v2\/product_cat?post=23037"},{"taxonomy":"product_tag","embeddable":true,"href":"https:\/\/mes-pochoirs.com\/es\/wp-json\/wp\/v2\/product_tag?post=23037"}],"curies":[{"name":"wp","href":"https:\/\/api.w.org\/{rel}","templated":true}]}}