{"id":23278,"date":"2025-04-30T15:53:39","date_gmt":"2025-04-30T13:53:39","guid":{"rendered":"https:\/\/mes-pochoirs.com\/?post_type=product&#038;p=23278"},"modified":"2025-10-31T12:36:13","modified_gmt":"2025-10-31T11:36:13","slug":"stencil-nino-en-un-campo-caz002","status":"publish","type":"product","link":"https:\/\/mes-pochoirs.com\/es\/produit\/pochoir-garcon-dans-un-champ-caz002","title":{"rendered":"Salto de alegr\u00eda en la hierba alta plantilla - CAZ002"},"content":{"rendered":"<h2>Stencil Boy en el campo<\/h2>\n<h3>Una escena de \u00edmpetu, libertad y pura alegr\u00eda<\/h3>\n<p><strong>Chico plantilla en un campo<\/strong> Este modelo capta un momento de evasi\u00f3n y felicidad pura. Un ni\u00f1o, con los brazos extendidos, corre por el campo con una energ\u00eda desbordante. Su esbelta figura parece flotar entre el cielo y la tierra, llevado por un soplo de libertad, en total armon\u00eda con el mundo natural que le rodea. Se puede sentir el calor de la hierba bajo sus pies, el canto del viento en los prados, el \u00edmpetu despreocupado de un ni\u00f1o que saborea el placer del movimiento puro. Esta plantilla evoca la espontaneidad, la alegr\u00eda y la intimidad con los seres vivos: un verdadero canto a la infancia libre y a la naturaleza.<\/p>\n<p>Este <strong>Chico plantilla en un campo<\/strong> es mucho m\u00e1s que un motivo decorativo: encierra un poderoso mensaje, una llamada al ensue\u00f1o, a la ligereza, al instinto creativo. Nos inspira emociones sinceras, un momento de libertad, un deseo de correr sin aliento hacia la inmensidad. Se convertir\u00e1 en una herramienta simb\u00f3lica para expresar un aliento po\u00e9tico en sus murales, cuadros o decoraciones art\u00edsticas.<\/p>\n<h3>Dise\u00f1o expresivo para una creaci\u00f3n viva<\/h3>\n<p><strong>Chico plantilla en un campo<\/strong> Esta plantilla, de estilo din\u00e1mico y sensible, est\u00e1 pensada para artistas que buscan movimiento y emoci\u00f3n visual. Combina un recorte fluido de la silueta del ni\u00f1o con texturas naturales que evocan la hierba salvaje y la energ\u00eda del viento. Su composici\u00f3n se adapta perfectamente a las representaciones texturizadas, en particular con cuchillos de pintura, gradaciones sutiles o fondos abstractos para amplificar la sensaci\u00f3n de libertad.<\/p>\n<p>Este modelo reutilizable, disponible en varios tama\u00f1os, se adapta tanto a creaciones murales de estilo campestre como a obras m\u00e1s contempor\u00e1neas. Gracias a su legibilidad gr\u00e1fica, el <strong>Chico plantilla en un campo<\/strong>es una herramienta vers\u00e1til para la expresi\u00f3n art\u00edstica, capaz de transmitir tanto la dulzura de la infancia como la vitalidad del movimiento. Perfecto para una decoraci\u00f3n po\u00e9tica, un cuadro expresivo o un muro narrativo lleno de naturaleza y emoci\u00f3n.<\/p>","protected":false},"excerpt":{"rendered":"<p><strong>Stencil Boy en el campo<\/strong> - A\u00f1ade un toque de evasi\u00f3n a tus creaciones con esta plantilla de evasi\u00f3n instant\u00e1nea, una mezcla de emoci\u00f3n visual e inspiraci\u00f3n campestre.<\/p>","protected":false},"featured_media":23249,"comment_status":"open","ping_status":"closed","template":"","meta":{"bwfblock_default_font":"","_kad_blocks_custom_css":"","_kad_blocks_head_custom_js":"","_kad_blocks_body_custom_js":"","_kad_blocks_footer_custom_js":"","_kadence_starter_templates_imported_post":false,"_kad_post_transparent":"default","_kad_post_title":"","_kad_post_layout":"default","_kad_post_sidebar_id":"","_kad_post_content_style":"default","_kad_post_vertical_padding":"default","_kad_post_feature":"","_kad_post_feature_position":"","_kad_post_header":false,"_kad_post_footer":false,"_kad_post_classname":""},"product_brand":[1415],"product_cat":[1332,481],"product_tag":[1308,825,1064,370,1316,1140],"class_list":{"0":"post-23278","1":"product","2":"type-product","3":"status-publish","4":"has-post-thumbnail","6":"product_brand-mes-pochoirs","7":"product_cat-champs-azur","8":"product_cat-collections","9":"product_tag-champs","10":"product_tag-enfant","11":"product_tag-liberte","12":"product_tag-nature","13":"product_tag-poesie","14":"product_tag-silhouette","16":"first","17":"instock","18":"taxable","19":"shipping-taxable","20":"purchasable","21":"product-type-variable","22":"entry","23":"content-bg","24":"loop-entry"},"taxonomy_info":{"product_brand":[{"value":1415,"label":"Mes Pochoirs"}],"product_cat":[{"value":1332,"label":"Champs d\u2019Azur"},{"value":481,"label":"Collections"}],"product_tag":[{"value":1308,"label":"champs"},{"value":825,"label":"enfant"},{"value":1064,"label":"Libert\u00e9"},{"value":370,"label":"nature"},{"value":1316,"label":"po\u00e9sie"},{"value":1140,"label":"silhouette"}]},"featured_image_src_large":["https:\/\/mes-pochoirs.com\/wp-content\/uploads\/2025\/04\/CAZ002-pochoir-collection-champs-azur-copyright-mes-pochoirs-858x1030.jpg",858,1030,true],"author_info":[],"comment_info":1,"_links":{"self":[{"href":"https:\/\/mes-pochoirs.com\/es\/wp-json\/wp\/v2\/product\/23278","targetHints":{"allow":["GET"]}}],"collection":[{"href":"https:\/\/mes-pochoirs.com\/es\/wp-json\/wp\/v2\/product"}],"about":[{"href":"https:\/\/mes-pochoirs.com\/es\/wp-json\/wp\/v2\/types\/product"}],"replies":[{"embeddable":true,"href":"https:\/\/mes-pochoirs.com\/es\/wp-json\/wp\/v2\/comments?post=23278"}],"wp:featuredmedia":[{"embeddable":true,"href":"https:\/\/mes-pochoirs.com\/es\/wp-json\/wp\/v2\/media\/23249"}],"wp:attachment":[{"href":"https:\/\/mes-pochoirs.com\/es\/wp-json\/wp\/v2\/media?parent=23278"}],"wp:term":[{"taxonomy":"product_brand","embeddable":true,"href":"https:\/\/mes-pochoirs.com\/es\/wp-json\/wp\/v2\/product_brand?post=23278"},{"taxonomy":"product_cat","embeddable":true,"href":"https:\/\/mes-pochoirs.com\/es\/wp-json\/wp\/v2\/product_cat?post=23278"},{"taxonomy":"product_tag","embeddable":true,"href":"https:\/\/mes-pochoirs.com\/es\/wp-json\/wp\/v2\/product_tag?post=23278"}],"curies":[{"name":"wp","href":"https:\/\/api.w.org\/{rel}","templated":true}]}}