{"id":23299,"date":"2025-04-30T16:08:34","date_gmt":"2025-04-30T14:08:34","guid":{"rendered":"https:\/\/mes-pochoirs.com\/?post_type=product&#038;p=23299"},"modified":"2025-10-31T12:36:16","modified_gmt":"2025-10-31T11:36:16","slug":"plantilla-artistica-nino-caz004","status":"publish","type":"product","link":"https:\/\/mes-pochoirs.com\/es\/produit\/pochoir-artistique-enfant-caz004","title":{"rendered":"Plantilla Ni\u00f1a en un prado de colores - CAZ004"},"content":{"rendered":"<h2>Plantilla de arte infantil<\/h2>\n<h3>Una silueta arrastrada por el viento y la libertad<\/h3>\n<p><strong>Plantilla de arte infantil<\/strong> Este modelo sublima el momento en que el viento se convierte en mensajero de la libertad. Vemos a una ni\u00f1a, con el pelo al viento, caminando o corriendo por campos salvajes, llevada por una energ\u00eda fluida y viva. Su silueta, de perfil, parece dialogar con los elementos. El \u00edmpetu del movimiento, la espontaneidad de la actitud y la ligereza de la escena hacen de esta plantilla una oda a la infancia, al v\u00ednculo \u00edntimo con la naturaleza, a los prados como lugares de evasi\u00f3n. El gesto es puro, la emoci\u00f3n palpable: una plantilla portadora de un aliento po\u00e9tico, perfecta para despertar la imaginaci\u00f3n.<\/p>\n<p>Este <strong>Plantilla de arte infantil<\/strong> evoca el movimiento interior tanto como la acci\u00f3n visible. Habla de introspecci\u00f3n, enso\u00f1aci\u00f3n y suave energ\u00eda, y se dirige a quienes desean crear obras en las que la emoci\u00f3n se exprese sin distracciones. Ideal para ilustrar la libertad en movimiento, se convierte en un poderoso veh\u00edculo de expresi\u00f3n personal y evocaci\u00f3n po\u00e9tica.<\/p>\n<h3>L\u00edneas libres y expresivas para obras de arte vibrantes<\/h3>\n<p><strong>Plantilla de arte infantil<\/strong> En t\u00e9rminos gr\u00e1ficos, este modelo es una verdadera invitaci\u00f3n a explorar la pintura gestual, las texturas a\u00e9reas y los contrastes. La silueta es a la vez delicada y din\u00e1mica, rodeada de l\u00edneas afiladas que sugieren el viento, el impulso y la tensi\u00f3n natural de un cuerpo en movimiento. Perfecta para pintar con esp\u00e1tula, tambi\u00e9n se presta a fondos abstractos o composiciones degradadas que acent\u00faen la sensaci\u00f3n de un momento suspendido.<\/p>\n<p>Este <strong>Plantilla de arte infantil<\/strong>Disponible en varios tama\u00f1os y reutilizable, puede integrarse f\u00e1cilmente en cualquier fresco mural, pintura contempor\u00e1nea o proyecto de decoraci\u00f3n de interiores con un aire rural y po\u00e9tico. Puede utilizarse para crear una fuerte narrativa visual basada en la infancia libre, la inspiraci\u00f3n natural y el gesto instintivo. Para artistas y dise\u00f1adores de interiores, se convierte en una herramienta inestimable para expresar la vitalidad de la vida a trav\u00e9s de un estilo puro, expresivo y profundamente sensible.<\/p>","protected":false},"excerpt":{"rendered":"<p><strong>Plantilla de arte infantil<\/strong> Un toque de poes\u00eda para sus paredes, cuadros u obras con esp\u00e1tula, una mezcla de emoci\u00f3n y libertad visual.<\/p>","protected":false},"featured_media":23251,"comment_status":"open","ping_status":"closed","template":"","meta":{"bwfblock_default_font":"","_kad_blocks_custom_css":"","_kad_blocks_head_custom_js":"","_kad_blocks_body_custom_js":"","_kad_blocks_footer_custom_js":"","_kadence_starter_templates_imported_post":false,"_kad_post_transparent":"default","_kad_post_title":"","_kad_post_layout":"default","_kad_post_sidebar_id":"","_kad_post_content_style":"default","_kad_post_vertical_padding":"default","_kad_post_feature":"","_kad_post_feature_position":"","_kad_post_header":false,"_kad_post_footer":false,"_kad_post_classname":""},"product_brand":[1415],"product_cat":[1332,481],"product_tag":[1308,825,1064,370,1316,1140,1310],"class_list":{"0":"post-23299","1":"product","2":"type-product","3":"status-publish","4":"has-post-thumbnail","6":"product_brand-mes-pochoirs","7":"product_cat-champs-azur","8":"product_cat-collections","9":"product_tag-champs","10":"product_tag-enfant","11":"product_tag-liberte","12":"product_tag-nature","13":"product_tag-poesie","14":"product_tag-silhouette","15":"product_tag-vent","17":"first","18":"instock","19":"taxable","20":"shipping-taxable","21":"purchasable","22":"product-type-variable","23":"has-default-attributes","24":"entry","25":"content-bg","26":"loop-entry"},"taxonomy_info":{"product_brand":[{"value":1415,"label":"Mes Pochoirs"}],"product_cat":[{"value":1332,"label":"Champs d\u2019Azur"},{"value":481,"label":"Collections"}],"product_tag":[{"value":1308,"label":"champs"},{"value":825,"label":"enfant"},{"value":1064,"label":"Libert\u00e9"},{"value":370,"label":"nature"},{"value":1316,"label":"po\u00e9sie"},{"value":1140,"label":"silhouette"},{"value":1310,"label":"vent"}]},"featured_image_src_large":["https:\/\/mes-pochoirs.com\/wp-content\/uploads\/2025\/04\/CAZ004-pochoir-collection-champs-azur-copyright-mes-pochoirs-858x1030.jpg",858,1030,true],"author_info":[],"comment_info":0,"_links":{"self":[{"href":"https:\/\/mes-pochoirs.com\/es\/wp-json\/wp\/v2\/product\/23299","targetHints":{"allow":["GET"]}}],"collection":[{"href":"https:\/\/mes-pochoirs.com\/es\/wp-json\/wp\/v2\/product"}],"about":[{"href":"https:\/\/mes-pochoirs.com\/es\/wp-json\/wp\/v2\/types\/product"}],"replies":[{"embeddable":true,"href":"https:\/\/mes-pochoirs.com\/es\/wp-json\/wp\/v2\/comments?post=23299"}],"wp:featuredmedia":[{"embeddable":true,"href":"https:\/\/mes-pochoirs.com\/es\/wp-json\/wp\/v2\/media\/23251"}],"wp:attachment":[{"href":"https:\/\/mes-pochoirs.com\/es\/wp-json\/wp\/v2\/media?parent=23299"}],"wp:term":[{"taxonomy":"product_brand","embeddable":true,"href":"https:\/\/mes-pochoirs.com\/es\/wp-json\/wp\/v2\/product_brand?post=23299"},{"taxonomy":"product_cat","embeddable":true,"href":"https:\/\/mes-pochoirs.com\/es\/wp-json\/wp\/v2\/product_cat?post=23299"},{"taxonomy":"product_tag","embeddable":true,"href":"https:\/\/mes-pochoirs.com\/es\/wp-json\/wp\/v2\/product_tag?post=23299"}],"curies":[{"name":"wp","href":"https:\/\/api.w.org\/{rel}","templated":true}]}}