{"id":23304,"date":"2025-04-30T16:13:41","date_gmt":"2025-04-30T14:13:41","guid":{"rendered":"https:\/\/mes-pochoirs.com\/?post_type=product&#038;p=23304"},"modified":"2025-10-31T12:36:18","modified_gmt":"2025-10-31T11:36:18","slug":"plantilla-chica-en-la-naturaleza-caz005","status":"publish","type":"product","link":"https:\/\/mes-pochoirs.com\/es\/produit\/pochoir-fille-en-nature-caz005","title":{"rendered":"Plantilla Country Dance - CAZ005"},"content":{"rendered":"<h2>Plantilla Ni\u00f1a en la naturaleza<\/h2>\n<h3>Un baile gratuito en el coraz\u00f3n de los campos<\/h3>\n<p><strong>Plantilla Ni\u00f1a en la Naturaleza<\/strong> Esta plantilla encarna el puro \u00edmpetu de la infancia en movimiento. Muestra a una ni\u00f1a con los brazos abiertos, corriendo por el campo, con el pelo y el vestido al viento. Su silueta fluida evoca la libertad absoluta, la alegr\u00eda espont\u00e1nea y una conexi\u00f3n visceral con la naturaleza. Esta escena transmite una sensaci\u00f3n de evasi\u00f3n, de ligereza, como un grito silencioso de entusiasmo a trav\u00e9s de los prados salvajes. Un momento suspendido y vibrante en el que el cuerpo expresa lo que las palabras no pueden: el deseo de vivir la vida en plenitud.<\/p>\n<p>Este <strong>Plantilla Ni\u00f1a en la Naturaleza<\/strong> es para artistas que quieren dar forma a emociones fuertes a trav\u00e9s de una imagen simb\u00f3lica que sea a la vez sensible y universal. Capta la energ\u00eda vital de la infancia libre, transformando cada medio en un patio de recreo po\u00e9tico donde respira la vida.<\/p>\n<h3>Un estilo expresivo para creaciones vibrantes<\/h3>\n<p><strong>Plantilla Ni\u00f1a en la Naturaleza<\/strong> Este modelo es una aut\u00e9ntica herramienta de expresi\u00f3n art\u00edstica. La composici\u00f3n juega con los contrastes entre las l\u00edneas del cuerpo en movimiento y las texturas vegetales del fondo. Los recortes limpios y din\u00e1micos lo hacen ideal para pintar con esp\u00e1tula o para composiciones abstractas que combinan gestos libres y trabajo con materiales.<\/p>\n<p>Reutilizable y disponible en varios tama\u00f1os, el <strong>Plantilla Ni\u00f1a en la Naturaleza<\/strong> est\u00e1 dise\u00f1ado para acompa\u00f1ar tanto murales murales como obras sobre lienzo o muebles. Infunde al instante una atm\u00f3sfera po\u00e9tica, arraigada en la vida, y ofrece a los dise\u00f1adores una s\u00f3lida base gr\u00e1fica para explorar el tema del movimiento, la libertad y la \u00edntima relaci\u00f3n entre los ni\u00f1os y la naturaleza. Una plantilla inspiradora para todos aquellos que quieran hacer vibrar sus creaciones al ritmo del viento.<\/p>","protected":false},"excerpt":{"rendered":"<p>Expresa ligereza y libertad con este<strong> Plantilla Ni\u00f1a en la Naturaleza<\/strong>ideal para tu arte po\u00e9tico callejero y tus murales rurales.<\/p>","protected":false},"featured_media":23252,"comment_status":"open","ping_status":"closed","template":"","meta":{"bwfblock_default_font":"","_kad_blocks_custom_css":"","_kad_blocks_head_custom_js":"","_kad_blocks_body_custom_js":"","_kad_blocks_footer_custom_js":"","_kadence_starter_templates_imported_post":false,"_kad_post_transparent":"default","_kad_post_title":"","_kad_post_layout":"default","_kad_post_sidebar_id":"","_kad_post_content_style":"default","_kad_post_vertical_padding":"default","_kad_post_feature":"","_kad_post_feature_position":"","_kad_post_header":false,"_kad_post_footer":false,"_kad_post_classname":""},"product_brand":[1415],"product_cat":[1332,481],"product_tag":[1308,825,1064,370,1316,1140,1310],"class_list":{"0":"post-23304","1":"product","2":"type-product","3":"status-publish","4":"has-post-thumbnail","6":"product_brand-mes-pochoirs","7":"product_cat-champs-azur","8":"product_cat-collections","9":"product_tag-champs","10":"product_tag-enfant","11":"product_tag-liberte","12":"product_tag-nature","13":"product_tag-poesie","14":"product_tag-silhouette","15":"product_tag-vent","17":"first","18":"instock","19":"taxable","20":"shipping-taxable","21":"purchasable","22":"product-type-variable","23":"entry","24":"content-bg","25":"loop-entry"},"taxonomy_info":{"product_brand":[{"value":1415,"label":"Mes Pochoirs"}],"product_cat":[{"value":1332,"label":"Champs d\u2019Azur"},{"value":481,"label":"Collections"}],"product_tag":[{"value":1308,"label":"champs"},{"value":825,"label":"enfant"},{"value":1064,"label":"Libert\u00e9"},{"value":370,"label":"nature"},{"value":1316,"label":"po\u00e9sie"},{"value":1140,"label":"silhouette"},{"value":1310,"label":"vent"}]},"featured_image_src_large":["https:\/\/mes-pochoirs.com\/wp-content\/uploads\/2025\/04\/CAZ005-pochoir-collection-champs-azur-copyright-mes-pochoirs-858x1030.jpg",858,1030,true],"author_info":[],"comment_info":0,"_links":{"self":[{"href":"https:\/\/mes-pochoirs.com\/es\/wp-json\/wp\/v2\/product\/23304","targetHints":{"allow":["GET"]}}],"collection":[{"href":"https:\/\/mes-pochoirs.com\/es\/wp-json\/wp\/v2\/product"}],"about":[{"href":"https:\/\/mes-pochoirs.com\/es\/wp-json\/wp\/v2\/types\/product"}],"replies":[{"embeddable":true,"href":"https:\/\/mes-pochoirs.com\/es\/wp-json\/wp\/v2\/comments?post=23304"}],"wp:featuredmedia":[{"embeddable":true,"href":"https:\/\/mes-pochoirs.com\/es\/wp-json\/wp\/v2\/media\/23252"}],"wp:attachment":[{"href":"https:\/\/mes-pochoirs.com\/es\/wp-json\/wp\/v2\/media?parent=23304"}],"wp:term":[{"taxonomy":"product_brand","embeddable":true,"href":"https:\/\/mes-pochoirs.com\/es\/wp-json\/wp\/v2\/product_brand?post=23304"},{"taxonomy":"product_cat","embeddable":true,"href":"https:\/\/mes-pochoirs.com\/es\/wp-json\/wp\/v2\/product_cat?post=23304"},{"taxonomy":"product_tag","embeddable":true,"href":"https:\/\/mes-pochoirs.com\/es\/wp-json\/wp\/v2\/product_tag?post=23304"}],"curies":[{"name":"wp","href":"https:\/\/api.w.org\/{rel}","templated":true}]}}