{"id":23334,"date":"2025-04-30T16:26:41","date_gmt":"2025-04-30T14:26:41","guid":{"rendered":"https:\/\/mes-pochoirs.com\/?post_type=product&#038;p=23334"},"modified":"2025-10-31T12:36:22","modified_gmt":"2025-10-31T11:36:22","slug":"plantilla-chica-en-un-campo-caz008","status":"publish","type":"product","link":"https:\/\/mes-pochoirs.com\/es\/produit\/pochoir-jeune-fille-dans-un-champ-caz008","title":{"rendered":"Plantilla Chica en el campo - CAZ008"},"content":{"rendered":"<h2>Stencil chica en un campo<\/h2>\n<h3>Un momento suspendido en el coraz\u00f3n de los prados<\/h3>\n<p><strong>Esta joven Stencil en un campo<\/strong> capta la silueta de una joven sentada en la hierba, con el pelo arrastrado por una suave brisa, en actitud pac\u00edfica y contemplativa. La imagen evoca un momento de descanso en plena naturaleza, un interludio apacible y silencioso en un campo soleado. Con la mirada vuelta hacia el horizonte, esta ni\u00f1a se convierte en el s\u00edmbolo de una conexi\u00f3n \u00edntima con los elementos: el viento, los prados en flor, los discretos movimientos de la vida salvaje. Este modelo nos invita a so\u00f1ar despiertos, a volver a lo esencial, y nos sugiere una narraci\u00f3n silenciosa que cada cual puede hacer suya.<\/p>\n<p>Evoca un poderoso mensaje de dulzura, libertad y armon\u00eda. Al incorporar esta escena a tus dise\u00f1os, insuflar\u00e1s vida po\u00e9tica a tus obras, ya sea en lienzos, muebles o paredes. La presencia de esta figura infantil a\u00f1ade un toque de inocencia y una atm\u00f3sfera serena, perfecta para expresar emociones tiernas o crear un entorno inspirador propicio para la imaginaci\u00f3n.<\/p>\n<h3>Un estilo art\u00edstico que combina delicadeza y crudeza expresiva<\/h3>\n<p>El estilo gr\u00e1fico de este<strong> stencil chica en un campo<\/strong> se caracteriza por un sutil equilibrio entre realismo y sugerencia. Los precisos recortes revelan las texturas de la hierba y los pliegues de la ropa, al tiempo que dejan espacio para la interpretaci\u00f3n personal. Esta plantilla se adapta tanto a la pintura con esp\u00e1tula para obtener efectos abstractos, como a una aplicaci\u00f3n m\u00e1s fina para un acabado delicado. Se integra armoniosamente en composiciones que combinan elementos naturales e inspiraci\u00f3n po\u00e9tica.<\/p>\n<p>Tanto si trabaja en un estilo contempor\u00e1neo como en uno m\u00e1s on\u00edrico, este modelo se convertir\u00e1 en una herramienta inspiradora para explorar nuevos horizontes creativos. Enriquecer\u00e1 sus proyectos con una fuerte dimensi\u00f3n art\u00edstica, al tiempo que resaltar\u00e1 el tema de la naturaleza, los campos y la sencilla belleza de un momento de descanso. Util\u00edcelo para crear escenas expresivas, jugar con los contrastes o experimentar con las texturas en un mundo abstracto.<\/p>","protected":false},"excerpt":{"rendered":"<p><strong>Joven en el campo Plantilla<\/strong> Una silueta libre y so\u00f1adora para realzar tus murales, con su suave emoci\u00f3n y su esp\u00edritu campestre.<\/p>","protected":false},"featured_media":23255,"comment_status":"open","ping_status":"closed","template":"","meta":{"bwfblock_default_font":"","_kad_blocks_custom_css":"","_kad_blocks_head_custom_js":"","_kad_blocks_body_custom_js":"","_kad_blocks_footer_custom_js":"","_kadence_starter_templates_imported_post":false,"_kad_post_transparent":"default","_kad_post_title":"","_kad_post_layout":"default","_kad_post_sidebar_id":"","_kad_post_content_style":"default","_kad_post_vertical_padding":"default","_kad_post_feature":"","_kad_post_feature_position":"","_kad_post_header":false,"_kad_post_footer":false,"_kad_post_classname":""},"product_brand":[1415],"product_cat":[481,1332],"product_tag":[1308,825,1064,370,1316,1140],"class_list":{"0":"post-23334","1":"product","2":"type-product","3":"status-publish","4":"has-post-thumbnail","6":"product_brand-mes-pochoirs","7":"product_cat-collections","8":"product_cat-champs-azur","9":"product_tag-champs","10":"product_tag-enfant","11":"product_tag-liberte","12":"product_tag-nature","13":"product_tag-poesie","14":"product_tag-silhouette","16":"first","17":"instock","18":"taxable","19":"shipping-taxable","20":"purchasable","21":"product-type-variable","22":"entry","23":"content-bg","24":"loop-entry"},"taxonomy_info":{"product_brand":[{"value":1415,"label":"Mes Pochoirs"}],"product_cat":[{"value":481,"label":"Collections"},{"value":1332,"label":"Champs d\u2019Azur"}],"product_tag":[{"value":1308,"label":"champs"},{"value":825,"label":"enfant"},{"value":1064,"label":"Libert\u00e9"},{"value":370,"label":"nature"},{"value":1316,"label":"po\u00e9sie"},{"value":1140,"label":"silhouette"}]},"featured_image_src_large":["https:\/\/mes-pochoirs.com\/wp-content\/uploads\/2025\/04\/CAZ008-pochoir-collection-champs-azur-copyright-mes-pochoirs-858x1030.jpg",858,1030,true],"author_info":[],"comment_info":0,"_links":{"self":[{"href":"https:\/\/mes-pochoirs.com\/es\/wp-json\/wp\/v2\/product\/23334","targetHints":{"allow":["GET"]}}],"collection":[{"href":"https:\/\/mes-pochoirs.com\/es\/wp-json\/wp\/v2\/product"}],"about":[{"href":"https:\/\/mes-pochoirs.com\/es\/wp-json\/wp\/v2\/types\/product"}],"replies":[{"embeddable":true,"href":"https:\/\/mes-pochoirs.com\/es\/wp-json\/wp\/v2\/comments?post=23334"}],"wp:featuredmedia":[{"embeddable":true,"href":"https:\/\/mes-pochoirs.com\/es\/wp-json\/wp\/v2\/media\/23255"}],"wp:attachment":[{"href":"https:\/\/mes-pochoirs.com\/es\/wp-json\/wp\/v2\/media?parent=23334"}],"wp:term":[{"taxonomy":"product_brand","embeddable":true,"href":"https:\/\/mes-pochoirs.com\/es\/wp-json\/wp\/v2\/product_brand?post=23334"},{"taxonomy":"product_cat","embeddable":true,"href":"https:\/\/mes-pochoirs.com\/es\/wp-json\/wp\/v2\/product_cat?post=23334"},{"taxonomy":"product_tag","embeddable":true,"href":"https:\/\/mes-pochoirs.com\/es\/wp-json\/wp\/v2\/product_tag?post=23334"}],"curies":[{"name":"wp","href":"https:\/\/api.w.org\/{rel}","templated":true}]}}