{"id":23360,"date":"2025-04-30T16:41:21","date_gmt":"2025-04-30T14:41:21","guid":{"rendered":"https:\/\/mes-pochoirs.com\/?post_type=product&#038;p=23360"},"modified":"2025-10-31T12:36:24","modified_gmt":"2025-10-31T11:36:24","slug":"stencil-camino-de-los-ninos-caz011","status":"publish","type":"product","link":"https:\/\/mes-pochoirs.com\/es\/produit\/pochoir-chemin-denfance-caz011","title":{"rendered":"Plantilla Camino de la Infancia - CAZ011"},"content":{"rendered":"<h2>plantilla camino de la infancia<\/h2>\n<h3>Un paseo gratuito en plena naturaleza<\/h3>\n<p><strong>Stencil camino de la infancia<\/strong> Este dise\u00f1o representa a una ni\u00f1a en movimiento, capturada en un momento de calma y libertad, movi\u00e9ndose serenamente por campos y praderas. Su silueta esbelta y ligera evoca un suave paseo, marcado por el viento, la luz y el silencio de los amplios espacios abiertos. Esta plantilla transmite la belleza sencilla de un momento de evasi\u00f3n, entre la contemplaci\u00f3n y el movimiento interior. Simboliza la infancia m\u00e1s sincera: una presencia fr\u00e1gil pero segura, una energ\u00eda suave en armon\u00eda con la naturaleza.<\/p>\n<p>Le <strong>Stencil camino de la infancia<\/strong> es un homenaje a esos recuerdos despreocupados, a esos preciosos momentos en los que avanzamos guiados por la curiosidad, los sue\u00f1os y la sensaci\u00f3n de libertad. Proporciona a los artistas un escenario evocador y atemporal, ideal para captar la emoci\u00f3n de caminar, pasar y evolucionar.<\/p>\n<h3>Una herramienta gr\u00e1fica con un estilo refinado y expresivo<\/h3>\n<p><strong>Stencil camino de la infancia<\/strong> Dise\u00f1ada para artistas que buscan una narrativa visual, esta plantilla le conquistar\u00e1 por su composici\u00f3n clara y sus l\u00edneas fluidas. La silueta del ni\u00f1o se dibuja con precisi\u00f3n y minimalismo, dejando espacio a la interpretaci\u00f3n personal en funci\u00f3n de las t\u00e9cnicas utilizadas. Este modelo es especialmente adecuado para fondos abstractos y texturas trabajadas, sobre todo con esp\u00e1tulas, para dar relieve y car\u00e1cter a la escena.<\/p>\n<p>Reutilizable y disponible en varios tama\u00f1os, el <strong>Stencil camino de la infancia<\/strong> se presta por igual a murales a gran escala y a obras m\u00e1s \u00edntimas. Se integra perfectamente en mundos po\u00e9ticos, naturales y sensibles, a\u00f1adiendo una fuerte dimensi\u00f3n narrativa. Ya sea para un cuadro, una pared o un objeto decorativo, se convierte en una poderosa herramienta de expresi\u00f3n al servicio de la libertad creativa y la memoria sensible.<\/p>","protected":false},"excerpt":{"rendered":"<p>A\u00f1ade un toque de infancia y poes\u00eda a tus creaciones con este <strong>Plantilla Chemin d'Enfance<\/strong>perfecto para sus obras art\u00edsticas en plena naturaleza.<\/p>","protected":false},"featured_media":23258,"comment_status":"open","ping_status":"closed","template":"","meta":{"bwfblock_default_font":"","_kad_blocks_custom_css":"","_kad_blocks_head_custom_js":"","_kad_blocks_body_custom_js":"","_kad_blocks_footer_custom_js":"","_kadence_starter_templates_imported_post":false,"_kad_post_transparent":"default","_kad_post_title":"","_kad_post_layout":"default","_kad_post_sidebar_id":"","_kad_post_content_style":"default","_kad_post_vertical_padding":"default","_kad_post_feature":"","_kad_post_feature_position":"","_kad_post_header":false,"_kad_post_footer":false,"_kad_post_classname":""},"product_brand":[1415],"product_cat":[1332,481],"product_tag":[1335,1308,825,1064,370,1316,1334,1140],"class_list":{"0":"post-23360","1":"product","2":"type-product","3":"status-publish","4":"has-post-thumbnail","6":"product_brand-mes-pochoirs","7":"product_cat-champs-azur","8":"product_cat-collections","9":"product_tag-balade","10":"product_tag-champs","11":"product_tag-enfant","12":"product_tag-liberte","13":"product_tag-nature","14":"product_tag-poesie","15":"product_tag-promenade","16":"product_tag-silhouette","18":"first","19":"instock","20":"taxable","21":"shipping-taxable","22":"purchasable","23":"product-type-variable","24":"entry","25":"content-bg","26":"loop-entry"},"taxonomy_info":{"product_brand":[{"value":1415,"label":"Mes Pochoirs"}],"product_cat":[{"value":1332,"label":"Champs d\u2019Azur"},{"value":481,"label":"Collections"}],"product_tag":[{"value":1335,"label":"balade"},{"value":1308,"label":"champs"},{"value":825,"label":"enfant"},{"value":1064,"label":"Libert\u00e9"},{"value":370,"label":"nature"},{"value":1316,"label":"po\u00e9sie"},{"value":1334,"label":"promenade"},{"value":1140,"label":"silhouette"}]},"featured_image_src_large":["https:\/\/mes-pochoirs.com\/wp-content\/uploads\/2025\/04\/CAZ011-pochoir-collection-champs-azur-copyright-mes-pochoirs-858x1030.jpg",858,1030,true],"author_info":[],"comment_info":0,"_links":{"self":[{"href":"https:\/\/mes-pochoirs.com\/es\/wp-json\/wp\/v2\/product\/23360","targetHints":{"allow":["GET"]}}],"collection":[{"href":"https:\/\/mes-pochoirs.com\/es\/wp-json\/wp\/v2\/product"}],"about":[{"href":"https:\/\/mes-pochoirs.com\/es\/wp-json\/wp\/v2\/types\/product"}],"replies":[{"embeddable":true,"href":"https:\/\/mes-pochoirs.com\/es\/wp-json\/wp\/v2\/comments?post=23360"}],"wp:featuredmedia":[{"embeddable":true,"href":"https:\/\/mes-pochoirs.com\/es\/wp-json\/wp\/v2\/media\/23258"}],"wp:attachment":[{"href":"https:\/\/mes-pochoirs.com\/es\/wp-json\/wp\/v2\/media?parent=23360"}],"wp:term":[{"taxonomy":"product_brand","embeddable":true,"href":"https:\/\/mes-pochoirs.com\/es\/wp-json\/wp\/v2\/product_brand?post=23360"},{"taxonomy":"product_cat","embeddable":true,"href":"https:\/\/mes-pochoirs.com\/es\/wp-json\/wp\/v2\/product_cat?post=23360"},{"taxonomy":"product_tag","embeddable":true,"href":"https:\/\/mes-pochoirs.com\/es\/wp-json\/wp\/v2\/product_tag?post=23360"}],"curies":[{"name":"wp","href":"https:\/\/api.w.org\/{rel}","templated":true}]}}