{"id":23483,"date":"2025-04-30T09:28:47","date_gmt":"2025-04-30T07:28:47","guid":{"rendered":"https:\/\/mes-pochoirs.com\/?post_type=product&#038;p=23483"},"modified":"2025-10-31T12:36:31","modified_gmt":"2025-10-31T11:36:31","slug":"silueta-en-el-viento-stencil-cz016","status":"publish","type":"product","link":"https:\/\/mes-pochoirs.com\/es\/produit\/pochoir-silhouette-au-vent-cz016","title":{"rendered":"Plantilla Silueta en el viento - CAZ016"},"content":{"rendered":"<h2>silueta al viento plantilla<\/h2>\n<h3>Una expresi\u00f3n de libertad e introspecci\u00f3n<\/h3>\n<p><strong>Plantilla Silueta en el viento<\/strong> Este modelo presenta una figura infantil o joven, con la cabeza ligeramente inclinada hacia atr\u00e1s y el pelo al viento en un movimiento amplio y fluido. La silueta destaca delicadamente sobre un fondo vegetal que evoca prados, campos y armon\u00eda con la naturaleza. El resultado es una sensaci\u00f3n de profunda calma, de dejarse llevar, de total libertad interior. Esta plantilla habla de emoci\u00f3n contenida, de infancia contemplativa y de respiraci\u00f3n vital: un momento verdaderamente suspendido, al borde de un sue\u00f1o.<\/p>\n<p>Con sus gestos sencillos pero potentes, el <strong>Plantilla Silueta en el viento<\/strong> encarna los temas fuertes de la colecci\u00f3n: la poes\u00eda del instante, la escucha del mundo y el sutil v\u00ednculo entre cuerpo, paisaje y sentimiento. Es un motivo que nos invita a detenernos, a reflexionar y a crear obras impregnadas de delicadeza y profundidad emocional.<\/p>\n<h3>Una est\u00e9tica gr\u00e1fica fluida y abstracta<\/h3>\n<p><strong>Plantilla Silueta en el viento<\/strong> Dise\u00f1ado para artistas que buscan l\u00edneas expresivas y dinamismo visual, este modelo juega con los contrastes entre el movimiento del cabello, las texturas naturales y la pureza del perfil. Se presta idealmente a t\u00e9cnicas como la pintura con esp\u00e1tula, a fondos abstractos o a composiciones refinadas que juegan con los llenos y los vac\u00edos.<\/p>\n<p>Este <strong>plantilla reutilizable<\/strong>disponible en varios tama\u00f1os, es perfecto para murales de pared, pizarras de ambiente po\u00e9tico o creaciones decorativas con un fuerte impacto emocional. Visite <strong>Plantilla Silueta en el viento<\/strong> ofrece una gran libertad de interpretaci\u00f3n: puede encarnar el impulso de un ni\u00f1o, la voz del viento o el murmullo de la naturaleza. Es una herramienta de expresi\u00f3n sensible, pensada para creadores que desean transmitir una energ\u00eda sutil y profundamente humana.<\/p>","protected":false},"excerpt":{"rendered":"<p>Cree un entorno sensible y aireado con este <strong>Plantilla Silueta en el viento<\/strong>ideal para pinturas abstractas y frescos inspirados en la infancia.<\/p>","protected":false},"featured_media":23263,"comment_status":"open","ping_status":"closed","template":"","meta":{"bwfblock_default_font":"","_kad_blocks_custom_css":"","_kad_blocks_head_custom_js":"","_kad_blocks_body_custom_js":"","_kad_blocks_footer_custom_js":"","_kadence_starter_templates_imported_post":false,"_kad_post_transparent":"default","_kad_post_title":"","_kad_post_layout":"default","_kad_post_sidebar_id":"","_kad_post_content_style":"default","_kad_post_vertical_padding":"default","_kad_post_feature":"","_kad_post_feature_position":"","_kad_post_header":false,"_kad_post_footer":false,"_kad_post_classname":""},"product_brand":[1415],"product_cat":[1332,481,36],"product_tag":[1308,825,528,1012,562,1064,370,1316,390,1140,1310],"class_list":{"0":"post-23483","1":"product","2":"type-product","3":"status-publish","4":"has-post-thumbnail","6":"product_brand-mes-pochoirs","7":"product_cat-champs-azur","8":"product_cat-collections","9":"product_cat-pochoirs-portraits-visages","10":"product_tag-champs","11":"product_tag-enfant","12":"product_tag-fille","13":"product_tag-fillette","14":"product_tag-jeune-fille","15":"product_tag-liberte","16":"product_tag-nature","17":"product_tag-poesie","18":"product_tag-portrait","19":"product_tag-silhouette","20":"product_tag-vent","22":"first","23":"instock","24":"taxable","25":"shipping-taxable","26":"purchasable","27":"product-type-variable","28":"has-default-attributes","29":"entry","30":"content-bg","31":"loop-entry"},"taxonomy_info":{"product_brand":[{"value":1415,"label":"Mes Pochoirs"}],"product_cat":[{"value":1332,"label":"Champs d\u2019Azur"},{"value":481,"label":"Collections"},{"value":36,"label":"Portraits &amp; Visages"}],"product_tag":[{"value":1308,"label":"champs"},{"value":825,"label":"enfant"},{"value":528,"label":"fille"},{"value":1012,"label":"fillette"},{"value":562,"label":"jeune fille"},{"value":1064,"label":"Libert\u00e9"},{"value":370,"label":"nature"},{"value":1316,"label":"po\u00e9sie"},{"value":390,"label":"portrait"},{"value":1140,"label":"silhouette"},{"value":1310,"label":"vent"}]},"featured_image_src_large":["https:\/\/mes-pochoirs.com\/wp-content\/uploads\/2025\/04\/CAZ016-pochoir-collection-champs-azur-copyright-mes-pochoirs-858x1030.jpg",858,1030,true],"author_info":[],"comment_info":0,"_links":{"self":[{"href":"https:\/\/mes-pochoirs.com\/es\/wp-json\/wp\/v2\/product\/23483","targetHints":{"allow":["GET"]}}],"collection":[{"href":"https:\/\/mes-pochoirs.com\/es\/wp-json\/wp\/v2\/product"}],"about":[{"href":"https:\/\/mes-pochoirs.com\/es\/wp-json\/wp\/v2\/types\/product"}],"replies":[{"embeddable":true,"href":"https:\/\/mes-pochoirs.com\/es\/wp-json\/wp\/v2\/comments?post=23483"}],"wp:featuredmedia":[{"embeddable":true,"href":"https:\/\/mes-pochoirs.com\/es\/wp-json\/wp\/v2\/media\/23263"}],"wp:attachment":[{"href":"https:\/\/mes-pochoirs.com\/es\/wp-json\/wp\/v2\/media?parent=23483"}],"wp:term":[{"taxonomy":"product_brand","embeddable":true,"href":"https:\/\/mes-pochoirs.com\/es\/wp-json\/wp\/v2\/product_brand?post=23483"},{"taxonomy":"product_cat","embeddable":true,"href":"https:\/\/mes-pochoirs.com\/es\/wp-json\/wp\/v2\/product_cat?post=23483"},{"taxonomy":"product_tag","embeddable":true,"href":"https:\/\/mes-pochoirs.com\/es\/wp-json\/wp\/v2\/product_tag?post=23483"}],"curies":[{"name":"wp","href":"https:\/\/api.w.org\/{rel}","templated":true}]}}