{"id":23757,"date":"2025-05-07T16:10:35","date_gmt":"2025-05-07T14:10:35","guid":{"rendered":"https:\/\/mes-pochoirs.com\/?post_type=product&#038;p=23757"},"modified":"2025-10-31T12:36:37","modified_gmt":"2025-10-31T11:36:37","slug":"plantilla-luna-vegetal-s0026","status":"publish","type":"product","link":"https:\/\/mes-pochoirs.com\/es\/produit\/pochoir-lune-vegetale-s0026","title":{"rendered":"Plantilla Plant Moon - S0026"},"content":{"rendered":"<h2>Plantilla Plant Moon<\/h2>\n<h3>Un s\u00edmbolo po\u00e9tico para creaciones llenas de significado<\/h3>\n<p><strong>Plantilla Plant Moon<\/strong>es mucho m\u00e1s que un simple instrumento de pintura: es una invitaci\u00f3n a expresar toda la poes\u00eda de la luna combinada con la riqueza de las plantas. Esta luna creciente de elegante dise\u00f1o, adornada con follaje estilizado, evoca una naturaleza viva y vibrante en perpetua transformaci\u00f3n. Desprende una misteriosa suavidad, perfecta para simbolizar ciclos, renacimientos o sue\u00f1os nocturnos.<\/p>\n<p>Ideal para quienes deseen a\u00f1adir una luna decorativa a sus cuadros, paredes o muebles, este motivo sugiere una luna natural y floreciente, entre la tierra y el cielo. Habla de intuici\u00f3n, de v\u00ednculo con la obra de los vivos, y a\u00f1ade un toque de sensibilidad vegetal a cada creaci\u00f3n. A trav\u00e9s de esta plantilla, el artista puede liberar una fuerza silenciosa pero expresiva, casi espiritual.<\/p>\n<h3>Un estilo floral, org\u00e1nico e inspirador para artistas en busca de libertad<\/h3>\n<p><strong>Plantilla Plant Moon<\/strong>Pero tambi\u00e9n es un objeto de arte por derecho propio, inspirado en un estilo a la vez floral y gr\u00e1fico, donde cada curva y cada hoja aportan movimiento y armon\u00eda. Las delicadas volutas, el juego de follajes y las finas l\u00edneas hacen de \u00e9l un motivo profundamente art\u00edstico, dise\u00f1ado para adaptarse a una amplia gama de soportes y t\u00e9cnicas pict\u00f3ricas.<\/p>\n<p>Gracias a su calidad profesional, esta plantilla reutilizable y reversible es perfecta para expresar una luna art\u00edstica en composiciones murales o sobre lienzo. Disponible en varios tama\u00f1os, le permitir\u00e1 dar su toque personal a una escena on\u00edrica o decorativa. Se convertir\u00e1 r\u00e1pidamente en un elemento indispensable en su estudio, dando vida a sus ideas m\u00e1s sensibles, org\u00e1nicas o simb\u00f3licas. D\u00e9jese inspirar por esta luna en flor y d\u00e9 a su arte una nueva profundidad, entre naturaleza e imaginaci\u00f3n.<\/p>","protected":false},"excerpt":{"rendered":"<p><strong>Plantilla Plant Moon<\/strong> inspirador, reutilizable, perfecto para crear una obra de arte \u00fanica, en pintura o en pizarra.<\/p>","protected":false},"featured_media":23791,"comment_status":"open","ping_status":"closed","template":"","meta":{"bwfblock_default_font":"","_kad_blocks_custom_css":"","_kad_blocks_head_custom_js":"","_kad_blocks_body_custom_js":"","_kad_blocks_footer_custom_js":"","_kadence_starter_templates_imported_post":false,"_kad_post_transparent":"default","_kad_post_title":"","_kad_post_layout":"default","_kad_post_sidebar_id":"","_kad_post_content_style":"default","_kad_post_vertical_padding":"default","_kad_post_feature":"","_kad_post_feature_position":"","_kad_post_header":false,"_kad_post_footer":false,"_kad_post_classname":""},"product_brand":[1415],"product_cat":[315],"product_tag":[1338,790,648,1336,1342,1339,1340,1341,370,1337],"class_list":{"0":"post-23757","1":"product","2":"type-product","3":"status-publish","4":"has-post-thumbnail","6":"product_brand-mes-pochoirs","7":"product_cat-pochoirs-symboles","8":"product_tag-croissant-de-lune","9":"product_tag-feuillage","10":"product_tag-floral","11":"product_tag-lune","12":"product_tag-lune-artistique","13":"product_tag-lune-decorative","14":"product_tag-lune-fleurie","15":"product_tag-lune-nature","16":"product_tag-nature","17":"product_tag-vegetal","19":"first","20":"instock","21":"taxable","22":"shipping-taxable","23":"purchasable","24":"product-type-variable","25":"has-default-attributes","26":"entry","27":"content-bg","28":"loop-entry"},"taxonomy_info":{"product_brand":[{"value":1415,"label":"Mes Pochoirs"}],"product_cat":[{"value":315,"label":"Symboles"}],"product_tag":[{"value":1338,"label":"croissant de lune"},{"value":790,"label":"feuillage"},{"value":648,"label":"floral"},{"value":1336,"label":"lune"},{"value":1342,"label":"lune artistique"},{"value":1339,"label":"lune d\u00e9corative"},{"value":1340,"label":"lune fleurie"},{"value":1341,"label":"lune nature"},{"value":370,"label":"nature"},{"value":1337,"label":"v\u00e9g\u00e9tal"}]},"featured_image_src_large":["https:\/\/mes-pochoirs.com\/wp-content\/uploads\/2025\/05\/S0026-pochoir-lune-vegetale-copyright-mes-pochoirs-858x1030.jpg",858,1030,true],"author_info":[],"comment_info":0,"_links":{"self":[{"href":"https:\/\/mes-pochoirs.com\/es\/wp-json\/wp\/v2\/product\/23757","targetHints":{"allow":["GET"]}}],"collection":[{"href":"https:\/\/mes-pochoirs.com\/es\/wp-json\/wp\/v2\/product"}],"about":[{"href":"https:\/\/mes-pochoirs.com\/es\/wp-json\/wp\/v2\/types\/product"}],"replies":[{"embeddable":true,"href":"https:\/\/mes-pochoirs.com\/es\/wp-json\/wp\/v2\/comments?post=23757"}],"wp:featuredmedia":[{"embeddable":true,"href":"https:\/\/mes-pochoirs.com\/es\/wp-json\/wp\/v2\/media\/23791"}],"wp:attachment":[{"href":"https:\/\/mes-pochoirs.com\/es\/wp-json\/wp\/v2\/media?parent=23757"}],"wp:term":[{"taxonomy":"product_brand","embeddable":true,"href":"https:\/\/mes-pochoirs.com\/es\/wp-json\/wp\/v2\/product_brand?post=23757"},{"taxonomy":"product_cat","embeddable":true,"href":"https:\/\/mes-pochoirs.com\/es\/wp-json\/wp\/v2\/product_cat?post=23757"},{"taxonomy":"product_tag","embeddable":true,"href":"https:\/\/mes-pochoirs.com\/es\/wp-json\/wp\/v2\/product_tag?post=23757"}],"curies":[{"name":"wp","href":"https:\/\/api.w.org\/{rel}","templated":true}]}}