{"id":23767,"date":"2025-05-07T16:32:52","date_gmt":"2025-05-07T14:32:52","guid":{"rendered":"https:\/\/mes-pochoirs.com\/?post_type=product&#038;p=23767"},"modified":"2025-10-31T12:36:39","modified_gmt":"2025-10-31T11:36:39","slug":"plantilla-luna-tribal-s0027","status":"publish","type":"product","link":"https:\/\/mes-pochoirs.com\/es\/produit\/pochoir-lune-tribale-s0027","title":{"rendered":"Plantilla Tribal Moon - S0027"},"content":{"rendered":"<h2>Plantilla Tribal Moon<\/h2>\n<h3>Un s\u00edmbolo poderoso, entre misticismo y ra\u00edces<\/h3>\n<p><strong>Plantilla Tribal Moon<\/strong>es mucho m\u00e1s que un simple motivo: es una aut\u00e9ntica luna creciente imbuida de una herencia tribal, portadora de una energ\u00eda ancestral y universal. Su forma, llena de movimiento y pr\u00f3xima a un c\u00edrculo sagrado, evoca la luna decorativa como un talism\u00e1n, un poderoso marcador celeste. Esta plantilla encarna una luna tribal enraizada en la naturaleza, s\u00edmbolo de transformaci\u00f3n, protecci\u00f3n y fuerza interior.<\/p>\n<p>Concebido como un v\u00ednculo entre lo art\u00edstico y lo espiritual, Pochoir Lune Tribale permite a los artistas expresar una fuerte identidad, hacer vibrar sus creaciones con l\u00edneas que cuentan una historia. Es una herramienta inspiradora para crear una obra expresiva, una luna art\u00edstica llena de car\u00e1cter, con un estilo asertivo que atrae.<\/p>\n<h3>Un estilo gr\u00e1fico potente, con influencias org\u00e1nicas y tribales<\/h3>\n<p><strong>Plantilla Tribal Moon<\/strong>Es una atrevida mezcla de formas florales estilizadas, espirales din\u00e1micas y curvas gr\u00e1ficas, que recuerdan a los tatuajes tradicionales o a los motivos rituales de las culturas primitivas. Cada detalle parece dialogar con el gesto del pintor, creando un ritmo visual sorprendente. Este motivo tribal, a la vez fluido y estructurado, a\u00f1ade una verdadera dimensi\u00f3n art\u00edstica a sus composiciones.<\/p>\n<p>Dise\u00f1ada para adaptarse a una gran variedad de superficies -pinturas, paredes, lienzos, objetos decorativos-, esta plantilla reutilizable y reversible, disponible en varios tama\u00f1os, ser\u00e1 una compa\u00f1era duradera en su pr\u00e1ctica. Tanto si pinta un fondo abstracto, una luna de la naturaleza o a\u00f1ade un toque simb\u00f3lico a una escena, es una herramienta creativa \u00fanica que combina la est\u00e9tica en bruto con el refinamiento decorativo.<\/p>","protected":false},"excerpt":{"rendered":"<p><strong data-start=\"978\" data-end=\"1002\">Plantilla Tribal Moon<\/strong> Reutilizables para artistas: ideales para pintura decorativa, murales o cuadros, en varios tama\u00f1os.<\/p>","protected":false},"featured_media":23792,"comment_status":"open","ping_status":"closed","template":"","meta":{"bwfblock_default_font":"","_kad_blocks_custom_css":"","_kad_blocks_head_custom_js":"","_kad_blocks_body_custom_js":"","_kad_blocks_footer_custom_js":"","_kadence_starter_templates_imported_post":false,"_kad_post_transparent":"default","_kad_post_title":"","_kad_post_layout":"default","_kad_post_sidebar_id":"","_kad_post_content_style":"default","_kad_post_vertical_padding":"default","_kad_post_feature":"","_kad_post_feature_position":"","_kad_post_header":false,"_kad_post_footer":false,"_kad_post_classname":""},"product_brand":[1415],"product_cat":[315],"product_tag":[1338,1336,1342,1339,1179],"class_list":{"0":"post-23767","1":"product","2":"type-product","3":"status-publish","4":"has-post-thumbnail","6":"product_brand-mes-pochoirs","7":"product_cat-pochoirs-symboles","8":"product_tag-croissant-de-lune","9":"product_tag-lune","10":"product_tag-lune-artistique","11":"product_tag-lune-decorative","12":"product_tag-tribal","14":"first","15":"instock","16":"taxable","17":"shipping-taxable","18":"purchasable","19":"product-type-variable","20":"has-default-attributes","21":"entry","22":"content-bg","23":"loop-entry"},"taxonomy_info":{"product_brand":[{"value":1415,"label":"Mes Pochoirs"}],"product_cat":[{"value":315,"label":"Symboles"}],"product_tag":[{"value":1338,"label":"croissant de lune"},{"value":1336,"label":"lune"},{"value":1342,"label":"lune artistique"},{"value":1339,"label":"lune d\u00e9corative"},{"value":1179,"label":"tribal"}]},"featured_image_src_large":["https:\/\/mes-pochoirs.com\/wp-content\/uploads\/2025\/05\/S0027-pochoir-lune-tribale-copyright-mes-pochoirs-858x1030.jpg",858,1030,true],"author_info":[],"comment_info":0,"_links":{"self":[{"href":"https:\/\/mes-pochoirs.com\/es\/wp-json\/wp\/v2\/product\/23767","targetHints":{"allow":["GET"]}}],"collection":[{"href":"https:\/\/mes-pochoirs.com\/es\/wp-json\/wp\/v2\/product"}],"about":[{"href":"https:\/\/mes-pochoirs.com\/es\/wp-json\/wp\/v2\/types\/product"}],"replies":[{"embeddable":true,"href":"https:\/\/mes-pochoirs.com\/es\/wp-json\/wp\/v2\/comments?post=23767"}],"wp:featuredmedia":[{"embeddable":true,"href":"https:\/\/mes-pochoirs.com\/es\/wp-json\/wp\/v2\/media\/23792"}],"wp:attachment":[{"href":"https:\/\/mes-pochoirs.com\/es\/wp-json\/wp\/v2\/media?parent=23767"}],"wp:term":[{"taxonomy":"product_brand","embeddable":true,"href":"https:\/\/mes-pochoirs.com\/es\/wp-json\/wp\/v2\/product_brand?post=23767"},{"taxonomy":"product_cat","embeddable":true,"href":"https:\/\/mes-pochoirs.com\/es\/wp-json\/wp\/v2\/product_cat?post=23767"},{"taxonomy":"product_tag","embeddable":true,"href":"https:\/\/mes-pochoirs.com\/es\/wp-json\/wp\/v2\/product_tag?post=23767"}],"curies":[{"name":"wp","href":"https:\/\/api.w.org\/{rel}","templated":true}]}}