{"id":23846,"date":"2025-05-07T16:30:17","date_gmt":"2025-05-07T14:30:17","guid":{"rendered":"https:\/\/mes-pochoirs.com\/?post_type=product&#038;p=23846"},"modified":"2025-10-31T12:37:26","modified_gmt":"2025-10-31T11:37:26","slug":"plantilla-mascara-tribal-as0007","status":"publish","type":"product","link":"https:\/\/mes-pochoirs.com\/es\/produit\/pochoir-masque-tribal-as0007","title":{"rendered":"M\u00e1scara tribal - AS0007"},"content":{"rendered":"<h2>M\u00e1scara tribal<\/h2>\n<h3>un rostro simb\u00f3lico lleno de significado<\/h3>\n<p><strong>M\u00e1scara tribal<\/strong>Este modelo gr\u00e1fico evoca un poderoso rostro ritual, con una est\u00e9tica profundamente inspirada en las tradiciones balinesas y \u00e9tnicas. Esta m\u00e1scara estilizada, de ojos hundidos y rasgos pronunciados, parece salida directamente de un teatro sagrado o de un festival ceremonial. Encarna la transformaci\u00f3n, el disfraz y la expresi\u00f3n de una identidad diferente, la que se pone para una representaci\u00f3n, un ritual o una escena de carnaval. La m\u00e1scara no es simplemente decorativa: capta la imaginaci\u00f3n. Habla de historia, cultura y espiritualidad. Se convierte en una herramienta expresiva para representar la fuerza de un pueblo, un momento suspendido, una celebraci\u00f3n viva. Es la elecci\u00f3n ideal para los artistas que desean anclar su obra en una dimensi\u00f3n simb\u00f3lica y poderosa.<\/p>\n<h3>un estilo gr\u00e1fico tribal fuerte y universal<\/h3>\n<p><strong>M\u00e1scara tribal<\/strong>El dise\u00f1o es a la vez crudo y armonioso, con formas org\u00e1nicas y sim\u00e9tricas que dan al conjunto un aspecto casi escult\u00f3rico. Inspirado en el arte tribal balin\u00e9s, destaca por su legibilidad y potencia visual. Perfectamente equilibrada, es ideal para todo tipo de creaciones art\u00edsticas: pinturas, murales, escenograf\u00edas, decoraciones festivas o proyectos de teatro visual. Esta plantilla es reutilizable, reversible y est\u00e1 disponible en varios tama\u00f1os para sus proyectos m\u00e1s ambiciosos. Ser\u00e1 del agrado de pintores, decoradores y cualquiera que busque un motivo inspirador que d\u00e9 vida a un lienzo o a una pared. Con ella, cada creaci\u00f3n se convierte en una invocaci\u00f3n visual, una voz silenciosa de Bali o de cualquier otro lugar que habla al coraz\u00f3n tanto como a los ojos.<\/p>","protected":false},"excerpt":{"rendered":"<p><strong>M\u00e1scara tribal<\/strong> ideal para una obra de arte original. Reutilizable, reversible, varios tama\u00f1os. Perfecto para artistas de la pintura.<\/p>","protected":false},"featured_media":23877,"comment_status":"open","ping_status":"closed","template":"","meta":{"bwfblock_default_font":"","_kad_blocks_custom_css":"","_kad_blocks_head_custom_js":"","_kad_blocks_body_custom_js":"","_kad_blocks_footer_custom_js":"","_kadence_starter_templates_imported_post":false,"_kad_post_transparent":"default","_kad_post_title":"","_kad_post_layout":"default","_kad_post_sidebar_id":"","_kad_post_content_style":"default","_kad_post_vertical_padding":"default","_kad_post_feature":"","_kad_post_feature_position":"","_kad_post_header":false,"_kad_post_footer":false,"_kad_post_classname":""},"product_brand":[1415],"product_cat":[1349,1158],"product_tag":[1357,1356,1350,1354,1172,681,1352,1167,1355,1179,338],"class_list":{"0":"post-23846","1":"product","2":"type-product","3":"status-publish","4":"has-post-thumbnail","6":"product_brand-mes-pochoirs","7":"product_cat-theatre-cinema","8":"product_cat-pochoirs-arts-du-spectacle","9":"product_tag-bali","10":"product_tag-balinais","11":"product_tag-carnaval","12":"product_tag-deguisement","13":"product_tag-ethnique","14":"product_tag-fete","15":"product_tag-masque","16":"product_tag-spectacle","17":"product_tag-theatre","18":"product_tag-tribal","19":"product_tag-visage","21":"first","22":"instock","23":"taxable","24":"shipping-taxable","25":"purchasable","26":"product-type-variable","27":"has-default-attributes","28":"entry","29":"content-bg","30":"loop-entry"},"taxonomy_info":{"product_brand":[{"value":1415,"label":"Mes Pochoirs"}],"product_cat":[{"value":1349,"label":"Th\u00e9\u00e2tre &amp; Cin\u00e9ma"},{"value":1158,"label":"Arts du Spectacle"}],"product_tag":[{"value":1357,"label":"bali"},{"value":1356,"label":"balinais"},{"value":1350,"label":"carnaval"},{"value":1354,"label":"d\u00e9guisement"},{"value":1172,"label":"ethnique"},{"value":681,"label":"f\u00eate"},{"value":1352,"label":"masque"},{"value":1167,"label":"Spectacle"},{"value":1355,"label":"th\u00e9\u00e2tre"},{"value":1179,"label":"tribal"},{"value":338,"label":"visage"}]},"featured_image_src_large":["https:\/\/mes-pochoirs.com\/wp-content\/uploads\/2025\/05\/AS0007-pochoir-masque-mes-pochoirs-com-858x1030.jpg",858,1030,true],"author_info":[],"comment_info":0,"_links":{"self":[{"href":"https:\/\/mes-pochoirs.com\/es\/wp-json\/wp\/v2\/product\/23846","targetHints":{"allow":["GET"]}}],"collection":[{"href":"https:\/\/mes-pochoirs.com\/es\/wp-json\/wp\/v2\/product"}],"about":[{"href":"https:\/\/mes-pochoirs.com\/es\/wp-json\/wp\/v2\/types\/product"}],"replies":[{"embeddable":true,"href":"https:\/\/mes-pochoirs.com\/es\/wp-json\/wp\/v2\/comments?post=23846"}],"wp:featuredmedia":[{"embeddable":true,"href":"https:\/\/mes-pochoirs.com\/es\/wp-json\/wp\/v2\/media\/23877"}],"wp:attachment":[{"href":"https:\/\/mes-pochoirs.com\/es\/wp-json\/wp\/v2\/media?parent=23846"}],"wp:term":[{"taxonomy":"product_brand","embeddable":true,"href":"https:\/\/mes-pochoirs.com\/es\/wp-json\/wp\/v2\/product_brand?post=23846"},{"taxonomy":"product_cat","embeddable":true,"href":"https:\/\/mes-pochoirs.com\/es\/wp-json\/wp\/v2\/product_cat?post=23846"},{"taxonomy":"product_tag","embeddable":true,"href":"https:\/\/mes-pochoirs.com\/es\/wp-json\/wp\/v2\/product_tag?post=23846"}],"curies":[{"name":"wp","href":"https:\/\/api.w.org\/{rel}","templated":true}]}}