{"id":25937,"date":"2025-05-15T12:10:27","date_gmt":"2025-05-15T10:10:27","guid":{"rendered":"https:\/\/mes-pochoirs.com\/?post_type=product&#038;p=25937"},"modified":"2025-10-31T12:37:43","modified_gmt":"2025-10-31T11:37:43","slug":"plantilla-mujer-india-con-galas-fas009","status":"publish","type":"product","link":"https:\/\/mes-pochoirs.com\/es\/produit\/pochoir-femme-amerindienne-avec-parure-fas009","title":{"rendered":"Nativo Americano mujer con galas plantilla - FAS009"},"content":{"rendered":"<h2>Mujer amerindia con plantilla de galas<\/h2>\n<h3>Una presencia fuerte, femenina y ancestral<\/h3>\n<p><strong>Mujer amerindia con plantilla de galas<\/strong>Este modelo presenta el retrato de una mujer india con un rostro amerindio sorprendentemente amable y a la vez poderoso. Su mirada penetrante, dirigida hacia delante, capta instant\u00e1neamente la atenci\u00f3n e inspira respeto. Su tocado de plumas, realzado por una gran pluma ceremonial, y las joyas \u00e9tnicas que adornan su cuello evocan una leyenda amerindia viva, guiada por la herencia de los pueblos ind\u00edgenas de Norteam\u00e9rica. Esta mujer guerrera, silenciosa y digna, encarna la memoria de un mundo ancestral donde cada adorno, cada mirada, cada silencio tienen un significado. Es la guardiana de una historia, una cultura y un v\u00ednculo profundo entre el hombre y la naturaleza. Este rostro guerrero es a la vez fuente de inspiraci\u00f3n y s\u00edmbolo de transmisi\u00f3n.<\/p>\n<h3>Una herramienta refinada y contempor\u00e1nea para la expresi\u00f3n tribal<\/h3>\n<p><strong>Mujer amerindia con plantilla de galas<\/strong>Es una inspiradora herramienta creativa para pintores, muralistas y decoradores en busca de simbolismo y belleza gr\u00e1fica. Sus finos detalles reproducen fielmente los detalles de los retratos, las texturas de las galas y el ligero movimiento de la pluma. Es perfecto para sus proyectos de pintura, cuadros modernos, murales u objetos decorativos de tem\u00e1tica \u00e9tnica o tribal. Reutilizable, reversible y disponible en varios tama\u00f1os, esta plantilla se adapta a todas las t\u00e9cnicas: acr\u00edlico, espray, tinta o t\u00e9cnica mixta. Infunde a cada obra un soplo de tradici\u00f3n y un toque contempor\u00e1neo. Es un puente entre el arte amerindio, la creaci\u00f3n moderna y la expresi\u00f3n personal, un verdadero homenaje visual a las mujeres abor\u00edgenes y a sus galas sagradas.<\/p>","protected":false},"excerpt":{"rendered":"<p><strong>Mujer amerindia con plantilla de galas<\/strong>Una inspiradora herramienta art\u00edstica para la pintura mural. Reutilizable, varios formatos, dise\u00f1o preciso.<\/p>","protected":false},"featured_media":25838,"comment_status":"open","ping_status":"closed","template":"","meta":{"bwfblock_default_font":"","_kad_blocks_custom_css":"","_kad_blocks_head_custom_js":"","_kad_blocks_body_custom_js":"","_kad_blocks_footer_custom_js":"","_kadence_starter_templates_imported_post":false,"_kad_post_transparent":"default","_kad_post_title":"","_kad_post_layout":"default","_kad_post_sidebar_id":"","_kad_post_content_style":"default","_kad_post_vertical_padding":"default","_kad_post_feature":"","_kad_post_feature_position":"","_kad_post_header":false,"_kad_post_footer":false,"_kad_post_classname":""},"product_brand":[1415],"product_cat":[1385,481,36,328],"product_tag":[1397,1181,1392,1391,1395,1394,1172,1398,1396,1400,390,1388,1399],"class_list":{"0":"post-25937","1":"product","2":"type-product","3":"status-publish","4":"has-post-thumbnail","6":"product_brand-mes-pochoirs","7":"product_cat-feathers-and-silence","8":"product_cat-collections","9":"product_cat-pochoirs-portraits-visages","10":"product_cat-pochoirs-street-art","11":"product_tag-amerique-du-nord","12":"product_tag-ancestral","13":"product_tag-art-amerindien","14":"product_tag-art-tribal","15":"product_tag-autochtone","16":"product_tag-coiffe-a-plumes","17":"product_tag-ethnique","18":"product_tag-indienne","19":"product_tag-legende-amerindienne","20":"product_tag-parure","21":"product_tag-portrait","22":"product_tag-visage-amerindien","23":"product_tag-visage-de-guerriere","25":"first","26":"instock","27":"taxable","28":"shipping-taxable","29":"purchasable","30":"product-type-variable","31":"entry","32":"content-bg","33":"loop-entry"},"taxonomy_info":{"product_brand":[{"value":1415,"label":"Mes Pochoirs"}],"product_cat":[{"value":1385,"label":"Feathers and Silence"},{"value":481,"label":"Collections"},{"value":36,"label":"Portraits &amp; Visages"},{"value":328,"label":"Street Art"}],"product_tag":[{"value":1397,"label":"Am\u00e9rique du Nord"},{"value":1181,"label":"ancestral"},{"value":1392,"label":"art am\u00e9rindien"},{"value":1391,"label":"art tribal"},{"value":1395,"label":"autochtone"},{"value":1394,"label":"coiffe \u00e0 plumes"},{"value":1172,"label":"ethnique"},{"value":1398,"label":"indienne"},{"value":1396,"label":"l\u00e9gende am\u00e9rindienne"},{"value":1400,"label":"parure"},{"value":390,"label":"portrait"},{"value":1388,"label":"visage am\u00e9rindien"},{"value":1399,"label":"visage de guerriere"}]},"featured_image_src_large":["https:\/\/mes-pochoirs.com\/wp-content\/uploads\/2025\/05\/FAS009-pochoir-collection-feathers-and-silence-copyright-mes-pochoirs-858x1030.jpg",858,1030,true],"author_info":[],"comment_info":1,"_links":{"self":[{"href":"https:\/\/mes-pochoirs.com\/es\/wp-json\/wp\/v2\/product\/25937","targetHints":{"allow":["GET"]}}],"collection":[{"href":"https:\/\/mes-pochoirs.com\/es\/wp-json\/wp\/v2\/product"}],"about":[{"href":"https:\/\/mes-pochoirs.com\/es\/wp-json\/wp\/v2\/types\/product"}],"replies":[{"embeddable":true,"href":"https:\/\/mes-pochoirs.com\/es\/wp-json\/wp\/v2\/comments?post=25937"}],"wp:featuredmedia":[{"embeddable":true,"href":"https:\/\/mes-pochoirs.com\/es\/wp-json\/wp\/v2\/media\/25838"}],"wp:attachment":[{"href":"https:\/\/mes-pochoirs.com\/es\/wp-json\/wp\/v2\/media?parent=25937"}],"wp:term":[{"taxonomy":"product_brand","embeddable":true,"href":"https:\/\/mes-pochoirs.com\/es\/wp-json\/wp\/v2\/product_brand?post=25937"},{"taxonomy":"product_cat","embeddable":true,"href":"https:\/\/mes-pochoirs.com\/es\/wp-json\/wp\/v2\/product_cat?post=25937"},{"taxonomy":"product_tag","embeddable":true,"href":"https:\/\/mes-pochoirs.com\/es\/wp-json\/wp\/v2\/product_tag?post=25937"}],"curies":[{"name":"wp","href":"https:\/\/api.w.org\/{rel}","templated":true}]}}