{"id":26052,"date":"2025-08-07T09:17:52","date_gmt":"2025-08-07T07:17:52","guid":{"rendered":"https:\/\/mes-pochoirs.com\/?post_type=product&#038;p=26052"},"modified":"2025-10-31T12:37:51","modified_gmt":"2025-10-31T11:37:51","slug":"joven-jefe-amerindio-con-tocado-stencil-fas015","status":"publish","type":"product","link":"https:\/\/mes-pochoirs.com\/es\/produit\/pochoir-jeune-chef-amerindien-en-coiffe-fas015","title":{"rendered":"Joven jefe amerindio con tocado estarcido - FAS015"},"content":{"rendered":"<h2>Joven jefe amerindio con tocado estarcido<\/h2>\n<h3>Mirando al pasado y al futuro<\/h3>\n<p><strong>Joven jefe amerindio con tocado estarcido<\/strong>Este modelo representa a un joven jefe indio con la cabeza levantada hacia el cielo y la mirada llena de determinaci\u00f3n y elevaci\u00f3n. Su rostro amerindio, amable pero firme, refleja la fuerza de una generaci\u00f3n que carga con el legado de sus antepasados mientras mira hacia el futuro. Su tocado de plumas, ricamente detallado, evoca s\u00edmbolos de sabidur\u00eda, valent\u00eda y estatus en la cultura amerindia. Este guerrero indio encarna una leyenda nativa americana en ciernes, a medio camino entre la transmisi\u00f3n y la b\u00fasqueda personal. El dibujo pone de manifiesto la esencia de un jefe amerindio enraizado en una historia ancestral, pero siempre en movimiento. Esta plantilla es una invitaci\u00f3n a explorar el profundo v\u00ednculo entre identidad, memoria y futuro, tal y como lo viven las j\u00f3venes figuras de los pueblos ind\u00edgenas de Norteam\u00e9rica.<\/p>\n<h3>Una poderosa herramienta art\u00edstica para obras simb\u00f3licas<\/h3>\n<p><strong>Joven jefe amerindio con tocado estarcido<\/strong>Es una herramienta gr\u00e1fica expresiva, dise\u00f1ada para proporcionar a los artistas una base rica en significado, simbolismo y emoci\u00f3n. Su corte fino y fluido revela todos los detalles del tocado ceremonial, las largas y vibrantes plumas, los collares tribales y la noble tensi\u00f3n del rostro del guerrero. Se presta perfectamente a proyectos murales, pinturas \u00e9tnicas o decoraci\u00f3n de arte tribal. Reutilizable, reversible y disponible en varios tama\u00f1os, esta plantilla \u00fanica es ideal para los artistas que buscan un medio que sea a la vez est\u00e9ticamente agradable y que transmita un mensaje. Permite integrar el arte nativo americano en un enfoque contempor\u00e1neo, mezclar modernidad y cultura \u00e9tnica y expresar mediante im\u00e1genes la dignidad de un joven jefe indio en ciernes. Es una pieza inspiradora, gr\u00e1fica y decididamente significativa.<\/p>","protected":false},"excerpt":{"rendered":"<p><strong data-start=\"1220\" data-end=\"1263\">Joven jefe amerindio con tocado estarcido<\/strong>Potente arte \u00e9tnico. Herramienta reutilizable, varios formatos, ideal para arte mural.<\/p>","protected":false},"featured_media":25842,"comment_status":"open","ping_status":"closed","template":"","meta":{"bwfblock_default_font":"","_kad_blocks_custom_css":"","_kad_blocks_head_custom_js":"","_kad_blocks_body_custom_js":"","_kad_blocks_footer_custom_js":"","_kadence_starter_templates_imported_post":false,"_kad_post_transparent":"default","_kad_post_title":"","_kad_post_layout":"default","_kad_post_sidebar_id":"","_kad_post_content_style":"default","_kad_post_vertical_padding":"default","_kad_post_feature":"","_kad_post_feature_position":"","_kad_post_header":false,"_kad_post_footer":false,"_kad_post_classname":""},"product_brand":[1415],"product_cat":[1385,481,36,328],"product_tag":[1397,1181,1392,1391,1395,1390,1387,1394,1172,1389,1168,1402,1396,1388,1393],"class_list":{"0":"post-26052","1":"product","2":"type-product","3":"status-publish","4":"has-post-thumbnail","6":"product_brand-mes-pochoirs","7":"product_cat-feathers-and-silence","8":"product_cat-collections","9":"product_cat-pochoirs-portraits-visages","10":"product_cat-pochoirs-street-art","11":"product_tag-amerique-du-nord","12":"product_tag-ancestral","13":"product_tag-art-amerindien","14":"product_tag-art-tribal","15":"product_tag-autochtone","16":"product_tag-autochtone-americain","17":"product_tag-chef-amerindien","18":"product_tag-coiffe-a-plumes","19":"product_tag-ethnique","20":"product_tag-guerrier-indien","21":"product_tag-indien","22":"product_tag-jeune-chef-indien","23":"product_tag-legende-amerindienne","24":"product_tag-visage-amerindien","25":"product_tag-visage-de-guerrier","27":"first","28":"instock","29":"taxable","30":"shipping-taxable","31":"purchasable","32":"product-type-variable","33":"entry","34":"content-bg","35":"loop-entry"},"taxonomy_info":{"product_brand":[{"value":1415,"label":"Mes Pochoirs"}],"product_cat":[{"value":1385,"label":"Feathers and Silence"},{"value":481,"label":"Collections"},{"value":36,"label":"Portraits &amp; Visages"},{"value":328,"label":"Street Art"}],"product_tag":[{"value":1397,"label":"Am\u00e9rique du Nord"},{"value":1181,"label":"ancestral"},{"value":1392,"label":"art am\u00e9rindien"},{"value":1391,"label":"art tribal"},{"value":1395,"label":"autochtone"},{"value":1390,"label":"autochtone am\u00e9ricain"},{"value":1387,"label":"chef am\u00e9rindien"},{"value":1394,"label":"coiffe \u00e0 plumes"},{"value":1172,"label":"ethnique"},{"value":1389,"label":"guerrier indien"},{"value":1168,"label":"indien"},{"value":1402,"label":"jeune chef indien"},{"value":1396,"label":"l\u00e9gende am\u00e9rindienne"},{"value":1388,"label":"visage am\u00e9rindien"},{"value":1393,"label":"visage de guerrier"}]},"featured_image_src_large":["https:\/\/mes-pochoirs.com\/wp-content\/uploads\/2025\/05\/FAS015-pochoir-collection-feathers-and-silence-copyright-mes-pochoirs-858x1030.jpg",858,1030,true],"author_info":[],"comment_info":2,"_links":{"self":[{"href":"https:\/\/mes-pochoirs.com\/es\/wp-json\/wp\/v2\/product\/26052","targetHints":{"allow":["GET"]}}],"collection":[{"href":"https:\/\/mes-pochoirs.com\/es\/wp-json\/wp\/v2\/product"}],"about":[{"href":"https:\/\/mes-pochoirs.com\/es\/wp-json\/wp\/v2\/types\/product"}],"replies":[{"embeddable":true,"href":"https:\/\/mes-pochoirs.com\/es\/wp-json\/wp\/v2\/comments?post=26052"}],"wp:featuredmedia":[{"embeddable":true,"href":"https:\/\/mes-pochoirs.com\/es\/wp-json\/wp\/v2\/media\/25842"}],"wp:attachment":[{"href":"https:\/\/mes-pochoirs.com\/es\/wp-json\/wp\/v2\/media?parent=26052"}],"wp:term":[{"taxonomy":"product_brand","embeddable":true,"href":"https:\/\/mes-pochoirs.com\/es\/wp-json\/wp\/v2\/product_brand?post=26052"},{"taxonomy":"product_cat","embeddable":true,"href":"https:\/\/mes-pochoirs.com\/es\/wp-json\/wp\/v2\/product_cat?post=26052"},{"taxonomy":"product_tag","embeddable":true,"href":"https:\/\/mes-pochoirs.com\/es\/wp-json\/wp\/v2\/product_tag?post=26052"}],"curies":[{"name":"wp","href":"https:\/\/api.w.org\/{rel}","templated":true}]}}