{"id":26527,"date":"2025-06-12T09:06:46","date_gmt":"2025-06-12T07:06:46","guid":{"rendered":"https:\/\/mes-pochoirs.com\/?post_type=product&#038;p=26527"},"modified":"2025-12-16T13:21:14","modified_gmt":"2025-12-16T12:21:14","slug":"stencil-gorila-fumador-de-puros-ws010","status":"publish","type":"product","link":"https:\/\/mes-pochoirs.com\/es\/produit\/pochoir-gorille-fumeur-cigare-ws010","title":{"rendered":"Plantilla Gorila fumador de puros - WS010"},"content":{"rendered":"<h2>Plantilla Gorila fumador de puros<\/h2>\n<h3>Colecci\u00f3n \"Fumadores salvajes<\/h3>\n<p><strong>Plantilla Gorila fumador de puros<\/strong>es la audacia de una mirada penetrante tras unas gafas de sol ic\u00f3nicas, la actitud indolente de un simio imponente que sostiene un grueso puro entre los labios. Este gorila, con una expresi\u00f3n a la vez seria y distante, parece sacado de una pel\u00edcula de g\u00e1ngsters o de un escenario urbano clandestino.<br \/>Inspira fuerza, seguridad en s\u00ed mismo y burla a la vez: el animal salvaje se humaniza, se apropia de los c\u00f3digos y se convierte en un aut\u00e9ntico personaje de ficci\u00f3n. Al colocarlo en una pared o un lienzo, proyectamos una escena, una personalidad, un animal t\u00f3tem que es a la vez protector y provocador. Tambi\u00e9n es una invitaci\u00f3n a contar una historia: la historia de un mono rebelde que se liber\u00f3 de las reglas del reino animal para convertirse en el icono cool de un universo pop art extravagante y contundente. Perfecto para los amantes del arte a los que les gusta jugar con los contrastes entre la naturaleza salvaje y los c\u00f3digos urbanos.<\/p>\n<p><strong>Esta plantilla de Gorila fumando puros<\/strong> destaca por su impactante estilo pop art, de cortes limpios y fuertes contrastes. El dise\u00f1o resalta cada detalle: el pelo del gorila, los reflejos en las gafas, la textura del puro humeante... Todo ha sido pensado para ofrecer un potente efecto visual. Inspirada en los c\u00f3digos del street art y del arte urbano, esta plantilla inyecta una aut\u00e9ntica dosis de personalidad a tus creaciones. Ya sea para personalizar un interior, vestir una pared o crear un fresco exterior, transformar\u00e1 cualquier superficie en una obra de arte en un abrir y cerrar de ojos. Su est\u00e9tica \u00fanica lo convierte en un objeto imprescindible para quien desee a\u00f1adir un motivo animal original, combinando la fuerza bruta con un humor elegante. <strong>Plantilla Gorila fumando puros<\/strong> Una audaz fusi\u00f3n de animales salvajes y expresi\u00f3n art\u00edstica contempor\u00e1nea. Una pieza de infarto, gr\u00e1fica, provocativa e irresistiblemente carism\u00e1tica.<\/p>","protected":false},"excerpt":{"rendered":"<p><strong>Plantilla Gorila fumando puros<\/strong> original y de moda. Perfectos para pintores. Alta calidad, varios tama\u00f1os, f\u00e1cil creaci\u00f3n y fuerte impacto visual.<\/p>","protected":false},"featured_media":26510,"comment_status":"open","ping_status":"closed","template":"","meta":{"bwfblock_default_font":"","_kad_blocks_custom_css":"","_kad_blocks_head_custom_js":"","_kad_blocks_body_custom_js":"","_kad_blocks_footer_custom_js":"","_kadence_starter_templates_imported_post":false,"_kad_post_transparent":"default","_kad_post_title":"","_kad_post_layout":"default","_kad_post_sidebar_id":"","_kad_post_content_style":"default","_kad_post_vertical_padding":"default","_kad_post_feature":"","_kad_post_feature_position":"","_kad_post_header":false,"_kad_post_footer":false,"_kad_post_classname":""},"product_brand":[1415],"product_cat":[1447,364,481,332,328],"product_tag":[367,366,1445,642,322,1115,360,333,1444,664,327],"class_list":{"0":"post-26527","1":"product","2":"type-product","3":"status-publish","4":"has-post-thumbnail","6":"product_brand-mes-pochoirs","7":"product_cat-wild-smokers","8":"product_cat-pochoirs-animaux","9":"product_cat-collections","10":"product_cat-pochoirs-pop-art","11":"product_cat-pochoirs-street-art","12":"product_tag-animal","13":"product_tag-animaux","14":"product_tag-attitude-rebelle","15":"product_tag-cigare","16":"product_tag-cool","17":"product_tag-gorille","18":"product_tag-lunettes-de-soleil","19":"product_tag-pop-art","20":"product_tag-rebel","21":"product_tag-singe","22":"product_tag-street-art","24":"first","25":"instock","26":"taxable","27":"shipping-taxable","28":"purchasable","29":"product-type-variable","30":"has-default-attributes","31":"entry","32":"content-bg","33":"loop-entry"},"taxonomy_info":{"product_brand":[{"value":1415,"label":"Mes Pochoirs"}],"product_cat":[{"value":1447,"label":"Wild Smokers"},{"value":364,"label":"Animaux"},{"value":481,"label":"Collections"},{"value":332,"label":"Pop Art"},{"value":328,"label":"Street Art"}],"product_tag":[{"value":367,"label":"animal"},{"value":366,"label":"animaux"},{"value":1445,"label":"attitude rebelle"},{"value":642,"label":"cigare"},{"value":322,"label":"cool"},{"value":1115,"label":"gorille"},{"value":360,"label":"lunettes de soleil"},{"value":333,"label":"pop art"},{"value":1444,"label":"rebel"},{"value":664,"label":"singe"},{"value":327,"label":"street art"}]},"featured_image_src_large":["https:\/\/mes-pochoirs.com\/wp-content\/uploads\/2025\/06\/WS010-pochoir-gorille-cigare-copyright-mes-pochoirs-858x1030.jpg",858,1030,true],"author_info":[],"comment_info":3,"_links":{"self":[{"href":"https:\/\/mes-pochoirs.com\/es\/wp-json\/wp\/v2\/product\/26527","targetHints":{"allow":["GET"]}}],"collection":[{"href":"https:\/\/mes-pochoirs.com\/es\/wp-json\/wp\/v2\/product"}],"about":[{"href":"https:\/\/mes-pochoirs.com\/es\/wp-json\/wp\/v2\/types\/product"}],"replies":[{"embeddable":true,"href":"https:\/\/mes-pochoirs.com\/es\/wp-json\/wp\/v2\/comments?post=26527"}],"wp:featuredmedia":[{"embeddable":true,"href":"https:\/\/mes-pochoirs.com\/es\/wp-json\/wp\/v2\/media\/26510"}],"wp:attachment":[{"href":"https:\/\/mes-pochoirs.com\/es\/wp-json\/wp\/v2\/media?parent=26527"}],"wp:term":[{"taxonomy":"product_brand","embeddable":true,"href":"https:\/\/mes-pochoirs.com\/es\/wp-json\/wp\/v2\/product_brand?post=26527"},{"taxonomy":"product_cat","embeddable":true,"href":"https:\/\/mes-pochoirs.com\/es\/wp-json\/wp\/v2\/product_cat?post=26527"},{"taxonomy":"product_tag","embeddable":true,"href":"https:\/\/mes-pochoirs.com\/es\/wp-json\/wp\/v2\/product_tag?post=26527"}],"curies":[{"name":"wp","href":"https:\/\/api.w.org\/{rel}","templated":true}]}}