{"id":26810,"date":"2025-06-25T11:42:56","date_gmt":"2025-06-25T09:42:56","guid":{"rendered":"https:\/\/mes-pochoirs.com\/?post_type=product&#038;p=26810"},"modified":"2025-10-31T12:39:00","modified_gmt":"2025-10-31T11:39:00","slug":"manga-boy-silhouette-stencil-mgs008","status":"publish","type":"product","link":"https:\/\/mes-pochoirs.com\/es\/produit\/pochoir-manga-garcon-silhouette-mgs008","title":{"rendered":"Manga Stencil - Le Solitaire - MGS008"},"content":{"rendered":"<h2>Manga Boy Silhouette Plantilla<\/h2>\n<p>Este <strong>Plantilla Silueta Chico Manga<\/strong>Esta impactante obra representa una figura masculina de pie, de silueta esbelta, postura ligeramente encorvada y ojos bajos, como absortos en profundos pensamientos. Su rostro, semioculto por un cabello ralo, y su largo abrigo evocan la soledad, la melancol\u00eda o la introspecci\u00f3n. Parece congelado en un momento suspendido, fuera del tiempo.<\/p>\n<p>Este poderoso motivo forma parte de una est\u00e9tica manga decididamente dram\u00e1tica y expresiva. El aspecto general del personaje recuerda a las figuras emblem\u00e1ticas del sh\u014dnen oscuro: sombr\u00edo, retra\u00eddo, pero habitado por una gran fuerza interior. Capta inmediatamente nuestra atenci\u00f3n, no por exceso, sino por el silencio que impone, por la contenci\u00f3n casi meditativa de su actitud.<\/p>\n<p>El trazo de la plantilla es a la vez fluido y estructurado. Es f\u00e1cil de leer, pero emocionalmente compleja. Ideal para proyectos art\u00edsticos de fuerte impacto simb\u00f3lico, encaja perfectamente en un fresco urbano, un cuadro, un cuaderno ilustrado o una pieza textil. El equilibrio entre espacios llenos y vac\u00edos crea un fuerte efecto gr\u00e1fico, incluso a distancia.<\/p>\n<p>Este <strong>Plantilla Silueta Chico Manga<\/strong> es adecuado para artistas que buscan expresar la profundidad humana, el repliegue o la discreta elegancia de un personaje en tensi\u00f3n. Puede convertirse en la pieza central de una composici\u00f3n narrativa o en un elemento atmosf\u00e9rico de un universo m\u00e1s amplio. Inspirado en la cultura manga japonesa, este motivo es una fiel expresi\u00f3n de emociones reprimidas, historias no contadas y personajes solitarios que nunca se olvidan. Una plantilla con una fuerte presencia, capaz de conmover sin palabras, s\u00f3lo a trav\u00e9s del poder de una postura y una mirada ausente.<\/p>","protected":false},"excerpt":{"rendered":"<p><strong data-start=\"1524\" data-end=\"1559\">Manga Boy Silhouette Plantilla<\/strong>inspirados en el manga japon\u00e9s. Alta calidad, varios tama\u00f1os, perfecto para pintura y dise\u00f1o gr\u00e1fico.<\/p>","protected":false},"featured_media":26718,"comment_status":"open","ping_status":"closed","template":"","meta":{"bwfblock_default_font":"","_kad_blocks_custom_css":"","_kad_blocks_head_custom_js":"","_kad_blocks_body_custom_js":"","_kad_blocks_footer_custom_js":"","_kadence_starter_templates_imported_post":false,"_kad_post_transparent":"default","_kad_post_title":"","_kad_post_layout":"default","_kad_post_sidebar_id":"","_kad_post_content_style":"default","_kad_post_vertical_padding":"default","_kad_post_feature":"","_kad_post_feature_position":"","_kad_post_header":false,"_kad_post_footer":false,"_kad_post_classname":""},"product_brand":[1415],"product_cat":[1522,481,1434,1433,328],"product_tag":[611,1438,1441,822,529,1440,994,1439,1436,703,1527,1437,1528],"class_list":{"0":"post-26810","1":"product","2":"type-product","3":"status-publish","4":"has-post-thumbnail","6":"product_brand-mes-pochoirs","7":"product_cat-manga-sutenshiru","8":"product_cat-collections","9":"product_cat-pochoirs-manga","10":"product_cat-pochoirs-manga-univers-japonais","11":"product_cat-pochoirs-street-art","12":"product_tag-anime","13":"product_tag-art-japonais","14":"product_tag-asiatique","15":"product_tag-dessin","16":"product_tag-garcon","17":"product_tag-inspiration-asiatique","18":"product_tag-japon","19":"product_tag-japonais","20":"product_tag-manga","21":"product_tag-personnage","22":"product_tag-solitaire","23":"product_tag-sutenshiru","24":"product_tag-tenebreux","26":"first","27":"instock","28":"taxable","29":"shipping-taxable","30":"purchasable","31":"product-type-variable","32":"entry","33":"content-bg","34":"loop-entry"},"taxonomy_info":{"product_brand":[{"value":1415,"label":"Mes Pochoirs"}],"product_cat":[{"value":1522,"label":"Manga Sutenshiru"},{"value":481,"label":"Collections"},{"value":1434,"label":"Manga"},{"value":1433,"label":"Manga &amp; Univers Japonais"},{"value":328,"label":"Street Art"}],"product_tag":[{"value":611,"label":"anim\u00e9"},{"value":1438,"label":"art japonais"},{"value":1441,"label":"asiatique"},{"value":822,"label":"dessin"},{"value":529,"label":"gar\u00e7on"},{"value":1440,"label":"inspiration asiatique"},{"value":994,"label":"japon"},{"value":1439,"label":"Japonais"},{"value":1436,"label":"manga"},{"value":703,"label":"personnage"},{"value":1527,"label":"solitaire"},{"value":1437,"label":"sutenshiru"},{"value":1528,"label":"t\u00e9n\u00e9breux"}]},"featured_image_src_large":["https:\/\/mes-pochoirs.com\/wp-content\/uploads\/2025\/06\/MGS008-pochoir-collection-manga-sutenshiru-copyright-mes-pochoirs-858x1030.jpg",858,1030,true],"author_info":[],"comment_info":0,"_links":{"self":[{"href":"https:\/\/mes-pochoirs.com\/es\/wp-json\/wp\/v2\/product\/26810","targetHints":{"allow":["GET"]}}],"collection":[{"href":"https:\/\/mes-pochoirs.com\/es\/wp-json\/wp\/v2\/product"}],"about":[{"href":"https:\/\/mes-pochoirs.com\/es\/wp-json\/wp\/v2\/types\/product"}],"replies":[{"embeddable":true,"href":"https:\/\/mes-pochoirs.com\/es\/wp-json\/wp\/v2\/comments?post=26810"}],"wp:featuredmedia":[{"embeddable":true,"href":"https:\/\/mes-pochoirs.com\/es\/wp-json\/wp\/v2\/media\/26718"}],"wp:attachment":[{"href":"https:\/\/mes-pochoirs.com\/es\/wp-json\/wp\/v2\/media?parent=26810"}],"wp:term":[{"taxonomy":"product_brand","embeddable":true,"href":"https:\/\/mes-pochoirs.com\/es\/wp-json\/wp\/v2\/product_brand?post=26810"},{"taxonomy":"product_cat","embeddable":true,"href":"https:\/\/mes-pochoirs.com\/es\/wp-json\/wp\/v2\/product_cat?post=26810"},{"taxonomy":"product_tag","embeddable":true,"href":"https:\/\/mes-pochoirs.com\/es\/wp-json\/wp\/v2\/product_tag?post=26810"}],"curies":[{"name":"wp","href":"https:\/\/api.w.org\/{rel}","templated":true}]}}