{"id":27026,"date":"2025-07-10T12:09:47","date_gmt":"2025-07-10T10:09:47","guid":{"rendered":"https:\/\/mes-pochoirs.com\/?post_type=product&#038;p=27026"},"modified":"2026-02-02T14:05:25","modified_gmt":"2026-02-02T13:05:25","slug":"stencil-heroina-manga-mgs015","status":"publish","type":"product","link":"https:\/\/mes-pochoirs.com\/es\/produit\/pochoir-heroine-manga-mgs015","title":{"rendered":"Plantilla Manga - Sh\u014djo Hero\u00edna - MGS015"},"content":{"rendered":"<h2>Plantilla Hero\u00edna Manga<\/h2>\n<p>Esta figura emerge como de un fotograma de manga interrumpido, congelada en un momento de tensi\u00f3n y movimiento. Ligera pero decidida, encarna la energ\u00eda de las hero\u00ednas japonesas: ni guerrera ni fr\u00e1gil, simplemente libre. Su cuerpo est\u00e1 inclinado, din\u00e1mico, como si avanzara a pesar de los vientos contrarios de un mundo que no podemos ver pero que podemos sentir a su alrededor.<\/p>\n<p>Su aspecto evoca el universo sh\u014djo en su forma m\u00e1s gr\u00e1fica y expresiva: actitud asertiva, c\u00f3digos de vestimenta estilizados, una mezcla de vida cotidiana y ficci\u00f3n. No sabemos si va a alguna parte, si huye o busca... pero cruza. Atraviesa el paisaje, como un destello de narraci\u00f3n visual en una pared saturada.<\/p>\n<p>El trazo preciso de esta plantilla la hace clara e inmediata. Pero tras esta claridad se esconde una figura compleja, casi elusiva. Intuimos una historia, pero no se nos cuenta. S\u00f3lo podemos adivinarla. Este <strong>Plantilla Hero\u00edna Manga<\/strong> pretende precisamente eso: sugerir sin encerrar, revelar sin nombrar. Deja al espectador libertad para interpretar e imaginar lo que esta joven hero\u00edna lleva en su paseo.<\/p>\n<p>Dise\u00f1ado para los aficionados a la cultura japonesa, el arte urbano y la narraci\u00f3n muda, este modelo de <strong>Plantilla Hero\u00edna Manga<\/strong>se adapta a cualquier superficie: pared, lienzo, muebles, decoraci\u00f3n. Se convierte en algo m\u00e1s que un motivo: se convierte en una presencia. Un puente entre el dibujo y la ciudad, entre el icono y lo an\u00f3nimo. Una figura que no pide ser vista, sino encontrada.<\/p>","protected":false},"excerpt":{"rendered":"<p><strong>Plantilla Hero\u00edna Manga<\/strong>Perfectos para decoraci\u00f3n art\u00edstica o arte callejero. Reutilizables, precisos, de varios tama\u00f1os y f\u00e1ciles de aplicar.<\/p>","protected":false},"featured_media":26912,"comment_status":"open","ping_status":"closed","template":"","meta":{"bwfblock_default_font":"","_kad_blocks_custom_css":"","_kad_blocks_head_custom_js":"","_kad_blocks_body_custom_js":"","_kad_blocks_footer_custom_js":"","_kadence_starter_templates_imported_post":false,"_kad_post_transparent":"default","_kad_post_title":"","_kad_post_layout":"default","_kad_post_sidebar_id":"","_kad_post_content_style":"default","_kad_post_vertical_padding":"default","_kad_post_feature":"","_kad_post_feature_position":"","_kad_post_header":false,"_kad_post_footer":false,"_kad_post_classname":""},"product_brand":[1415],"product_cat":[1522,481,1434,1433,328],"product_tag":[1438,1441,523,822,586,528,1614,1440,994,1439,1526,1436,703,1442,1437],"class_list":{"0":"post-27026","1":"product","2":"type-product","3":"status-publish","4":"has-post-thumbnail","6":"product_brand-mes-pochoirs","7":"product_cat-manga-sutenshiru","8":"product_cat-collections","9":"product_cat-pochoirs-manga","10":"product_cat-pochoirs-manga-univers-japonais","11":"product_cat-pochoirs-street-art","12":"product_tag-art-japonais","13":"product_tag-asiatique","14":"product_tag-bd","15":"product_tag-dessin","16":"product_tag-dessin-anime","17":"product_tag-fille","18":"product_tag-heroine","19":"product_tag-inspiration-asiatique","20":"product_tag-japon","21":"product_tag-japonais","22":"product_tag-japonaise","23":"product_tag-manga","24":"product_tag-personnage","25":"product_tag-shojo","26":"product_tag-sutenshiru","28":"first","29":"instock","30":"taxable","31":"shipping-taxable","32":"purchasable","33":"product-type-variable","34":"entry","35":"content-bg","36":"loop-entry"},"taxonomy_info":{"product_brand":[{"value":1415,"label":"Mes Pochoirs"}],"product_cat":[{"value":1522,"label":"Manga Sutenshiru"},{"value":481,"label":"Collections"},{"value":1434,"label":"Manga"},{"value":1433,"label":"Manga &amp; Univers Japonais"},{"value":328,"label":"Street Art"}],"product_tag":[{"value":1438,"label":"art japonais"},{"value":1441,"label":"asiatique"},{"value":523,"label":"BD"},{"value":822,"label":"dessin"},{"value":586,"label":"dessin anim\u00e9"},{"value":528,"label":"fille"},{"value":1614,"label":"h\u00e9roine"},{"value":1440,"label":"inspiration asiatique"},{"value":994,"label":"japon"},{"value":1439,"label":"Japonais"},{"value":1526,"label":"japonaise"},{"value":1436,"label":"manga"},{"value":703,"label":"personnage"},{"value":1442,"label":"sh\u014djo \""},{"value":1437,"label":"sutenshiru"}]},"featured_image_src_large":["https:\/\/mes-pochoirs.com\/wp-content\/uploads\/2025\/06\/MGS015-pochoir-collection-manga-sutenshiru-copyright-mes-pochoirs-858x1030.jpg",858,1030,true],"author_info":[],"comment_info":4,"_links":{"self":[{"href":"https:\/\/mes-pochoirs.com\/es\/wp-json\/wp\/v2\/product\/27026","targetHints":{"allow":["GET"]}}],"collection":[{"href":"https:\/\/mes-pochoirs.com\/es\/wp-json\/wp\/v2\/product"}],"about":[{"href":"https:\/\/mes-pochoirs.com\/es\/wp-json\/wp\/v2\/types\/product"}],"replies":[{"embeddable":true,"href":"https:\/\/mes-pochoirs.com\/es\/wp-json\/wp\/v2\/comments?post=27026"}],"wp:featuredmedia":[{"embeddable":true,"href":"https:\/\/mes-pochoirs.com\/es\/wp-json\/wp\/v2\/media\/26912"}],"wp:attachment":[{"href":"https:\/\/mes-pochoirs.com\/es\/wp-json\/wp\/v2\/media?parent=27026"}],"wp:term":[{"taxonomy":"product_brand","embeddable":true,"href":"https:\/\/mes-pochoirs.com\/es\/wp-json\/wp\/v2\/product_brand?post=27026"},{"taxonomy":"product_cat","embeddable":true,"href":"https:\/\/mes-pochoirs.com\/es\/wp-json\/wp\/v2\/product_cat?post=27026"},{"taxonomy":"product_tag","embeddable":true,"href":"https:\/\/mes-pochoirs.com\/es\/wp-json\/wp\/v2\/product_tag?post=27026"}],"curies":[{"name":"wp","href":"https:\/\/api.w.org\/{rel}","templated":true}]}}