{"id":27205,"date":"2025-06-19T11:23:57","date_gmt":"2025-06-19T09:23:57","guid":{"rendered":"https:\/\/mes-pochoirs.com\/?post_type=product&#038;p=27205"},"modified":"2025-10-31T12:40:29","modified_gmt":"2025-10-31T11:40:29","slug":"plantilla-mascara-veneciana-espiritu-de-carnaval-as0009","status":"publish","type":"product","link":"https:\/\/mes-pochoirs.com\/es\/produit\/pochoir-masque-venitien-esprit-de-carnaval-as0009","title":{"rendered":"M\u00e1scara veneciana - AS0009"},"content":{"rendered":"<h2>M\u00e1scara veneciana - Esp\u00edritu de carnaval<\/h2>\n<p>Este <strong>Plantilla de m\u00e1scara veneciana<\/strong>presenta un rostro enmascarado rodeado de detalles teatrales inspirados en el famoso Carnaval de Venecia. El personaje, con un sombrero de buf\u00f3n adornado con cascabeles, encarna el fascinante mundo de las fiestas de m\u00e1scaras, con su mezcla de elegancia, misterio y exuberancia. Su sonrisa sutil y enigm\u00e1tica parece invitarnos a un juego de rol, a un baile imaginario donde cada obra se convierte en un teatro de expresiones e historias por inventar. Aplicada sobre una pared urbana, un lienzo o un escaparate art\u00edstico, esta plantilla da vida a una atm\u00f3sfera vibrante, de cuento de hadas, que evoca las callejuelas venecianas, los bailes de m\u00e1scaras y el arte del travestismo. Atrae, fascina y estimula la imaginaci\u00f3n, al tiempo que a\u00f1ade un espectacular toque narrativo a sus creaciones.<\/p>\n<p>Este modelo de <strong>Plantilla de m\u00e1scara veneciana<\/strong>se sit\u00faa en la encrucijada entre el arte callejero contempor\u00e1neo y la herencia visual de la commedia dell'arte. Su composici\u00f3n, a la vez precisa y expresiva, juega con gran maestr\u00eda con lo lleno y lo vac\u00edo, ofreciendo una representaci\u00f3n tan legible como est\u00e9ticamente agradable. La plantilla est\u00e1 dise\u00f1ada para adaptarse a una amplia gama de soportes. Tanto si desea crear un fresco, decorar un mueble o dise\u00f1ar un cuadro con una fuerte identidad visual, esta plantilla dar\u00e1 a su obra una elegancia festiva, un esp\u00edritu libre y una aut\u00e9ntica firma art\u00edstica.<\/p>","protected":false},"excerpt":{"rendered":"<p><strong>M\u00e1scara veneciana - Esp\u00edritu de carnaval<\/strong> ideal para pintar en la pared. Reversible, reutilizable, de alta calidad, perfecto para cualquier trabajo.<\/p>","protected":false},"featured_media":27261,"comment_status":"open","ping_status":"closed","template":"","meta":{"bwfblock_default_font":"","_kad_blocks_custom_css":"","_kad_blocks_head_custom_js":"","_kad_blocks_body_custom_js":"","_kad_blocks_footer_custom_js":"","_kadence_starter_templates_imported_post":false,"_kad_post_transparent":"default","_kad_post_title":"","_kad_post_layout":"default","_kad_post_sidebar_id":"","_kad_post_content_style":"default","_kad_post_vertical_padding":"default","_kad_post_feature":"","_kad_post_feature_position":"","_kad_post_header":false,"_kad_post_footer":false,"_kad_post_classname":""},"product_brand":[1415],"product_cat":[1349,1158],"product_tag":[1493,1350,775,1492,1459,1474,613,681,1352,1063,703,1355,1470],"class_list":{"0":"post-27205","1":"product","2":"type-product","3":"status-publish","4":"has-post-thumbnail","6":"product_brand-mes-pochoirs","7":"product_cat-theatre-cinema","8":"product_cat-pochoirs-arts-du-spectacle","9":"product_tag-bouffon","10":"product_tag-carnaval","11":"product_tag-chapeau","12":"product_tag-comedie","13":"product_tag-creation","14":"product_tag-decor","15":"product_tag-elegance","16":"product_tag-fete","17":"product_tag-masque","18":"product_tag-mystere","19":"product_tag-personnage","20":"product_tag-theatre","21":"product_tag-venise","23":"first","24":"instock","25":"taxable","26":"shipping-taxable","27":"purchasable","28":"product-type-variable","29":"entry","30":"content-bg","31":"loop-entry"},"taxonomy_info":{"product_brand":[{"value":1415,"label":"Mes Pochoirs"}],"product_cat":[{"value":1349,"label":"Th\u00e9\u00e2tre &amp; Cin\u00e9ma"},{"value":1158,"label":"Arts du Spectacle"}],"product_tag":[{"value":1493,"label":"bouffon"},{"value":1350,"label":"carnaval"},{"value":775,"label":"chapeau"},{"value":1492,"label":"com\u00e9die"},{"value":1459,"label":"cr\u00e9ation"},{"value":1474,"label":"d\u00e9cor"},{"value":613,"label":"\u00e9l\u00e9gance"},{"value":681,"label":"f\u00eate"},{"value":1352,"label":"masque"},{"value":1063,"label":"Myst\u00e8re"},{"value":703,"label":"personnage"},{"value":1355,"label":"th\u00e9\u00e2tre"},{"value":1470,"label":"venise"}]},"featured_image_src_large":["https:\/\/mes-pochoirs.com\/wp-content\/uploads\/2025\/06\/AS0009-pochoir-masque-copyright-mes-pochoirs-858x1030.jpg",858,1030,true],"author_info":[],"comment_info":1,"_links":{"self":[{"href":"https:\/\/mes-pochoirs.com\/es\/wp-json\/wp\/v2\/product\/27205","targetHints":{"allow":["GET"]}}],"collection":[{"href":"https:\/\/mes-pochoirs.com\/es\/wp-json\/wp\/v2\/product"}],"about":[{"href":"https:\/\/mes-pochoirs.com\/es\/wp-json\/wp\/v2\/types\/product"}],"replies":[{"embeddable":true,"href":"https:\/\/mes-pochoirs.com\/es\/wp-json\/wp\/v2\/comments?post=27205"}],"wp:featuredmedia":[{"embeddable":true,"href":"https:\/\/mes-pochoirs.com\/es\/wp-json\/wp\/v2\/media\/27261"}],"wp:attachment":[{"href":"https:\/\/mes-pochoirs.com\/es\/wp-json\/wp\/v2\/media?parent=27205"}],"wp:term":[{"taxonomy":"product_brand","embeddable":true,"href":"https:\/\/mes-pochoirs.com\/es\/wp-json\/wp\/v2\/product_brand?post=27205"},{"taxonomy":"product_cat","embeddable":true,"href":"https:\/\/mes-pochoirs.com\/es\/wp-json\/wp\/v2\/product_cat?post=27205"},{"taxonomy":"product_tag","embeddable":true,"href":"https:\/\/mes-pochoirs.com\/es\/wp-json\/wp\/v2\/product_tag?post=27205"}],"curies":[{"name":"wp","href":"https:\/\/api.w.org\/{rel}","templated":true}]}}