{"id":27350,"date":"2025-08-19T10:39:03","date_gmt":"2025-08-19T08:39:03","guid":{"rendered":"https:\/\/mes-pochoirs.com\/?post_type=product&#038;p=27350"},"modified":"2025-10-31T12:41:03","modified_gmt":"2025-10-31T11:41:03","slug":"manga-plantilla-misteriosa-heroina-con-sombrero-mgs025","status":"publish","type":"product","link":"https:\/\/mes-pochoirs.com\/es\/produit\/pochoir-manga-heroine-mysterieuse-au-chapeau-mgs025","title":{"rendered":"Manga Stencil - La sombra bajo el sombrero - MGS025"},"content":{"rendered":"<h2>Manga Stencil Hero\u00edna misteriosa con sombrero<\/h2>\n<p>Con este modelo misterioso y evocador, la colecci\u00f3n Manga Sutenshiru acoge la <strong>Manga Stencil Hero\u00edna misteriosa con sombrero<\/strong> con una est\u00e9tica poderosa y minimalista. Este retrato parcial de una joven, parcialmente oculto por un gran sombrero, desprende una rara intensidad visual. El rostro est\u00e1 deliberadamente oculto, revelando s\u00f3lo los labios, la base de la nariz y un mech\u00f3n de pelo ca\u00eddo, que acent\u00faa el aura de enigma y contenci\u00f3n. Esta composici\u00f3n invita a la interpretaci\u00f3n y despierta inmediatamente la curiosidad del espectador.<\/p>\n<p>El sombrero, grande y desgastado, es una parte central de la composici\u00f3n. Su ala deshilachada y sus recortes irregulares evocan el desgaste, el viaje y la soledad, en un mundo con tintes postapocal\u00edpticos, un western moderno o un cuento mudo. Ocupa toda la anchura de la imagen, estructurando el marco del estarcido y creando un efecto de sombra natural con su imponente forma.<\/p>\n<p>El cabello de la hero\u00edna, visible a ambos lados de su rostro, est\u00e1 representado con fluidez: dos largos mechones caen suavemente, enmarcando la figura. Algunas irregularidades en los cortes refuerzan el aspecto vivo y realista de la figura. La base del traje est\u00e1 deliberadamente esbozada, casi borrada, como si la figura emergiera lentamente de un decorado invisible o arruinado.<\/p>\n<p>Este <strong>Manga Stencil Hero\u00edna misteriosa con sombrero<\/strong> se presta a potentes proyectos art\u00edsticos: murales atmosf\u00e9ricos, obras pict\u00f3ricas narrativas o creaciones textiles cargadas de simbolismo. El modelo tambi\u00e9n puede utilizarse por s\u00ed solo como pieza fuerte en una composici\u00f3n minimalista, tan llamativa e instant\u00e1neamente reconocible es su silueta.<\/p>\n<p>Dise\u00f1ada para artistas que buscan intensidad visual y emoci\u00f3n contenida, esta plantilla precisa y reutilizable est\u00e1 disponible en varios tama\u00f1os. Gustar\u00e1 a los aficionados a los personajes silenciosos, las narraciones gr\u00e1ficas profundas y la est\u00e9tica contempor\u00e1nea, donde lo no dicho es tan expresivo como la palabra dibujada.<\/p>","protected":false},"excerpt":{"rendered":"<p><strong>Manga Stencil Hero\u00edna misteriosa con sombrero<\/strong> de alta calidad, reutilizables, reversibles; varios tama\u00f1os para sus cuadros y creaciones contempor\u00e1neas.<\/p>","protected":false},"featured_media":27139,"comment_status":"open","ping_status":"closed","template":"","meta":{"bwfblock_default_font":"","_kad_blocks_custom_css":"","_kad_blocks_head_custom_js":"","_kad_blocks_body_custom_js":"","_kad_blocks_footer_custom_js":"","_kadence_starter_templates_imported_post":false,"_kad_post_transparent":"default","_kad_post_title":"","_kad_post_layout":"default","_kad_post_sidebar_id":"","_kad_post_content_style":"default","_kad_post_vertical_padding":"default","_kad_post_feature":"","_kad_post_feature_position":"","_kad_post_header":false,"_kad_post_footer":false,"_kad_post_classname":""},"product_brand":[1415],"product_cat":[1522,481,1434,1433,36,328],"product_tag":[611,1438,1441,822,1440,994,1439,1436,703,1442,1437],"class_list":{"0":"post-27350","1":"product","2":"type-product","3":"status-publish","4":"has-post-thumbnail","6":"product_brand-mes-pochoirs","7":"product_cat-manga-sutenshiru","8":"product_cat-collections","9":"product_cat-pochoirs-manga","10":"product_cat-pochoirs-manga-univers-japonais","11":"product_cat-pochoirs-portraits-visages","12":"product_cat-pochoirs-street-art","13":"product_tag-anime","14":"product_tag-art-japonais","15":"product_tag-asiatique","16":"product_tag-dessin","17":"product_tag-inspiration-asiatique","18":"product_tag-japon","19":"product_tag-japonais","20":"product_tag-manga","21":"product_tag-personnage","22":"product_tag-shojo","23":"product_tag-sutenshiru","25":"first","26":"instock","27":"taxable","28":"shipping-taxable","29":"purchasable","30":"product-type-variable","31":"entry","32":"content-bg","33":"loop-entry"},"taxonomy_info":{"product_brand":[{"value":1415,"label":"Mes Pochoirs"}],"product_cat":[{"value":1522,"label":"Manga Sutenshiru"},{"value":481,"label":"Collections"},{"value":1434,"label":"Manga"},{"value":1433,"label":"Manga &amp; Univers Japonais"},{"value":36,"label":"Portraits &amp; Visages"},{"value":328,"label":"Street Art"}],"product_tag":[{"value":611,"label":"anim\u00e9"},{"value":1438,"label":"art japonais"},{"value":1441,"label":"asiatique"},{"value":822,"label":"dessin"},{"value":1440,"label":"inspiration asiatique"},{"value":994,"label":"japon"},{"value":1439,"label":"Japonais"},{"value":1436,"label":"manga"},{"value":703,"label":"personnage"},{"value":1442,"label":"sh\u014djo \""},{"value":1437,"label":"sutenshiru"}]},"featured_image_src_large":["https:\/\/mes-pochoirs.com\/wp-content\/uploads\/2025\/06\/MGS025-pochoir-collection-manga-sutenshiru-copyright-mes-pochoirs-858x1030.jpg",858,1030,true],"author_info":[],"comment_info":0,"_links":{"self":[{"href":"https:\/\/mes-pochoirs.com\/es\/wp-json\/wp\/v2\/product\/27350","targetHints":{"allow":["GET"]}}],"collection":[{"href":"https:\/\/mes-pochoirs.com\/es\/wp-json\/wp\/v2\/product"}],"about":[{"href":"https:\/\/mes-pochoirs.com\/es\/wp-json\/wp\/v2\/types\/product"}],"replies":[{"embeddable":true,"href":"https:\/\/mes-pochoirs.com\/es\/wp-json\/wp\/v2\/comments?post=27350"}],"wp:featuredmedia":[{"embeddable":true,"href":"https:\/\/mes-pochoirs.com\/es\/wp-json\/wp\/v2\/media\/27139"}],"wp:attachment":[{"href":"https:\/\/mes-pochoirs.com\/es\/wp-json\/wp\/v2\/media?parent=27350"}],"wp:term":[{"taxonomy":"product_brand","embeddable":true,"href":"https:\/\/mes-pochoirs.com\/es\/wp-json\/wp\/v2\/product_brand?post=27350"},{"taxonomy":"product_cat","embeddable":true,"href":"https:\/\/mes-pochoirs.com\/es\/wp-json\/wp\/v2\/product_cat?post=27350"},{"taxonomy":"product_tag","embeddable":true,"href":"https:\/\/mes-pochoirs.com\/es\/wp-json\/wp\/v2\/product_tag?post=27350"}],"curies":[{"name":"wp","href":"https:\/\/api.w.org\/{rel}","templated":true}]}}