{"id":27692,"date":"2025-07-17T16:04:18","date_gmt":"2025-07-17T14:04:18","guid":{"rendered":"https:\/\/mes-pochoirs.com\/?post_type=product&#038;p=27692"},"modified":"2026-04-03T18:55:17","modified_gmt":"2026-04-03T16:55:17","slug":"plantilla-escudo-caballero-fl0007","status":"publish","type":"product","link":"https:\/\/mes-pochoirs.com\/es\/produit\/pochoir-chevalier-bouclier-fl0007","title":{"rendered":"Plantilla Caballero F\u00e9nix Negro - FL0007"},"content":{"rendered":"<h2>\ud83d\udee1\ufe0fPochoir Chevalier Bouclier<\/h2>\n<p>Este <strong>Escudo de caballero Plantilla<\/strong> La poderosa imagen muestra a un corpulento caballero, vestido con armadura completa y sosteniendo firmemente un escudo adornado con un f\u00e9nix her\u00e1ldico. Con la espada alzada en la mano, parece encarnar la fuerza renacida, la resistencia ante las dificultades y el poder tranquilo de un guerrero que ha regresado del fuego. Su presencia evoca las leyendas donde el honor nunca muere y donde a una ca\u00edda siempre sigue una renovaci\u00f3n.<\/p>\n<p>El ave f\u00e9nix, s\u00edmbolo universal del renacimiento, asociado a la iconograf\u00eda medieval, confiere a este personaje un significado casi m\u00edtico. No es s\u00f3lo un soldado: es un superviviente, un guardi\u00e1n de las edades antiguas, una figura atemporal arraigada en historias de gloria y sacrificio.<\/p>\n<p>La composici\u00f3n del dibujo -postura estable, l\u00edneas n\u00edtidas, contraste entre la masa del escudo y la esbeltez de la espada- refuerza la tensi\u00f3n dram\u00e1tica. Todo parece congelado en un momento de concentraci\u00f3n, entre la vigilancia y el poder contenido.<\/p>\n<p>Este visual es para artistas, narradores visuales y aficionados a los mundos \u00e9picos. Se adapta perfectamente a las creaciones que exploran el valor, la transformaci\u00f3n o la herencia caballeresca. El Caballero del F\u00e9nix Negro evoca una autoridad leg\u00edtima, un recuerdo vivo, un fuego que nunca se apaga.<\/p>\n<p>Perfecto para enriquecer una obra inspirada en los mitos del Renacimiento, aporta un profundo simbolismo a la vez m\u00edstico, b\u00e9lico e indestructible.<\/p>","protected":false},"excerpt":{"rendered":"<p><strong>Plantilla escudo caballero<\/strong> Inspirado en leyendas antiguas. Ideal para trabajos de pintura, retablos o fantas\u00eda. Alta calidad, varios formatos.<\/p>","protected":false},"featured_media":27762,"comment_status":"open","ping_status":"closed","template":"","meta":{"bwfblock_default_font":"","_kad_blocks_custom_css":"","_kad_blocks_head_custom_js":"","_kad_blocks_body_custom_js":"","_kad_blocks_footer_custom_js":"","_kadence_starter_templates_imported_post":false,"_kad_post_transparent":"default","_kad_post_title":"","_kad_post_layout":"default","_kad_post_sidebar_id":"","_kad_post_content_style":"default","_kad_post_vertical_padding":"default","_kad_post_feature":"","_kad_post_feature_position":"","_kad_post_header":false,"_kad_post_footer":false,"_kad_post_classname":""},"product_brand":[1415],"product_cat":[1532],"product_tag":[1534,1538,1619,1533,1219,1545,1537,1543,1536,1617,1535,1542,891,1618,1541,962,1620,1539,1540],"class_list":{"0":"post-27692","1":"product","2":"type-product","3":"status-publish","4":"has-post-thumbnail","6":"product_brand-mes-pochoirs","7":"product_cat-pochoirs-fantastiques-et-legendaires","8":"product_tag-armure-medievale","9":"product_tag-art-medieval","10":"product_tag-bouclier","11":"product_tag-chevalier","12":"product_tag-combat","13":"product_tag-combat-ancien","14":"product_tag-croisade","15":"product_tag-culture-fantasy","16":"product_tag-epee","17":"product_tag-fantastique","18":"product_tag-guerrier-epique","19":"product_tag-guerrier-mystique","20":"product_tag-heros","21":"product_tag-legendaire","22":"product_tag-legende-medievale","23":"product_tag-medieval","24":"product_tag-phoenix","25":"product_tag-style-epique","26":"product_tag-univers-heroique","28":"first","29":"instock","30":"taxable","31":"shipping-taxable","32":"purchasable","33":"product-type-variable","34":"entry","35":"content-bg","36":"loop-entry"},"taxonomy_info":{"product_brand":[{"value":1415,"label":"Mes Pochoirs"}],"product_cat":[{"value":1532,"label":"Fantastiques &amp; L\u00e9gendaires"}],"product_tag":[{"value":1534,"label":"armure m\u00e9di\u00e9vale"},{"value":1538,"label":"art m\u00e9di\u00e9val"},{"value":1619,"label":"bouclier"},{"value":1533,"label":"chevalier"},{"value":1219,"label":"combat"},{"value":1545,"label":"combat ancien"},{"value":1537,"label":"croisade"},{"value":1543,"label":"culture fantasy"},{"value":1536,"label":"\u00e9p\u00e9e"},{"value":1617,"label":"fantastique"},{"value":1535,"label":"guerrier \u00e9pique"},{"value":1542,"label":"guerrier mystique"},{"value":891,"label":"h\u00e9ros"},{"value":1618,"label":"l\u00e9gendaire"},{"value":1541,"label":"l\u00e9gende m\u00e9di\u00e9vale"},{"value":962,"label":"m\u00e9di\u00e9val"},{"value":1620,"label":"phoenix"},{"value":1539,"label":"style \u00e9pique"},{"value":1540,"label":"univers h\u00e9ro\u00efque"}]},"featured_image_src_large":["https:\/\/mes-pochoirs.com\/wp-content\/uploads\/2025\/07\/FL0007-pochoir-chevalier-copyright-mes-pochoirs-858x1030.jpg",858,1030,true],"author_info":[],"comment_info":0,"_links":{"self":[{"href":"https:\/\/mes-pochoirs.com\/es\/wp-json\/wp\/v2\/product\/27692","targetHints":{"allow":["GET"]}}],"collection":[{"href":"https:\/\/mes-pochoirs.com\/es\/wp-json\/wp\/v2\/product"}],"about":[{"href":"https:\/\/mes-pochoirs.com\/es\/wp-json\/wp\/v2\/types\/product"}],"replies":[{"embeddable":true,"href":"https:\/\/mes-pochoirs.com\/es\/wp-json\/wp\/v2\/comments?post=27692"}],"wp:featuredmedia":[{"embeddable":true,"href":"https:\/\/mes-pochoirs.com\/es\/wp-json\/wp\/v2\/media\/27762"}],"wp:attachment":[{"href":"https:\/\/mes-pochoirs.com\/es\/wp-json\/wp\/v2\/media?parent=27692"}],"wp:term":[{"taxonomy":"product_brand","embeddable":true,"href":"https:\/\/mes-pochoirs.com\/es\/wp-json\/wp\/v2\/product_brand?post=27692"},{"taxonomy":"product_cat","embeddable":true,"href":"https:\/\/mes-pochoirs.com\/es\/wp-json\/wp\/v2\/product_cat?post=27692"},{"taxonomy":"product_tag","embeddable":true,"href":"https:\/\/mes-pochoirs.com\/es\/wp-json\/wp\/v2\/product_tag?post=27692"}],"curies":[{"name":"wp","href":"https:\/\/api.w.org\/{rel}","templated":true}]}}