{"id":27700,"date":"2025-07-17T16:04:17","date_gmt":"2025-07-17T14:04:17","guid":{"rendered":"https:\/\/mes-pochoirs.com\/?post_type=product&#038;p=27700"},"modified":"2025-10-31T12:41:17","modified_gmt":"2025-10-31T11:41:17","slug":"plantilla-retrato-caballero-fl0008","status":"publish","type":"product","link":"https:\/\/mes-pochoirs.com\/es\/produit\/pochoir-portrait-chevalier-fl0008","title":{"rendered":"Retrato de un Caballero Stencil - FL0008"},"content":{"rendered":"<h2>\ud83d\udee1\ufe0fPochoir Retrato Chevalier<\/h2>\n<p>Este <strong>Retrato de un caballero Plantilla<\/strong> es un impactante retrato frontal de un caballero, cuya armadura facial y capucha ocultan su identidad al tiempo que revelan una intensa presencia. La imagen evoca la soledad, el autocontrol y la preparaci\u00f3n de un guerrero siempre en el umbral de la acci\u00f3n. Cada l\u00ednea transmite una sensaci\u00f3n de calma concentrada, de silencio cargado de significado.<\/p>\n<p>La capucha desgastada, el casco cerrado y la espada visible en el hombro crean una silueta a la vez sobria y temible. Este caballero podr\u00eda ser un explorador, un superviviente, un sombr\u00edo protector o incluso un h\u00e9roe ca\u00eddo en busca de redenci\u00f3n. El encuadre ajustado, centrado en el torso y la mirada ausente, amplifica el misterio.<\/p>\n<p>Perfectamente equilibrado entre los c\u00f3digos medievales y las influencias fant\u00e1sticas, este retrato condensa en una sola figura la tensi\u00f3n de un mundo duro y los valores interiores de un personaje silencioso pero decidido. El dibujo del <strong>Plantilla Portrait Chevalier<\/strong> Este dise\u00f1o altamente estructurado, de l\u00edneas limpias y \u00e1reas s\u00f3lidas, crea un impacto gr\u00e1fico fuerte, casi cinematogr\u00e1fico.<\/p>\n<p>Este modelo atraer\u00e1 a los aficionados a las historias de aventuras, la fantas\u00eda oscura y las narraciones introspectivas. Forma parte de un mundo imaginario donde los h\u00e9roes act\u00faan en la sombra, lejos de los gritos y cantos de victoria. Le Portrait du Chevalier Silencieux es un homenaje a estas figuras estoicas y fieles, forjadas por las dificultades y guiadas por un c\u00f3digo que nadie ve, pero que todos respetan.<\/p>","protected":false},"excerpt":{"rendered":"<p><strong>Plantilla de retrato de caballero<\/strong> para creaciones \u00e9picas. Reversibles, reutilizables, perfectas para pintar, hacer pizarra o inspirar obras de arte.<\/p>","protected":false},"featured_media":27763,"comment_status":"open","ping_status":"closed","template":"","meta":{"bwfblock_default_font":"","_kad_blocks_custom_css":"","_kad_blocks_head_custom_js":"","_kad_blocks_body_custom_js":"","_kad_blocks_footer_custom_js":"","_kadence_starter_templates_imported_post":false,"_kad_post_transparent":"default","_kad_post_title":"","_kad_post_layout":"default","_kad_post_sidebar_id":"","_kad_post_content_style":"default","_kad_post_vertical_padding":"default","_kad_post_feature":"","_kad_post_feature_position":"","_kad_post_header":false,"_kad_post_footer":false,"_kad_post_classname":""},"product_brand":[1415],"product_cat":[1532,36],"product_tag":[1616,1534,1538,1533,1219,1545,1537,1536,1617,1535,1542,891,1618,1541,962,1539,1540],"class_list":{"0":"post-27700","1":"product","2":"type-product","3":"status-publish","4":"has-post-thumbnail","6":"product_brand-mes-pochoirs","7":"product_cat-pochoirs-fantastiques-et-legendaires","8":"product_cat-pochoirs-portraits-visages","9":"product_tag-armure","10":"product_tag-armure-medievale","11":"product_tag-art-medieval","12":"product_tag-chevalier","13":"product_tag-combat","14":"product_tag-combat-ancien","15":"product_tag-croisade","16":"product_tag-epee","17":"product_tag-fantastique","18":"product_tag-guerrier-epique","19":"product_tag-guerrier-mystique","20":"product_tag-heros","21":"product_tag-legendaire","22":"product_tag-legende-medievale","23":"product_tag-medieval","24":"product_tag-style-epique","25":"product_tag-univers-heroique","27":"first","28":"instock","29":"taxable","30":"shipping-taxable","31":"purchasable","32":"product-type-variable","33":"entry","34":"content-bg","35":"loop-entry"},"taxonomy_info":{"product_brand":[{"value":1415,"label":"Mes Pochoirs"}],"product_cat":[{"value":1532,"label":"Fantastiques &amp; L\u00e9gendaires"},{"value":36,"label":"Portraits &amp; Visages"}],"product_tag":[{"value":1616,"label":"armure"},{"value":1534,"label":"armure m\u00e9di\u00e9vale"},{"value":1538,"label":"art m\u00e9di\u00e9val"},{"value":1533,"label":"chevalier"},{"value":1219,"label":"combat"},{"value":1545,"label":"combat ancien"},{"value":1537,"label":"croisade"},{"value":1536,"label":"\u00e9p\u00e9e"},{"value":1617,"label":"fantastique"},{"value":1535,"label":"guerrier \u00e9pique"},{"value":1542,"label":"guerrier mystique"},{"value":891,"label":"h\u00e9ros"},{"value":1618,"label":"l\u00e9gendaire"},{"value":1541,"label":"l\u00e9gende m\u00e9di\u00e9vale"},{"value":962,"label":"m\u00e9di\u00e9val"},{"value":1539,"label":"style \u00e9pique"},{"value":1540,"label":"univers h\u00e9ro\u00efque"}]},"featured_image_src_large":["https:\/\/mes-pochoirs.com\/wp-content\/uploads\/2025\/07\/FL0008-pochoir-chevalier-copyright-mes-pochoirs-858x1030.jpg",858,1030,true],"author_info":[],"comment_info":0,"_links":{"self":[{"href":"https:\/\/mes-pochoirs.com\/es\/wp-json\/wp\/v2\/product\/27700","targetHints":{"allow":["GET"]}}],"collection":[{"href":"https:\/\/mes-pochoirs.com\/es\/wp-json\/wp\/v2\/product"}],"about":[{"href":"https:\/\/mes-pochoirs.com\/es\/wp-json\/wp\/v2\/types\/product"}],"replies":[{"embeddable":true,"href":"https:\/\/mes-pochoirs.com\/es\/wp-json\/wp\/v2\/comments?post=27700"}],"wp:featuredmedia":[{"embeddable":true,"href":"https:\/\/mes-pochoirs.com\/es\/wp-json\/wp\/v2\/media\/27763"}],"wp:attachment":[{"href":"https:\/\/mes-pochoirs.com\/es\/wp-json\/wp\/v2\/media?parent=27700"}],"wp:term":[{"taxonomy":"product_brand","embeddable":true,"href":"https:\/\/mes-pochoirs.com\/es\/wp-json\/wp\/v2\/product_brand?post=27700"},{"taxonomy":"product_cat","embeddable":true,"href":"https:\/\/mes-pochoirs.com\/es\/wp-json\/wp\/v2\/product_cat?post=27700"},{"taxonomy":"product_tag","embeddable":true,"href":"https:\/\/mes-pochoirs.com\/es\/wp-json\/wp\/v2\/product_tag?post=27700"}],"curies":[{"name":"wp","href":"https:\/\/api.w.org\/{rel}","templated":true}]}}