{"id":28526,"date":"2025-08-07T09:59:26","date_gmt":"2025-08-07T07:59:26","guid":{"rendered":"https:\/\/mes-pochoirs.com\/?post_type=product&#038;p=28526"},"modified":"2025-10-31T12:41:28","modified_gmt":"2025-10-31T11:41:28","slug":"albert-einstein-punk-stencil-pkf001","status":"publish","type":"product","link":"https:\/\/mes-pochoirs.com\/es\/produit\/pochoir-albert-einstein-punk-pkf001","title":{"rendered":"Plantilla Punk Albert Einstein - PKF001"},"content":{"rendered":"<h2>Plantilla Punk Albert Einstein<\/h2>\n<p>Este <strong>Plantilla Albert Einstein Punk<\/strong> toma la imagen mundialmente famosa de Einstein y la convierte en un icono punk decididamente urbano. El rostro del f\u00edsico te\u00f3rico, reconocible al instante por su lengua extendida y su pelo alborotado, se traslada a un mundo de contracultura, revuelta y libertad de expresi\u00f3n. Ya no es un cient\u00edfico atrapado en sus ecuaciones, sino un genio transformado en figura rebelde, s\u00edmbolo de una forma de pensar que se libera de las reglas establecidas.<\/p>\n<p>Albert Einstein aparece con una chaqueta de estilo punk tachonada de detalles emblem\u00e1ticos: pins, esl\u00f3ganes garabateados, s\u00edmbolos anarquistas y peque\u00f1os elementos gr\u00e1ficos que evocan el esp\u00edritu DIY de las culturas underground. Hay inscripciones como \"PUNK\", \"TH\u00c9ORIE\" y \"E=mc\u00b2\", como si la propia ciencia se convirtiera en una herramienta de protesta. Una calavera y unas tibias cruzadas, un s\u00edmbolo de la paz invertido y goterones gr\u00e1ficos completan el cuadro, dando la impresi\u00f3n de una obra pintada a toda prisa en una pared decr\u00e9pita, en plena noche, bajo tensi\u00f3n.<\/p>\n<p>Este visual abraza plenamente su herencia de arte callejero: crudo, contundente, accesible, pero significativo. Recuerda a artistas como Banksy y Obey, que utilizan im\u00e1genes para transmitir un mensaje social o pol\u00edtico. Aqu\u00ed, el mensaje es claro: el libre pensamiento es perturbador. Einstein, figura del saber institucional, se convierte en portavoz de un nuevo tipo de inteligencia, un esp\u00edritu cr\u00edtico que rechaza las ataduras del pasado. El conocimiento se convierte en punk, y la teor\u00eda en un arma.<\/p>\n<p>Perfecto para decorar un taller, una sala de estar urbana, la pared de una tienda o cualquier otro espacio en el que quieras darle un toque original a las cosas. <strong>Plantilla Albert Einstein Punk<\/strong> es una declaraci\u00f3n. Es para quienes quieren afirmar una visi\u00f3n original, creativa, a veces provocadora, pero siempre aut\u00e9ntica. Es un gui\u00f1o a la ciencia, a la cultura del rock, a la libertad art\u00edstica y a todas esas ideas que son demasiado poderosas para callarlas.<\/p>","protected":false},"excerpt":{"rendered":"<p><strong>Plantilla Punk Albert Einstein<\/strong>Reutilizables, de alta calidad. Ideal para pintura, trabajos sobre lienzo o arte callejero punk.<\/p>","protected":false},"featured_media":28859,"comment_status":"open","ping_status":"closed","template":"","meta":{"bwfblock_default_font":"","_kad_blocks_custom_css":"","_kad_blocks_head_custom_js":"","_kad_blocks_body_custom_js":"","_kad_blocks_footer_custom_js":"","_kadence_starter_templates_imported_post":false,"_kad_post_transparent":"default","_kad_post_title":"","_kad_post_layout":"default","_kad_post_sidebar_id":"","_kad_post_content_style":"default","_kad_post_vertical_padding":"default","_kad_post_feature":"","_kad_post_feature_position":"","_kad_post_header":false,"_kad_post_footer":false,"_kad_post_classname":""},"product_brand":[1415],"product_cat":[1622,481,732,36,328],"product_tag":[1680,1625,1627,1623,471,1626,1681,1624,1130,834,560,327,1682,1132,286],"class_list":{"0":"post-28526","1":"product","2":"type-product","3":"status-publish","4":"has-post-thumbnail","6":"product_brand-mes-pochoirs","7":"product_cat-punkified","8":"product_cat-collections","9":"product_cat-pochoirs-icones-celebrites","10":"product_cat-pochoirs-portraits-visages","11":"product_cat-pochoirs-street-art","12":"product_tag-albert-einstein","13":"product_tag-detournement","14":"product_tag-einstein","15":"product_tag-genie","16":"product_tag-icone","17":"product_tag-icone-revisitee","18":"product_tag-physicien","19":"product_tag-portrait-detourne","20":"product_tag-punk","21":"product_tag-rebelle","22":"product_tag-rock","23":"product_tag-street-art","24":"product_tag-theoricien","25":"product_tag-underground","26":"product_tag-urbain","28":"first","29":"instock","30":"taxable","31":"shipping-taxable","32":"purchasable","33":"product-type-variable","34":"entry","35":"content-bg","36":"loop-entry"},"taxonomy_info":{"product_brand":[{"value":1415,"label":"Mes Pochoirs"}],"product_cat":[{"value":1622,"label":"Punkified"},{"value":481,"label":"Collections"},{"value":732,"label":"Ic\u00f4nes &amp; C\u00e9l\u00e9brit\u00e9s"},{"value":36,"label":"Portraits &amp; Visages"},{"value":328,"label":"Street Art"}],"product_tag":[{"value":1680,"label":"Albert Einstein"},{"value":1625,"label":"d\u00e9tournement"},{"value":1627,"label":"einstein"},{"value":1623,"label":"g\u00e9nie"},{"value":471,"label":"icone"},{"value":1626,"label":"ic\u00f4ne revisit\u00e9e"},{"value":1681,"label":"physicien"},{"value":1624,"label":"portrait d\u00e9tourn\u00e9"},{"value":1130,"label":"punk"},{"value":834,"label":"rebelle"},{"value":560,"label":"Rock"},{"value":327,"label":"street art"},{"value":1682,"label":"th\u00e9oricien"},{"value":1132,"label":"underground"},{"value":286,"label":"urbain"}]},"featured_image_src_large":["https:\/\/mes-pochoirs.com\/wp-content\/uploads\/2025\/08\/PKF001-pochoir-collection-punkified-copyright-mes-pochoirs--858x1030.jpg",858,1030,true],"author_info":[],"comment_info":2,"_links":{"self":[{"href":"https:\/\/mes-pochoirs.com\/es\/wp-json\/wp\/v2\/product\/28526","targetHints":{"allow":["GET"]}}],"collection":[{"href":"https:\/\/mes-pochoirs.com\/es\/wp-json\/wp\/v2\/product"}],"about":[{"href":"https:\/\/mes-pochoirs.com\/es\/wp-json\/wp\/v2\/types\/product"}],"replies":[{"embeddable":true,"href":"https:\/\/mes-pochoirs.com\/es\/wp-json\/wp\/v2\/comments?post=28526"}],"wp:featuredmedia":[{"embeddable":true,"href":"https:\/\/mes-pochoirs.com\/es\/wp-json\/wp\/v2\/media\/28859"}],"wp:attachment":[{"href":"https:\/\/mes-pochoirs.com\/es\/wp-json\/wp\/v2\/media?parent=28526"}],"wp:term":[{"taxonomy":"product_brand","embeddable":true,"href":"https:\/\/mes-pochoirs.com\/es\/wp-json\/wp\/v2\/product_brand?post=28526"},{"taxonomy":"product_cat","embeddable":true,"href":"https:\/\/mes-pochoirs.com\/es\/wp-json\/wp\/v2\/product_cat?post=28526"},{"taxonomy":"product_tag","embeddable":true,"href":"https:\/\/mes-pochoirs.com\/es\/wp-json\/wp\/v2\/product_tag?post=28526"}],"curies":[{"name":"wp","href":"https:\/\/api.w.org\/{rel}","templated":true}]}}