{"id":28541,"date":"2025-08-07T10:12:03","date_gmt":"2025-08-07T08:12:03","guid":{"rendered":"https:\/\/mes-pochoirs.com\/?post_type=product&#038;p=28541"},"modified":"2025-10-31T12:41:30","modified_gmt":"2025-10-31T11:41:30","slug":"punk-milkmaid-stencil-pkf002","status":"publish","type":"product","link":"https:\/\/mes-pochoirs.com\/es\/produit\/pochoir-la-laitiere-punk-pkf002","title":{"rendered":"Plantilla Punk \"La Laiti\u00e8re\" - PKF002"},"content":{"rendered":"<h2>La Laiti\u00e8re Plantilla punk<\/h2>\n<p>Este <strong>La Laiti\u00e8re Plantilla punk<\/strong> revisita uno de los s\u00edmbolos m\u00e1s tranquilos y d\u00f3ciles de la pintura cl\u00e1sica, \"La lechera\" de Vermeer, y lo convierte en un icono de la rebeli\u00f3n contempor\u00e1nea. Atr\u00e1s queda el apacible silencio de la criada holandesa. Aqu\u00ed se convierte en una figura punk y subversiva, que sigue sirviendo leche... pero con una nueva postura, una nueva actitud y una nueva voz.<\/p>\n<p>Lleva una chaqueta con tachuelas, cubierta de s\u00edmbolos de la contracultura: una calavera, un signo anarquista, una cremallera brutal, la palabra \"PUNK\" escrita sin ambages. Estos detalles no est\u00e1n ah\u00ed para ser bonitos, sino para gritar una fuerte identidad visual, una reivindicaci\u00f3n de la libertad, la insolencia y el rechazo de los roles impuestos. Ya no se trata de una simple escena dom\u00e9stica, sino de una declaraci\u00f3n visual.<\/p>\n<p>El contraste entre el gesto ancestral de verter suavemente un l\u00edquido y los elementos visuales asociados a la provocaci\u00f3n y la transgresi\u00f3n produce un poderoso efecto. Este <strong>La Laiti\u00e8re Plantilla punk<\/strong> juega con los c\u00f3digos de la iron\u00eda visual, pero sin caer en la caricatura. Conserva la gracia del gesto original al tiempo que lo reintegra en una din\u00e1mica urbana y antisistema.<\/p>\n<p>Inspirada en las t\u00e9cnicas del arte callejero y la apropiaci\u00f3n visual indebida, esta plantilla forma parte de un enfoque art\u00edstico contempor\u00e1neo: tomar referencias del pasado, retorcerlas, reescribirlas con las herramientas de hoy. Evoca la obra de artistas como Banksy y Nick Walker, que mezclan cultura popular, referencias hist\u00f3ricas y discurso pol\u00edtico.<\/p>\n<p>\"La Laiti\u00e8re Punk\" es una plantilla ideal para un mural contundente, una pintura comprometida o para a\u00f1adir un toque de iron\u00eda y fuerza visual a un interior, un estudio, un espacio de artista o una boutique con un estilo atrevido. Es a la vez un gui\u00f1o a la historia del arte y una bofetada visual, una forma de decir que incluso las im\u00e1genes m\u00e1s sabias pueden convertirse en armas visuales cuando te atreves a transformarlas.<\/p>","protected":false},"excerpt":{"rendered":"<p><strong>La Laiti\u00e8re Plantilla punk<\/strong> revisitado. Alta calidad, varios tama\u00f1os, para un lienzo provocativo o una pared de artista.<\/p>","protected":false},"featured_media":28773,"comment_status":"open","ping_status":"closed","template":"","meta":{"bwfblock_default_font":"","_kad_blocks_custom_css":"","_kad_blocks_head_custom_js":"","_kad_blocks_body_custom_js":"","_kad_blocks_footer_custom_js":"","_kadence_starter_templates_imported_post":false,"_kad_post_transparent":"default","_kad_post_title":"","_kad_post_layout":"default","_kad_post_sidebar_id":"","_kad_post_content_style":"default","_kad_post_vertical_padding":"default","_kad_post_feature":"","_kad_post_feature_position":"","_kad_post_header":false,"_kad_post_footer":false,"_kad_post_classname":""},"product_brand":[1415],"product_cat":[1622,481,732,36,328],"product_tag":[1625,1623,471,1626,1628,1624,1130,834,560,327,1132,286,565],"class_list":{"0":"post-28541","1":"product","2":"type-product","3":"status-publish","4":"has-post-thumbnail","6":"product_brand-mes-pochoirs","7":"product_cat-punkified","8":"product_cat-collections","9":"product_cat-pochoirs-icones-celebrites","10":"product_cat-pochoirs-portraits-visages","11":"product_cat-pochoirs-street-art","12":"product_tag-detournement","13":"product_tag-genie","14":"product_tag-icone","15":"product_tag-icone-revisitee","16":"product_tag-la-laitiere","17":"product_tag-portrait-detourne","18":"product_tag-punk","19":"product_tag-rebelle","20":"product_tag-rock","21":"product_tag-street-art","22":"product_tag-underground","23":"product_tag-urbain","24":"product_tag-vermeer","26":"first","27":"instock","28":"taxable","29":"shipping-taxable","30":"purchasable","31":"product-type-variable","32":"entry","33":"content-bg","34":"loop-entry"},"taxonomy_info":{"product_brand":[{"value":1415,"label":"Mes Pochoirs"}],"product_cat":[{"value":1622,"label":"Punkified"},{"value":481,"label":"Collections"},{"value":732,"label":"Ic\u00f4nes &amp; C\u00e9l\u00e9brit\u00e9s"},{"value":36,"label":"Portraits &amp; Visages"},{"value":328,"label":"Street Art"}],"product_tag":[{"value":1625,"label":"d\u00e9tournement"},{"value":1623,"label":"g\u00e9nie"},{"value":471,"label":"icone"},{"value":1626,"label":"ic\u00f4ne revisit\u00e9e"},{"value":1628,"label":"la laiti\u00e8re"},{"value":1624,"label":"portrait d\u00e9tourn\u00e9"},{"value":1130,"label":"punk"},{"value":834,"label":"rebelle"},{"value":560,"label":"Rock"},{"value":327,"label":"street art"},{"value":1132,"label":"underground"},{"value":286,"label":"urbain"},{"value":565,"label":"Vermeer"}]},"featured_image_src_large":["https:\/\/mes-pochoirs.com\/wp-content\/uploads\/2025\/08\/PKF002-pochoir-collection-punkified-copyright-mes-pochoirs-858x1030.jpg",858,1030,true],"author_info":[],"comment_info":2,"_links":{"self":[{"href":"https:\/\/mes-pochoirs.com\/es\/wp-json\/wp\/v2\/product\/28541","targetHints":{"allow":["GET"]}}],"collection":[{"href":"https:\/\/mes-pochoirs.com\/es\/wp-json\/wp\/v2\/product"}],"about":[{"href":"https:\/\/mes-pochoirs.com\/es\/wp-json\/wp\/v2\/types\/product"}],"replies":[{"embeddable":true,"href":"https:\/\/mes-pochoirs.com\/es\/wp-json\/wp\/v2\/comments?post=28541"}],"wp:featuredmedia":[{"embeddable":true,"href":"https:\/\/mes-pochoirs.com\/es\/wp-json\/wp\/v2\/media\/28773"}],"wp:attachment":[{"href":"https:\/\/mes-pochoirs.com\/es\/wp-json\/wp\/v2\/media?parent=28541"}],"wp:term":[{"taxonomy":"product_brand","embeddable":true,"href":"https:\/\/mes-pochoirs.com\/es\/wp-json\/wp\/v2\/product_brand?post=28541"},{"taxonomy":"product_cat","embeddable":true,"href":"https:\/\/mes-pochoirs.com\/es\/wp-json\/wp\/v2\/product_cat?post=28541"},{"taxonomy":"product_tag","embeddable":true,"href":"https:\/\/mes-pochoirs.com\/es\/wp-json\/wp\/v2\/product_tag?post=28541"}],"curies":[{"name":"wp","href":"https:\/\/api.w.org\/{rel}","templated":true}]}}