{"id":28687,"date":"2025-08-28T11:13:46","date_gmt":"2025-08-28T09:13:46","guid":{"rendered":"https:\/\/mes-pochoirs.com\/?post_type=product&#038;p=28687"},"modified":"2025-10-31T12:41:38","modified_gmt":"2025-10-31T11:41:38","slug":"plantilla-drift-mazda-rx7-um0014","status":"publish","type":"product","link":"https:\/\/mes-pochoirs.com\/es\/produit\/pochoir-drift-mazda-rx7-um0014","title":{"rendered":"Plantilla Drift Mazda RX7 - UM0014"},"content":{"rendered":"<h2>Plantilla Mazda RX7 Drift<\/h2>\n<p>Este <strong>Plantilla Drift Mazda RX7<\/strong> presenta un deportivo ic\u00f3nico, captado desde un \u00e1ngulo dram\u00e1tico y en picado que evoca inmediatamente la velocidad, la precisi\u00f3n y el control. El veh\u00edculo parece emerger de la escena en un movimiento tenso, suspendido entre el agarre y el derrape, encarnando a la perfecci\u00f3n el mundo del drifting y las prestaciones mec\u00e1nicas.<\/p>\n<p>El modelo que aparece en la imagen es reconocible al instante: sus l\u00edneas tensas, su chasis compacto y sus l\u00edneas fluidas lo convierten en un referente en el mundo del tuning y el automovilismo japon\u00e9s. Aqu\u00ed puedes ver la esencia de un Mazda RX-7, versi\u00f3n FD3S, un coche de culto en la cultura JDM. Conocido por su ligereza, su motor rotativo y su manejo extremo, es el icono de una generaci\u00f3n apasionada por los derrapes, las carreras nocturnas y los desaf\u00edos t\u00e9cnicos.<\/p>\n<p>El tratamiento visual de esta plantilla refuerza la sensaci\u00f3n de intensidad. Las l\u00edneas son n\u00edtidas, los vol\u00famenes acentuados por un juego controlado de texturas y vac\u00edos. La perspectiva extrema acent\u00faa la potencia del veh\u00edculo, como si se precipitara por una pendiente a toda velocidad o atacara una curva al l\u00edmite de su agarre. El asfalto parece deformarse bajo la tracci\u00f3n, y el momento congelado se vuelve casi sonoro.<\/p>\n<p>La est\u00e9tica general es cruda, casi agresiva, con un impacto visual inmediato. Este enfoque gr\u00e1fico evoca el mundo del arte callejero y la cultura urbana japonesa, combinando velocidad, control y expresividad visual. El estilo sugiere una carrera clandestina, una huida mec\u00e1nica, un momento de pura tensi\u00f3n.<\/p>\n<p>Este <strong>Plantilla Drift Mazda RX7<\/strong> es tanto para entusiastas de los coches como para artistas, creadores o dise\u00f1adores que buscan expresar una forma de potencia controlada y libertad motorizada. Encaja a la perfecci\u00f3n en paredes, cuadros, paneles o cualquier otro soporte creativo con una fuerte personalidad.<\/p>\n<p>Su dise\u00f1o din\u00e1mico y detallado lo convierte en un poderoso elemento compositivo, capaz de transformar un espacio o una obra de arte inyect\u00e1ndole un soplo de energ\u00eda, movimiento y pasi\u00f3n.<\/p>","protected":false},"excerpt":{"rendered":"<p><strong>Plantilla Mazda RX7 Drift<\/strong> Concebido para la pintura din\u00e1mica. Reversibles, de varios tama\u00f1os, de alta calidad, perfectos para pintura o frescos.<\/p>","protected":false},"featured_media":29208,"comment_status":"open","ping_status":"closed","template":"","meta":{"bwfblock_default_font":"","_kad_blocks_custom_css":"","_kad_blocks_head_custom_js":"","_kad_blocks_body_custom_js":"","_kad_blocks_footer_custom_js":"","_kadence_starter_templates_imported_post":false,"_kad_post_transparent":"default","_kad_post_title":"","_kad_post_layout":"default","_kad_post_sidebar_id":"","_kad_post_content_style":"default","_kad_post_vertical_padding":"default","_kad_post_feature":"","_kad_post_feature_position":"","_kad_post_header":false,"_kad_post_footer":false,"_kad_post_classname":""},"product_brand":[1415],"product_cat":[1713,971],"product_tag":[1645,1643,812,1644,1636,1647,816,1173,1642,1637,1132,286,814,813,1638],"class_list":{"0":"post-28687","1":"product","2":"type-product","3":"status-publish","4":"has-post-thumbnail","6":"product_brand-mes-pochoirs","7":"product_cat-pochoirs-voitures","8":"product_cat-pochoirs-univers-mecanique","9":"product_tag-automobile","10":"product_tag-bitume","11":"product_tag-circuit","12":"product_tag-coupe-sport","13":"product_tag-drift","14":"product_tag-mazda-rx-7","15":"product_tag-mecanique","16":"product_tag-puissance","17":"product_tag-racing","18":"product_tag-tuning","19":"product_tag-underground","20":"product_tag-urbain","21":"product_tag-vitesse","22":"product_tag-voiture","23":"product_tag-voiture-de-sport","25":"first","26":"instock","27":"taxable","28":"shipping-taxable","29":"purchasable","30":"product-type-variable","31":"entry","32":"content-bg","33":"loop-entry"},"taxonomy_info":{"product_brand":[{"value":1415,"label":"Mes Pochoirs"}],"product_cat":[{"value":1713,"label":"Voitures"},{"value":971,"label":"Univers M\u00e9canique"}],"product_tag":[{"value":1645,"label":"automobile"},{"value":1643,"label":"bitume"},{"value":812,"label":"circuit"},{"value":1644,"label":"coup\u00e9 sport"},{"value":1636,"label":"drift"},{"value":1647,"label":"Mazda RX-7"},{"value":816,"label":"m\u00e9canique"},{"value":1173,"label":"puissance"},{"value":1642,"label":"racing"},{"value":1637,"label":"tuning"},{"value":1132,"label":"underground"},{"value":286,"label":"urbain"},{"value":814,"label":"vitesse"},{"value":813,"label":"voiture"},{"value":1638,"label":"voiture de sport"}]},"featured_image_src_large":["https:\/\/mes-pochoirs.com\/wp-content\/uploads\/2025\/08\/UM0014-pochoir-voiture-copyright-mes-pochoirs-858x1030.jpg",858,1030,true],"author_info":[],"comment_info":0,"_links":{"self":[{"href":"https:\/\/mes-pochoirs.com\/es\/wp-json\/wp\/v2\/product\/28687","targetHints":{"allow":["GET"]}}],"collection":[{"href":"https:\/\/mes-pochoirs.com\/es\/wp-json\/wp\/v2\/product"}],"about":[{"href":"https:\/\/mes-pochoirs.com\/es\/wp-json\/wp\/v2\/types\/product"}],"replies":[{"embeddable":true,"href":"https:\/\/mes-pochoirs.com\/es\/wp-json\/wp\/v2\/comments?post=28687"}],"wp:featuredmedia":[{"embeddable":true,"href":"https:\/\/mes-pochoirs.com\/es\/wp-json\/wp\/v2\/media\/29208"}],"wp:attachment":[{"href":"https:\/\/mes-pochoirs.com\/es\/wp-json\/wp\/v2\/media?parent=28687"}],"wp:term":[{"taxonomy":"product_brand","embeddable":true,"href":"https:\/\/mes-pochoirs.com\/es\/wp-json\/wp\/v2\/product_brand?post=28687"},{"taxonomy":"product_cat","embeddable":true,"href":"https:\/\/mes-pochoirs.com\/es\/wp-json\/wp\/v2\/product_cat?post=28687"},{"taxonomy":"product_tag","embeddable":true,"href":"https:\/\/mes-pochoirs.com\/es\/wp-json\/wp\/v2\/product_tag?post=28687"}],"curies":[{"name":"wp","href":"https:\/\/api.w.org\/{rel}","templated":true}]}}