{"id":28695,"date":"2025-10-16T11:21:55","date_gmt":"2025-10-16T09:21:55","guid":{"rendered":"https:\/\/mes-pochoirs.com\/?post_type=product&#038;p=28695"},"modified":"2025-10-31T12:41:40","modified_gmt":"2025-10-31T11:41:40","slug":"american-car-stencil-um0015","status":"publish","type":"product","link":"https:\/\/mes-pochoirs.com\/es\/produit\/pochoir-voiture-americaine-um0015","title":{"rendered":"Plantilla Coche Americano - UM0015"},"content":{"rendered":"<h2>Plantilla Coche Americano - Cuba Retro Street Art<\/h2>\n<p>Esta plantilla de coche americano evoca toda la potencia y el encanto vintage de los grandes coches de carretera de los a\u00f1os 50. Inspirada en modelos ic\u00f3nicos como el Chevrolet Bel Air, el Buick Special, el Pontiac Chieftain y el Opel Rekord P1, captura el esp\u00edritu libre y exuberante de la Am\u00e9rica de posguerra: las relucientes carrocer\u00edas que a\u00fan pueden encontrarse en las soleadas carreteras de La Habana.<\/p>\n<p>El llamativo dise\u00f1o frontal resalta las l\u00edneas caracter\u00edsticas de estos coches legendarios: el amplio cap\u00f3 abombado que parece listo para abalanzarse, los prominentes faros redondos en los extremos, la enorme parrilla horizontal y el parachoques cromado con su deslumbrante sonrisa. Esta mezcla de potencia y suavidad, t\u00edpica del dise\u00f1o de los coches de los a\u00f1os cincuenta, hace de este motivo un aut\u00e9ntico homenaje a la cultura cl\u00e1sica americana.<\/p>\n<p>Creada en un estilo urbano crudo y contrastado, esta plantilla combina la espontaneidad del graffiti con la precisi\u00f3n del dibujo vectorial. Perfecta para su uso en paredes, lienzos o muebles, se adapta tanto a la decoraci\u00f3n retro, de garaje o industrial como al arte pop. Sus efectos de desgaste y textura le confieren un realismo sorprendente y un car\u00e1cter \u00fanico.<\/p>\n<p>Cortada cuidadosamente en un material flexible y resistente, esta plantilla es f\u00e1cil de usar y duradera. Compatible con pintura en aerosol, aer\u00f3grafo, rodillo o pintura acr\u00edlica, se puede aplicar de forma n\u00edtida y repetida, para obtener un resultado preciso y expresivo.<\/p>\n<p>La plantilla American Car no es s\u00f3lo un motivo decorativo: es un gui\u00f1o a la libertad, a la carretera abierta y a la nostalgia de los a\u00f1os dorados del autom\u00f3vil. Un s\u00edmbolo atemporal, potente y vibrante para los amantes del estilo vintage y el arte urbano.<\/p>","protected":false},"excerpt":{"rendered":"<p>Esta plantilla de coche americano captura la elegancia y la potencia de los coches de los a\u00f1os 50. Con sus l\u00edneas retro y su estilo de arte callejero, evoca los legendarios Chevrolet Bel Air o Buick Special que recorr\u00edan las calles de Cuba. Un motivo emblem\u00e1tico para dar a tus dise\u00f1os un aire vintage y urbano, lleno de car\u00e1cter.<\/p>","protected":false},"featured_media":29209,"comment_status":"open","ping_status":"closed","template":"","meta":{"bwfblock_default_font":"","_kad_blocks_custom_css":"","_kad_blocks_head_custom_js":"","_kad_blocks_body_custom_js":"","_kad_blocks_footer_custom_js":"","_kadence_starter_templates_imported_post":false,"_kad_post_transparent":"default","_kad_post_title":"","_kad_post_layout":"default","_kad_post_sidebar_id":"","_kad_post_content_style":"default","_kad_post_vertical_padding":"default","_kad_post_feature":"","_kad_post_feature_position":"","_kad_post_header":false,"_kad_post_footer":false,"_kad_post_classname":""},"product_brand":[1415],"product_cat":[1713,328,971],"product_tag":[1768,1653,1650,1770,1769,1649,1771,525,1651,1724,1652,1654,1648],"class_list":{"0":"post-28695","1":"product","2":"type-product","3":"status-publish","4":"has-post-thumbnail","6":"product_brand-mes-pochoirs","7":"product_cat-pochoirs-voitures","8":"product_cat-pochoirs-street-art","9":"product_cat-pochoirs-univers-mecanique","10":"product_tag-americaine","11":"product_tag-art-retro","12":"product_tag-berline-ancienne","13":"product_tag-buick-special","14":"product_tag-chevrolet-bel-air","15":"product_tag-opel-rekord","16":"product_tag-pontiac-chieftain","17":"product_tag-retro","18":"product_tag-style-annees-50","19":"product_tag-voiture-americaine","20":"product_tag-voiture-ancienne","21":"product_tag-voiture-de-collection","22":"product_tag-voiture-vintage","24":"first","25":"instock","26":"taxable","27":"shipping-taxable","28":"purchasable","29":"product-type-variable","30":"entry","31":"content-bg","32":"loop-entry"},"taxonomy_info":{"product_brand":[{"value":1415,"label":"Mes Pochoirs"}],"product_cat":[{"value":1713,"label":"Voitures"},{"value":328,"label":"Street Art"},{"value":971,"label":"Univers M\u00e9canique"}],"product_tag":[{"value":1768,"label":"am\u00e9ricaine"},{"value":1653,"label":"art r\u00e9tro"},{"value":1650,"label":"berline ancienne"},{"value":1770,"label":"Buick Special"},{"value":1769,"label":"Chevrolet Bel Air"},{"value":1649,"label":"opel rekord"},{"value":1771,"label":"Pontiac Chieftain"},{"value":525,"label":"r\u00e9tro"},{"value":1651,"label":"style ann\u00e9es 50"},{"value":1724,"label":"voiture am\u00e9ricaine"},{"value":1652,"label":"voiture ancienne"},{"value":1654,"label":"voiture de collection"},{"value":1648,"label":"voiture vintage"}]},"featured_image_src_large":["https:\/\/mes-pochoirs.com\/wp-content\/uploads\/2025\/08\/UM0015-pochoir-voiture-copyright-mes-pochoirs-858x1030.jpg",858,1030,true],"author_info":[],"comment_info":0,"_links":{"self":[{"href":"https:\/\/mes-pochoirs.com\/es\/wp-json\/wp\/v2\/product\/28695","targetHints":{"allow":["GET"]}}],"collection":[{"href":"https:\/\/mes-pochoirs.com\/es\/wp-json\/wp\/v2\/product"}],"about":[{"href":"https:\/\/mes-pochoirs.com\/es\/wp-json\/wp\/v2\/types\/product"}],"replies":[{"embeddable":true,"href":"https:\/\/mes-pochoirs.com\/es\/wp-json\/wp\/v2\/comments?post=28695"}],"wp:featuredmedia":[{"embeddable":true,"href":"https:\/\/mes-pochoirs.com\/es\/wp-json\/wp\/v2\/media\/29209"}],"wp:attachment":[{"href":"https:\/\/mes-pochoirs.com\/es\/wp-json\/wp\/v2\/media?parent=28695"}],"wp:term":[{"taxonomy":"product_brand","embeddable":true,"href":"https:\/\/mes-pochoirs.com\/es\/wp-json\/wp\/v2\/product_brand?post=28695"},{"taxonomy":"product_cat","embeddable":true,"href":"https:\/\/mes-pochoirs.com\/es\/wp-json\/wp\/v2\/product_cat?post=28695"},{"taxonomy":"product_tag","embeddable":true,"href":"https:\/\/mes-pochoirs.com\/es\/wp-json\/wp\/v2\/product_tag?post=28695"}],"curies":[{"name":"wp","href":"https:\/\/api.w.org\/{rel}","templated":true}]}}