{"id":28714,"date":"2025-08-13T11:42:47","date_gmt":"2025-08-13T09:42:47","guid":{"rendered":"https:\/\/mes-pochoirs.com\/?post_type=product&#038;p=28714"},"modified":"2025-10-31T12:42:01","modified_gmt":"2025-10-31T11:42:01","slug":"plantilla-japonesa-toyota-2000gt-um0017","status":"publish","type":"product","link":"https:\/\/mes-pochoirs.com\/es\/produit\/pochoir-voiture-japonaise-toyota-2000gt-um0017","title":{"rendered":"Plantilla Toyota 2000GT - UM0017"},"content":{"rendered":"<h2>Plantilla de coche japon\u00e9s Toyota 2000GT<\/h2>\n<p>Este <strong>Plantilla de coche japon\u00e9s Toyota 2000GT<\/strong> destaca un coche legendario, una aut\u00e9ntica joya del dise\u00f1o automovil\u00edstico japon\u00e9s de los a\u00f1os sesenta. Captado desde un \u00e1ngulo din\u00e1mico y elegante, el coche revela una silueta estilizada y fluida que encarna a la perfecci\u00f3n el esp\u00edritu de gran turismo de su \u00e9poca. Cada curva del chasis, cada detalle del frontal, desde los faros hasta los retrovisores, expresan una est\u00e9tica refinada concebida con rigor y pasi\u00f3n.<\/p>\n<p>El coche representado es el Toyota 2000GT, un modelo raro e ic\u00f3nico considerado el primer supercoche japon\u00e9s. Producido entre 1967 y 1970 en cantidades muy reducidas, este coche es hoy una aut\u00e9ntica pieza de coleccionista, admirada por su dise\u00f1o inspirado en los deportivos europeos, en particular el Jaguar E-Type. Ha dejado su huella en la historia tanto por sus prestaciones como por su belleza atemporal.<\/p>\n<p>Con sus faros aerodin\u00e1micos, su cap\u00f3 alargado, sus aletas redondeadas y sus retrovisores frontales, el 2000GT desprende un encanto \u00fanico, mezclando la modernidad de la \u00e9poca con la delicadeza de su artesan\u00eda. El tratamiento gr\u00e1fico de la plantilla, a la vez estilizado y expresivo, refleja perfectamente este equilibrio. Los contornos limpios, las texturas crudas y los vac\u00edos controlados confieren a la imagen una notable fuerza visual que capta inmediatamente la atenci\u00f3n.<\/p>\n<p>Este visual es un cruce entre el retro japon\u00e9s, el elegante arte callejero y la cultura JDM cl\u00e1sica. Se puede utilizar para una amplia gama de creaciones art\u00edsticas: murales, lienzos modernos, muebles personalizados o composiciones gr\u00e1ficas basadas en la pasi\u00f3n por los coches.<\/p>\n<p>Dise\u00f1ado para artistas, aficionados al dise\u00f1o y entusiastas de los coches cl\u00e1sicos, este <strong>Plantilla de coche japon\u00e9s Toyota 2000GT<\/strong> transforma la ic\u00f3nica silueta de este autom\u00f3vil en un lenguaje visual fuerte, atemporal y expresivo. Encarna la pureza de las l\u00edneas japonesas, la tecnolog\u00eda punta de la \u00e9poca y la poes\u00eda mec\u00e1nica que el coche sigue evocando m\u00e1s de cincuenta a\u00f1os despu\u00e9s de su creaci\u00f3n.<\/p>","protected":false},"excerpt":{"rendered":"<p><strong>Plantilla de coche japon\u00e9s Toyota 2000GT<\/strong> para pintura o pizarra. Reutilizables, de alta calidad, reversibles, varios tama\u00f1os disponibles.<\/p>","protected":false},"featured_media":29210,"comment_status":"open","ping_status":"closed","template":"","meta":{"bwfblock_default_font":"","_kad_blocks_custom_css":"","_kad_blocks_head_custom_js":"","_kad_blocks_body_custom_js":"","_kad_blocks_footer_custom_js":"","_kadence_starter_templates_imported_post":false,"_kad_post_transparent":"default","_kad_post_title":"","_kad_post_layout":"default","_kad_post_sidebar_id":"","_kad_post_content_style":"default","_kad_post_vertical_padding":"default","_kad_post_feature":"","_kad_post_feature_position":"","_kad_post_header":false,"_kad_post_footer":false,"_kad_post_classname":""},"product_brand":[1415],"product_cat":[1713,971],"product_tag":[1653,1650,525,1657,1658,1652,1654,1712,1648],"class_list":{"0":"post-28714","1":"product","2":"type-product","3":"status-publish","4":"has-post-thumbnail","6":"product_brand-mes-pochoirs","7":"product_cat-pochoirs-voitures","8":"product_cat-pochoirs-univers-mecanique","9":"product_tag-art-retro","10":"product_tag-berline-ancienne","11":"product_tag-retro","12":"product_tag-style-annees-60","13":"product_tag-toyota-2000gt","14":"product_tag-voiture-ancienne","15":"product_tag-voiture-de-collection","16":"product_tag-voiture-japonaise","17":"product_tag-voiture-vintage","19":"first","20":"instock","21":"taxable","22":"shipping-taxable","23":"purchasable","24":"product-type-variable","25":"entry","26":"content-bg","27":"loop-entry"},"taxonomy_info":{"product_brand":[{"value":1415,"label":"Mes Pochoirs"}],"product_cat":[{"value":1713,"label":"Voitures"},{"value":971,"label":"Univers M\u00e9canique"}],"product_tag":[{"value":1653,"label":"art r\u00e9tro"},{"value":1650,"label":"berline ancienne"},{"value":525,"label":"r\u00e9tro"},{"value":1657,"label":"style ann\u00e9es 60"},{"value":1658,"label":"Toyota 2000GT"},{"value":1652,"label":"voiture ancienne"},{"value":1654,"label":"voiture de collection"},{"value":1712,"label":"Voiture Japonaise"},{"value":1648,"label":"voiture vintage"}]},"featured_image_src_large":["https:\/\/mes-pochoirs.com\/wp-content\/uploads\/2025\/08\/UM0017-pochoir-voiture-copyright-mes-pochoirs-858x1030.jpg",858,1030,true],"author_info":[],"comment_info":0,"_links":{"self":[{"href":"https:\/\/mes-pochoirs.com\/es\/wp-json\/wp\/v2\/product\/28714","targetHints":{"allow":["GET"]}}],"collection":[{"href":"https:\/\/mes-pochoirs.com\/es\/wp-json\/wp\/v2\/product"}],"about":[{"href":"https:\/\/mes-pochoirs.com\/es\/wp-json\/wp\/v2\/types\/product"}],"replies":[{"embeddable":true,"href":"https:\/\/mes-pochoirs.com\/es\/wp-json\/wp\/v2\/comments?post=28714"}],"wp:featuredmedia":[{"embeddable":true,"href":"https:\/\/mes-pochoirs.com\/es\/wp-json\/wp\/v2\/media\/29210"}],"wp:attachment":[{"href":"https:\/\/mes-pochoirs.com\/es\/wp-json\/wp\/v2\/media?parent=28714"}],"wp:term":[{"taxonomy":"product_brand","embeddable":true,"href":"https:\/\/mes-pochoirs.com\/es\/wp-json\/wp\/v2\/product_brand?post=28714"},{"taxonomy":"product_cat","embeddable":true,"href":"https:\/\/mes-pochoirs.com\/es\/wp-json\/wp\/v2\/product_cat?post=28714"},{"taxonomy":"product_tag","embeddable":true,"href":"https:\/\/mes-pochoirs.com\/es\/wp-json\/wp\/v2\/product_tag?post=28714"}],"curies":[{"name":"wp","href":"https:\/\/api.w.org\/{rel}","templated":true}]}}