{"id":28723,"date":"2025-08-13T11:48:21","date_gmt":"2025-08-13T09:48:21","guid":{"rendered":"https:\/\/mes-pochoirs.com\/?post_type=product&#038;p=28723"},"modified":"2026-02-26T15:15:07","modified_gmt":"2026-02-26T14:15:07","slug":"plantilla-citroen-2cv-um0018","status":"publish","type":"product","link":"https:\/\/mes-pochoirs.com\/es\/produit\/pochoir-citroen-2cv-um0018","title":{"rendered":"Plantilla Citro\u00ebn 2CV - UM0018"},"content":{"rendered":"<h2>Plantilla Citro\u00ebn 2CV<\/h2>\n<p>Este <strong>Plantilla Citro\u00ebn 2CV<\/strong> rinde homenaje a uno de los coches m\u00e1s emblem\u00e1ticos del patrimonio automovil\u00edstico franc\u00e9s. Captado aqu\u00ed desde un \u00e1ngulo din\u00e1mico y ligeramente hundido, muestra toda la suavidad de sus l\u00edneas redondeadas, su encanto retro y su car\u00e1cter \u00fanico. Lejos de quedarse anclado en el pasado, esta versi\u00f3n estilizada revela un 2CV decididamente expresivo, listo para encontrar su lugar en el coraz\u00f3n de una obra de arte contempor\u00e1nea.<\/p>\n<p>Concebido originalmente como un veh\u00edculo utilitario econ\u00f3mico, el 2CV fue m\u00e1s all\u00e1 de su vocaci\u00f3n inicial para convertirse en un s\u00edmbolo de libertad, sencillez e ingenio. Con sus l\u00edneas elegantes, su cap\u00f3 estriado, sus faros redondos y elevados, sus aletas independientes y su aspecto aventurero, personificaba una \u00e9poca, un estilo de vida y una filosof\u00eda. La versi\u00f3n mostrada aqu\u00ed es un homenaje a este dise\u00f1o de culto.<\/p>\n<p>El tratamiento gr\u00e1fico del estarcido acent\u00faa los contrastes, juega con las texturas del desgaste y las l\u00edneas llenas y sueltas, creando un efecto visual a la vez crudo y accesible. El 2CV parece haber surgido de un mural, de un muro urbano o de un tableau vivant. Se convierte en material art\u00edstico, listo para integrarse en una obra de arte, un mueble a medida, un lienzo o un fresco urbano.<\/p>\n<p>Lejos de ser un clich\u00e9 folcl\u00f3rico, esta plantilla confiere al 2CV un aura moderna, alegre, casi rebelde. Se convierte en un tema de expresi\u00f3n, un vector de memoria y emoci\u00f3n visual. Atrae tanto a los aficionados nost\u00e1lgicos como a los artistas contempor\u00e1neos que buscan iconos de los que apropiarse.<\/p>\n<p>Puede utilizarse en una amplia variedad de sustratos. <strong>Plantilla Citro\u00ebn 2CV<\/strong>\u00a0es ideal para creaciones murales, composiciones gr\u00e1ficas, pintura y proyectos de arte callejero. Gracias a su magistral detallismo, resalta toda la personalidad del coche, sin congelar nunca su esp\u00edritu.<\/p>\n<p>Este 2CV estarcido es algo m\u00e1s que un objeto antiguo: se convierte en una musa gr\u00e1fica, un gui\u00f1o al pasado reinterpretado por el arte urbano, un s\u00edmbolo de Francia y de la creatividad popular.<\/p>","protected":false},"excerpt":{"rendered":"<p><strong>Plantilla Citro\u00ebn 2CV<\/strong> para pintar, hacer obras de arte o cuadros. Reutilizables, de alta calidad, reversibles y disponibles en varios tama\u00f1os.<\/p>","protected":false},"featured_media":29211,"comment_status":"open","ping_status":"closed","template":"","meta":{"bwfblock_default_font":"","_kad_blocks_custom_css":"","_kad_blocks_head_custom_js":"","_kad_blocks_body_custom_js":"","_kad_blocks_footer_custom_js":"","_kadence_starter_templates_imported_post":false,"_kad_post_transparent":"default","_kad_post_title":"","_kad_post_layout":"default","_kad_post_sidebar_id":"","_kad_post_content_style":"default","_kad_post_vertical_padding":"default","_kad_post_feature":"","_kad_post_feature_position":"","_kad_post_header":false,"_kad_post_footer":false,"_kad_post_classname":""},"product_brand":[1415],"product_cat":[1713,971],"product_tag":[1653,1660,1659,525,974,1652,1654,1648],"class_list":{"0":"post-28723","1":"product","2":"type-product","3":"status-publish","4":"has-post-thumbnail","6":"product_brand-mes-pochoirs","7":"product_cat-pochoirs-voitures","8":"product_cat-pochoirs-univers-mecanique","9":"product_tag-art-retro","10":"product_tag-automobile-francais","11":"product_tag-pochoir-citroen-2cv","12":"product_tag-retro","13":"product_tag-vehicule","14":"product_tag-voiture-ancienne","15":"product_tag-voiture-de-collection","16":"product_tag-voiture-vintage","18":"first","19":"instock","20":"taxable","21":"shipping-taxable","22":"purchasable","23":"product-type-variable","24":"entry","25":"content-bg","26":"loop-entry"},"taxonomy_info":{"product_brand":[{"value":1415,"label":"Mes Pochoirs"}],"product_cat":[{"value":1713,"label":"Voitures"},{"value":971,"label":"Univers M\u00e9canique"}],"product_tag":[{"value":1653,"label":"art r\u00e9tro"},{"value":1660,"label":"automobile fran\u00e7ais"},{"value":1659,"label":"Pochoir Citro\u00ebn 2CV"},{"value":525,"label":"r\u00e9tro"},{"value":974,"label":"v\u00e9hicule"},{"value":1652,"label":"voiture ancienne"},{"value":1654,"label":"voiture de collection"},{"value":1648,"label":"voiture vintage"}]},"featured_image_src_large":["https:\/\/mes-pochoirs.com\/wp-content\/uploads\/2025\/08\/UM0018-pochoir-voiture-copyright-mes-pochoirs-858x1030.jpg",858,1030,true],"author_info":[],"comment_info":3,"_links":{"self":[{"href":"https:\/\/mes-pochoirs.com\/es\/wp-json\/wp\/v2\/product\/28723","targetHints":{"allow":["GET"]}}],"collection":[{"href":"https:\/\/mes-pochoirs.com\/es\/wp-json\/wp\/v2\/product"}],"about":[{"href":"https:\/\/mes-pochoirs.com\/es\/wp-json\/wp\/v2\/types\/product"}],"replies":[{"embeddable":true,"href":"https:\/\/mes-pochoirs.com\/es\/wp-json\/wp\/v2\/comments?post=28723"}],"wp:featuredmedia":[{"embeddable":true,"href":"https:\/\/mes-pochoirs.com\/es\/wp-json\/wp\/v2\/media\/29211"}],"wp:attachment":[{"href":"https:\/\/mes-pochoirs.com\/es\/wp-json\/wp\/v2\/media?parent=28723"}],"wp:term":[{"taxonomy":"product_brand","embeddable":true,"href":"https:\/\/mes-pochoirs.com\/es\/wp-json\/wp\/v2\/product_brand?post=28723"},{"taxonomy":"product_cat","embeddable":true,"href":"https:\/\/mes-pochoirs.com\/es\/wp-json\/wp\/v2\/product_cat?post=28723"},{"taxonomy":"product_tag","embeddable":true,"href":"https:\/\/mes-pochoirs.com\/es\/wp-json\/wp\/v2\/product_tag?post=28723"}],"curies":[{"name":"wp","href":"https:\/\/api.w.org\/{rel}","templated":true}]}}