{"id":28740,"date":"2025-08-06T11:56:06","date_gmt":"2025-08-06T09:56:06","guid":{"rendered":"https:\/\/mes-pochoirs.com\/?post_type=product&#038;p=28740"},"modified":"2025-10-31T12:42:07","modified_gmt":"2025-10-31T11:42:07","slug":"plantilla-volkswagen-beetle-um0020","status":"publish","type":"product","link":"https:\/\/mes-pochoirs.com\/es\/produit\/pochoir-volkswagen-coccinelle-um0020","title":{"rendered":"Plantilla Volkswagen Escarabajo - UM0020"},"content":{"rendered":"<h2>Plantilla Volkswagen Escarabajo<\/h2>\n<p>Este <strong>Plantilla Volkswagen Escarabajo<\/strong> presenta un coche legendario con una silueta reconocible al instante: el Volkswagen Escarabajo, un emblema del siglo XX tan familiar como intemporal. Presentado en una vista frontal de tres cuartos, las curvas redondeadas y el dise\u00f1o fluido del Escarabajo desprenden una presencia suave pero firme. Lejos de ser un simple homenaje mec\u00e1nico, esta versi\u00f3n revisitada refleja el esp\u00edritu libre, alegre y popular que siempre ha rodeado a este veh\u00edculo de culto.<\/p>\n<p>Las aletas abombadas, los faros redondos empotrados, el parachoques finamente dise\u00f1ado y el cap\u00f3 redondeado evocan las l\u00edneas originales del Escarabajo, producido a partir de finales de los a\u00f1os treinta, pero que se hizo famoso en los sesenta y setenta. Este modelo ha superado la prueba del tiempo, transmitiendo mensajes tan diversos como la sencillez, el anticonformismo, el pacifismo y la alegre nostalgia.<\/p>\n<p>Este estarcido ofrece una interpretaci\u00f3n gr\u00e1fica cruda y estilizada: las texturas irregulares, las zonas deliberadamente rotas o incompletas y el tratamiento fragmentado de la carrocer\u00eda confieren al conjunto un aspecto desgastado y vivo. El coche parece llevar d\u00e9cadas rodando por el asfalto de nuestra memoria colectiva, cubierto de historias, colores y culturas.<\/p>\n<p>No se trata s\u00f3lo de una t\u00e9cnica visual: esta plantilla transforma el Beetle en un objeto art\u00edstico por derecho propio, ideal para murales, lienzos, paneles decorativos o proyectos personalizados en torno al tema de la libertad y lo vintage. La colorida ilustraci\u00f3n acent\u00faa este efecto inyectando una dosis de movimiento y energ\u00eda a la composici\u00f3n: el coche parece pintado con la espontaneidad del graffiti y la ternura del arte popular.<\/p>\n<p>Adecuado para su uso en una amplia gama de sustratos, este <strong>Plantilla Volkswagen Escarabajo<\/strong> es tanto para artistas urbanos como para amantes del dise\u00f1o retro, entusiastas de los coches cl\u00e1sicos como para dise\u00f1adores que buscan un s\u00edmbolo suave, redondo y positivo.<\/p>\n<p>Aqu\u00ed, el Volkswagen Escarabajo se convierte en un veh\u00edculo de emociones, un medio para la creaci\u00f3n y un gui\u00f1o intemporal a una \u00e9poca en la que conducir significaba sobre todo ponerse en marcha, so\u00f1ar y expresarse libremente.<\/p>","protected":false},"excerpt":{"rendered":"<p><strong>Plantilla Volkswagen Escarabajo<\/strong> ideal para artistas. Alta calidad, m\u00faltiples formatos, reversibles, perfectos para frescos vintage.<\/p>","protected":false},"featured_media":28838,"comment_status":"open","ping_status":"closed","template":"","meta":{"bwfblock_default_font":"","_kad_blocks_custom_css":"","_kad_blocks_head_custom_js":"","_kad_blocks_body_custom_js":"","_kad_blocks_footer_custom_js":"","_kadence_starter_templates_imported_post":false,"_kad_post_transparent":"default","_kad_post_title":"","_kad_post_layout":"default","_kad_post_sidebar_id":"","_kad_post_content_style":"default","_kad_post_vertical_padding":"default","_kad_post_feature":"","_kad_post_feature_position":"","_kad_post_header":false,"_kad_post_footer":false,"_kad_post_classname":""},"product_brand":[1415],"product_cat":[1713,971],"product_tag":[1653,1650,525,1663,1652,1654,1648,1662],"class_list":{"0":"post-28740","1":"product","2":"type-product","3":"status-publish","4":"has-post-thumbnail","6":"product_brand-mes-pochoirs","7":"product_cat-pochoirs-voitures","8":"product_cat-pochoirs-univers-mecanique","9":"product_tag-art-retro","10":"product_tag-berline-ancienne","11":"product_tag-retro","12":"product_tag-style-annees-60-70","13":"product_tag-voiture-ancienne","14":"product_tag-voiture-de-collection","15":"product_tag-voiture-vintage","16":"product_tag-volkswagen-coccinelle","18":"first","19":"instock","20":"taxable","21":"shipping-taxable","22":"purchasable","23":"product-type-variable","24":"entry","25":"content-bg","26":"loop-entry"},"taxonomy_info":{"product_brand":[{"value":1415,"label":"Mes Pochoirs"}],"product_cat":[{"value":1713,"label":"Voitures"},{"value":971,"label":"Univers M\u00e9canique"}],"product_tag":[{"value":1653,"label":"art r\u00e9tro"},{"value":1650,"label":"berline ancienne"},{"value":525,"label":"r\u00e9tro"},{"value":1663,"label":"style ann\u00e9es 60 70"},{"value":1652,"label":"voiture ancienne"},{"value":1654,"label":"voiture de collection"},{"value":1648,"label":"voiture vintage"},{"value":1662,"label":"Volkswagen Coccinelle"}]},"featured_image_src_large":["https:\/\/mes-pochoirs.com\/wp-content\/uploads\/2025\/08\/UM0020-pochoir-voiture-copyright-mes-pochoirs-858x1030.jpg",858,1030,true],"author_info":[],"comment_info":2,"_links":{"self":[{"href":"https:\/\/mes-pochoirs.com\/es\/wp-json\/wp\/v2\/product\/28740","targetHints":{"allow":["GET"]}}],"collection":[{"href":"https:\/\/mes-pochoirs.com\/es\/wp-json\/wp\/v2\/product"}],"about":[{"href":"https:\/\/mes-pochoirs.com\/es\/wp-json\/wp\/v2\/types\/product"}],"replies":[{"embeddable":true,"href":"https:\/\/mes-pochoirs.com\/es\/wp-json\/wp\/v2\/comments?post=28740"}],"wp:featuredmedia":[{"embeddable":true,"href":"https:\/\/mes-pochoirs.com\/es\/wp-json\/wp\/v2\/media\/28838"}],"wp:attachment":[{"href":"https:\/\/mes-pochoirs.com\/es\/wp-json\/wp\/v2\/media?parent=28740"}],"wp:term":[{"taxonomy":"product_brand","embeddable":true,"href":"https:\/\/mes-pochoirs.com\/es\/wp-json\/wp\/v2\/product_brand?post=28740"},{"taxonomy":"product_cat","embeddable":true,"href":"https:\/\/mes-pochoirs.com\/es\/wp-json\/wp\/v2\/product_cat?post=28740"},{"taxonomy":"product_tag","embeddable":true,"href":"https:\/\/mes-pochoirs.com\/es\/wp-json\/wp\/v2\/product_tag?post=28740"}],"curies":[{"name":"wp","href":"https:\/\/api.w.org\/{rel}","templated":true}]}}