{"id":28764,"date":"2025-10-30T12:08:58","date_gmt":"2025-10-30T11:08:58","guid":{"rendered":"https:\/\/mes-pochoirs.com\/?post_type=product&#038;p=28764"},"modified":"2025-11-10T23:29:28","modified_gmt":"2025-11-10T22:29:28","slug":"plantilla-coche-volkswagen-escarabajo-um0023","status":"publish","type":"product","link":"https:\/\/mes-pochoirs.com\/es\/produit\/pochoir-voiture-volkswagen-coccinelle-um0023","title":{"rendered":"Plantilla Volkswagen Escarabajo - UM0023"},"content":{"rendered":"<h2>Plantilla Volkswagen Escarabajo<\/h2>\n<p>Este <strong>Plantilla Volkswagen Escarabajo<\/strong> representa un coche ic\u00f3nico con una silueta reconocible al instante: un Volkswagen Escarabajo de \u00e9poca, probablemente de los a\u00f1os sesenta o principios de los setenta. Su dise\u00f1o redondeado, las aletas abombadas, los faros prominentes y el cap\u00f3 inclinado le confieren un aspecto retro, entra\u00f1able y atemporal. La vista elegida para esta composici\u00f3n muestra el coche ligeramente bajo y en diagonal, acentuando su presencia, como si avanzara orgulloso hacia el espectador.<\/p>\n<p>El estilo visual de la plantilla es crudo, en\u00e9rgico y decididamente urbano. Los contornos limpios de la carrocer\u00eda contrastan con zonas deliberadamente incompletas o \u00abrayadas\u00bb, que a\u00f1aden una textura viva y una sensaci\u00f3n de movimiento. Tambi\u00e9n hay salpicaduras y salpicaduras en la base del veh\u00edculo, que recuerdan los goteos de tinta y pintura t\u00edpicos del arte callejero. Este detalle da la impresi\u00f3n de que el coche brota de una pared, como un mural urbano.<\/p>\n<p>El modelo expuesto est\u00e1 rebajado, con ruedas bien marcadas y un asiento visualmente m\u00e1s deportivo que el original. Todo el efecto evoca una interpretaci\u00f3n moderna de un veh\u00edculo antiguo, una fusi\u00f3n de herencia mec\u00e1nica y expresi\u00f3n art\u00edstica contempor\u00e1nea. Es esta tensi\u00f3n entre nostalgia y modernidad lo que hace que la plantilla sea tan expresiva.<\/p>\n<p>Este dise\u00f1o atraer\u00e1 por igual a los entusiastas de los coches cl\u00e1sicos y a los amantes del arte mural, as\u00ed como a quienes deseen a\u00f1adir un toque retro a sus creaciones conservando una energ\u00eda juvenil y vivaz. Puede integrarse en una composici\u00f3n m\u00e1s amplia, utilizarse en serie, superponerse o en gran formato, sobre lienzo, pared, mueble o textil.<\/p>\n<p>Con su forma sencilla pero ic\u00f3nica, el Escarabajo se convierte en mucho m\u00e1s que un coche: se convierte en un s\u00edmbolo de libertad, viajes, optimismo e incluso humor. Este <strong>Plantilla Volkswagen Escarabajo<\/strong> es la encarnaci\u00f3n perfecta del esp\u00edritu de la apropiaci\u00f3n art\u00edstica indebida, donde un objeto popular cotidiano se convierte en una obra de arte expresiva, infinitamente personalizable en cuanto a los materiales y soportes utilizados.<\/p>","protected":false},"excerpt":{"rendered":"<p>S\u00edmbolo intemporal de libertad y estilo retro, el <strong>Plantilla Volkswagen Escarabajo<\/strong> captura el encanto \u00fanico del famoso e ic\u00f3nico coche. Ideal para los amantes del dise\u00f1o vintage, la decoraci\u00f3n original de paredes o las creaciones inspiradas en la cultura pop. Corta limpiamente y renderiza a la perfecci\u00f3n sobre cualquier superficie.<\/p>","protected":false},"featured_media":29215,"comment_status":"open","ping_status":"closed","template":"","meta":{"bwfblock_default_font":"","_kad_blocks_custom_css":"","_kad_blocks_head_custom_js":"","_kad_blocks_body_custom_js":"","_kad_blocks_footer_custom_js":"","_kadence_starter_templates_imported_post":false,"_kad_post_transparent":"default","_kad_post_title":"","_kad_post_layout":"default","_kad_post_sidebar_id":"","_kad_post_content_style":"default","_kad_post_vertical_padding":"default","_kad_post_feature":"","_kad_post_feature_position":"","_kad_post_header":false,"_kad_post_footer":false,"_kad_post_classname":""},"product_brand":[1415],"product_cat":[1713,971],"product_tag":[1653,1650,525,1657,1663,813,1652,1654,1648,1662],"class_list":{"0":"post-28764","1":"product","2":"type-product","3":"status-publish","4":"has-post-thumbnail","6":"product_brand-mes-pochoirs","7":"product_cat-pochoirs-voitures","8":"product_cat-pochoirs-univers-mecanique","9":"product_tag-art-retro","10":"product_tag-berline-ancienne","11":"product_tag-retro","12":"product_tag-style-annees-60","13":"product_tag-style-annees-60-70","14":"product_tag-voiture","15":"product_tag-voiture-ancienne","16":"product_tag-voiture-de-collection","17":"product_tag-voiture-vintage","18":"product_tag-volkswagen-coccinelle","20":"first","21":"instock","22":"taxable","23":"shipping-taxable","24":"purchasable","25":"product-type-variable","26":"entry","27":"content-bg","28":"loop-entry"},"taxonomy_info":{"product_brand":[{"value":1415,"label":"Mes Pochoirs"}],"product_cat":[{"value":1713,"label":"Voitures"},{"value":971,"label":"Univers M\u00e9canique"}],"product_tag":[{"value":1653,"label":"art r\u00e9tro"},{"value":1650,"label":"berline ancienne"},{"value":525,"label":"r\u00e9tro"},{"value":1657,"label":"style ann\u00e9es 60"},{"value":1663,"label":"style ann\u00e9es 60 70"},{"value":813,"label":"voiture"},{"value":1652,"label":"voiture ancienne"},{"value":1654,"label":"voiture de collection"},{"value":1648,"label":"voiture vintage"},{"value":1662,"label":"Volkswagen Coccinelle"}]},"featured_image_src_large":["https:\/\/mes-pochoirs.com\/wp-content\/uploads\/2025\/08\/UM0023-pochoir-voiture-copyright-mes-pochoirs-858x1030.jpg",858,1030,true],"author_info":[],"comment_info":0,"_links":{"self":[{"href":"https:\/\/mes-pochoirs.com\/es\/wp-json\/wp\/v2\/product\/28764","targetHints":{"allow":["GET"]}}],"collection":[{"href":"https:\/\/mes-pochoirs.com\/es\/wp-json\/wp\/v2\/product"}],"about":[{"href":"https:\/\/mes-pochoirs.com\/es\/wp-json\/wp\/v2\/types\/product"}],"replies":[{"embeddable":true,"href":"https:\/\/mes-pochoirs.com\/es\/wp-json\/wp\/v2\/comments?post=28764"}],"wp:featuredmedia":[{"embeddable":true,"href":"https:\/\/mes-pochoirs.com\/es\/wp-json\/wp\/v2\/media\/29215"}],"wp:attachment":[{"href":"https:\/\/mes-pochoirs.com\/es\/wp-json\/wp\/v2\/media?parent=28764"}],"wp:term":[{"taxonomy":"product_brand","embeddable":true,"href":"https:\/\/mes-pochoirs.com\/es\/wp-json\/wp\/v2\/product_brand?post=28764"},{"taxonomy":"product_cat","embeddable":true,"href":"https:\/\/mes-pochoirs.com\/es\/wp-json\/wp\/v2\/product_cat?post=28764"},{"taxonomy":"product_tag","embeddable":true,"href":"https:\/\/mes-pochoirs.com\/es\/wp-json\/wp\/v2\/product_tag?post=28764"}],"curies":[{"name":"wp","href":"https:\/\/api.w.org\/{rel}","templated":true}]}}