{"id":28811,"date":"2025-08-13T11:18:27","date_gmt":"2025-08-13T09:18:27","guid":{"rendered":"https:\/\/mes-pochoirs.com\/?post_type=product&#038;p=28811"},"modified":"2025-10-31T12:42:15","modified_gmt":"2025-10-31T11:42:15","slug":"stencil-zeus-es-genial-ic0009","status":"publish","type":"product","link":"https:\/\/mes-pochoirs.com\/es\/produit\/pochoir-zeus-is-cool-ic0009","title":{"rendered":"Plantilla \"Zeus is Cool\" - IC0009"},"content":{"rendered":"<h2>Plantilla Zeus is Cool<\/h2>\n<p>Este llamativo modelo representa a un Zeus revisitado en modo Offbeat and Fun, que combina el poder divino con una est\u00e9tica urbana contempor\u00e1nea. Inspirado en las estatuas cl\u00e1sicas de la mitolog\u00eda griega, este estilizado retrato captura todo el aplomo del Rey del Olimpo, al tiempo que a\u00f1ade un toque extravagante, inesperado y decididamente moderno.<\/p>\n<p>Con su densa barba y abundante cabellera escultural, Zeus evoca autoridad, sabidur\u00eda y eternidad. Pero lo que llama inmediatamente la atenci\u00f3n es el contraste visual que proporcionan las modernas gafas que se posan orgullosas sobre su rostro. Este detalle anacr\u00f3nico transforma instant\u00e1neamente el icono en un esp\u00edritu fresco, extravagante y urbano que atrae y divierte a la vez. El resultado es una obra atrevida que difumina los l\u00edmites entre el arte antiguo y la imaginer\u00eda contempor\u00e1nea.<\/p>\n<p>Le<strong> Plantilla Zeus is Cool<\/strong> ha sido dise\u00f1ado con gran precisi\u00f3n t\u00e9cnica: cada zona recortada ha sido concebida para reproducir fielmente el dise\u00f1o, facilitando al mismo tiempo su aplicaci\u00f3n sobre diferentes superficies. Los puentes de sujeci\u00f3n est\u00e1n discretamente integrados para preservar la legibilidad del dise\u00f1o y garantizar su durabilidad con el uso repetido. Este modelo es ideal para artistas que deseen trabajar sobre lienzos, paredes, muebles o cualquier otro proyecto creativo.<\/p>\n<p>Este retrato de Zeus Hipster gustar\u00e1 tanto a los entusiastas del arte callejero como a los amantes del dise\u00f1o gr\u00e1fico neocl\u00e1sico. Encaja perfectamente con un enfoque art\u00edstico que valora los contrastes, la autoburla y la reinterpretaci\u00f3n de s\u00edmbolos antiguos a trav\u00e9s de una lente contempor\u00e1nea. Tanto si busca crear una obra de arte personal, un llamativo fresco mural o una creaci\u00f3n original, este <strong>Plantilla Zeus is Cool<\/strong> se convierte en una verdadera herramienta de expresi\u00f3n.<\/p>\n<p>Disponible en varios tama\u00f1os, puede adaptarse a una gran variedad de proyectos art\u00edsticos. Puede utilizarse para crear un centro de mesa en un espacio habitable o como detalle gr\u00e1fico en una composici\u00f3n m\u00e1s amplia. Este dise\u00f1o llama inmediatamente la atenci\u00f3n por su equilibrio entre tradici\u00f3n e insolencia gr\u00e1fica, entre majestuosidad antigua y actitud moderna.<\/p>","protected":false},"excerpt":{"rendered":"<p><strong>Plantilla Zeus is Cool<\/strong>\u00a0Perfectos para artistas, pintura mural u obras de arte de moda. Reutilizables, varios tama\u00f1os.<\/p>","protected":false},"featured_media":29216,"comment_status":"open","ping_status":"closed","template":"","meta":{"bwfblock_default_font":"","_kad_blocks_custom_css":"","_kad_blocks_head_custom_js":"","_kad_blocks_body_custom_js":"","_kad_blocks_footer_custom_js":"","_kadence_starter_templates_imported_post":false,"_kad_post_transparent":"default","_kad_post_title":"","_kad_post_layout":"default","_kad_post_sidebar_id":"","_kad_post_content_style":"default","_kad_post_vertical_padding":"default","_kad_post_feature":"","_kad_post_feature_position":"","_kad_post_header":false,"_kad_post_footer":false,"_kad_post_classname":""},"product_brand":[1415],"product_cat":[732,332,36,328],"product_tag":[1675,1673,497,322,1091,1668,1678,557,1670,1676,360,1679,390,1671,1677,327,1674,338,1669,1684,1672],"class_list":{"0":"post-28811","1":"product","2":"type-product","3":"status-publish","4":"has-post-thumbnail","6":"product_brand-mes-pochoirs","7":"product_cat-pochoirs-icones-celebrites","8":"product_cat-pochoirs-pop-art","9":"product_cat-pochoirs-portraits-visages","10":"product_cat-pochoirs-street-art","11":"product_tag-art-brut","12":"product_tag-art-contemporain","13":"product_tag-art-urbain","14":"product_tag-cool","15":"product_tag-decale","16":"product_tag-dieu-grec","17":"product_tag-esthetique-urbaine","18":"product_tag-fun","19":"product_tag-hipster","20":"product_tag-look-vintage","21":"product_tag-lunettes-de-soleil","22":"product_tag-mythologie-revisitee","23":"product_tag-portrait","24":"product_tag-portrait-mythologique","25":"product_tag-sculpture-grecque","26":"product_tag-street-art","27":"product_tag-style-neoclassique","28":"product_tag-visage","29":"product_tag-visage-antique","30":"product_tag-zeus","31":"product_tag-zeus-moderne","33":"first","34":"instock","35":"taxable","36":"shipping-taxable","37":"purchasable","38":"product-type-variable","39":"entry","40":"content-bg","41":"loop-entry"},"taxonomy_info":{"product_brand":[{"value":1415,"label":"Mes Pochoirs"}],"product_cat":[{"value":732,"label":"Ic\u00f4nes &amp; C\u00e9l\u00e9brit\u00e9s"},{"value":332,"label":"Pop Art"},{"value":36,"label":"Portraits &amp; Visages"},{"value":328,"label":"Street Art"}],"product_tag":[{"value":1675,"label":"art brut"},{"value":1673,"label":"art contemporain"},{"value":497,"label":"Art urbain"},{"value":322,"label":"cool"},{"value":1091,"label":"d\u00e9cal\u00e9"},{"value":1668,"label":"Dieu grec"},{"value":1678,"label":"esth\u00e9tique urbaine"},{"value":557,"label":"Fun"},{"value":1670,"label":"hipster"},{"value":1676,"label":"look vintage"},{"value":360,"label":"lunettes de soleil"},{"value":1679,"label":"mythologie revisit\u00e9e"},{"value":390,"label":"portrait"},{"value":1671,"label":"portrait mythologique"},{"value":1677,"label":"sculpture grecque"},{"value":327,"label":"street art"},{"value":1674,"label":"style n\u00e9oclassique"},{"value":338,"label":"visage"},{"value":1669,"label":"visage antique"},{"value":1684,"label":"zeus"},{"value":1672,"label":"Zeus moderne"}]},"featured_image_src_large":["https:\/\/mes-pochoirs.com\/wp-content\/uploads\/2025\/08\/IC0009-pochoir-portrait-dieu-grec-copyright-mes-pochoirs-858x1030.jpg",858,1030,true],"author_info":[],"comment_info":0,"_links":{"self":[{"href":"https:\/\/mes-pochoirs.com\/es\/wp-json\/wp\/v2\/product\/28811","targetHints":{"allow":["GET"]}}],"collection":[{"href":"https:\/\/mes-pochoirs.com\/es\/wp-json\/wp\/v2\/product"}],"about":[{"href":"https:\/\/mes-pochoirs.com\/es\/wp-json\/wp\/v2\/types\/product"}],"replies":[{"embeddable":true,"href":"https:\/\/mes-pochoirs.com\/es\/wp-json\/wp\/v2\/comments?post=28811"}],"wp:featuredmedia":[{"embeddable":true,"href":"https:\/\/mes-pochoirs.com\/es\/wp-json\/wp\/v2\/media\/29216"}],"wp:attachment":[{"href":"https:\/\/mes-pochoirs.com\/es\/wp-json\/wp\/v2\/media?parent=28811"}],"wp:term":[{"taxonomy":"product_brand","embeddable":true,"href":"https:\/\/mes-pochoirs.com\/es\/wp-json\/wp\/v2\/product_brand?post=28811"},{"taxonomy":"product_cat","embeddable":true,"href":"https:\/\/mes-pochoirs.com\/es\/wp-json\/wp\/v2\/product_cat?post=28811"},{"taxonomy":"product_tag","embeddable":true,"href":"https:\/\/mes-pochoirs.com\/es\/wp-json\/wp\/v2\/product_tag?post=28811"}],"curies":[{"name":"wp","href":"https:\/\/api.w.org\/{rel}","templated":true}]}}