{"id":28861,"date":"2025-08-13T09:53:16","date_gmt":"2025-08-13T07:53:16","guid":{"rendered":"https:\/\/mes-pochoirs.com\/?post_type=product&#038;p=28861"},"modified":"2025-10-31T12:42:19","modified_gmt":"2025-10-31T11:42:19","slug":"che-guevara-punk-stencil-pkf005","status":"publish","type":"product","link":"https:\/\/mes-pochoirs.com\/es\/produit\/pochoir-che-guevara-punk-pkf005","title":{"rendered":"Che Guevara Plantilla Punk - PKF005"},"content":{"rendered":"<h2>Plantilla Punk Che Guevara<\/h2>\n<p>Este <strong>Che Guevara Plantilla Punk<\/strong> reinventa un icono hist\u00f3rico desde un \u00e1ngulo decididamente rebelde y urbano. La reconocible silueta del Che Guevara, s\u00edmbolo de revoluci\u00f3n y compromiso, se funde aqu\u00ed con el mundo crudo y provocador del movimiento punk. La chaqueta de cuero con tachuelas, adornada con llamativos detalles como el s\u00edmbolo anarquista y la calavera estilizada, evoca el esp\u00edritu de protesta y autoafirmaci\u00f3n que trasciende el tiempo y la cultura.<\/p>\n<p>Cada trazo y corte del estarcido se ha dise\u00f1ado para captar toda la potencia visual del retrato, conservando las l\u00edneas limpias y las sombras que dan vida a la intensa expresi\u00f3n facial. Elementos gr\u00e1ficos como goterones, cremalleras y pinchos met\u00e1licos a\u00f1aden una dimensi\u00f3n de realismo y energ\u00eda, recordando los murales de las calles concurridas y las creaciones espont\u00e1neas de los grafiteros.<\/p>\n<p>Este <strong>Che Guevara Plantilla Punk<\/strong> es para las personas a las que les gusta combinar arte y mensaje, a\u00f1adiendo un toque de provocaci\u00f3n creativa a sus proyectos de interiorismo o arte. Puede utilizarse en una amplia gama de superficies: paredes interiores y exteriores, muebles, lienzos, textiles y mucho m\u00e1s. Su dise\u00f1o robusto y preciso permite aplicarlo limpiamente, incluso sobre superficies ligeramente texturizadas, proporcionando un acabado profesional y llamativo.<\/p>\n<p>Inspirado en la herencia del arte callejero y la actitud irreverente de la cultura punk, este modelo permite crear obras \u00fanicas que llaman inmediatamente la atenci\u00f3n. Es ideal para aportar un estilo urbano desenfadado a un espacio, crear piezas decorativas originales o expresar una visi\u00f3n art\u00edstica comprometida.<\/p>\n<p>Al elegir esta <strong>Che Guevara Plantilla Punk<\/strong>Con este dise\u00f1o, est\u00e1s optando por una herramienta creativa que combina un fuerte simbolismo con una est\u00e9tica sofisticada. Te invita a revisar c\u00f3digos, mezclar g\u00e9neros y unir dos mundos poderosos: el de la revoluci\u00f3n y el de la escena punk. Ya sea para personalizar un espacio, completar una colecci\u00f3n de obras o simplemente experimentar con nuevas ideas, se convertir\u00e1 r\u00e1pidamente en un elemento indispensable de su arsenal creativo.<\/p>","protected":false},"excerpt":{"rendered":"<p><strong>Plantilla Punk Che Guevara<\/strong> para pintores, reutilizables, reversibles y disponibles en varios tama\u00f1os, alta calidad garantizada.<\/p>","protected":false},"featured_media":28931,"comment_status":"open","ping_status":"closed","template":"","meta":{"bwfblock_default_font":"","_kad_blocks_custom_css":"","_kad_blocks_head_custom_js":"","_kad_blocks_body_custom_js":"","_kad_blocks_footer_custom_js":"","_kadence_starter_templates_imported_post":false,"_kad_post_transparent":"default","_kad_post_title":"","_kad_post_layout":"default","_kad_post_sidebar_id":"","_kad_post_content_style":"default","_kad_post_vertical_padding":"default","_kad_post_feature":"","_kad_post_feature_position":"","_kad_post_header":false,"_kad_post_footer":false,"_kad_post_classname":""},"product_brand":[1415],"product_cat":[1622,481,732,36,328],"product_tag":[1687,1625,471,1626,1624,1130,1444,1215,560,327,1132,286],"class_list":{"0":"post-28861","1":"product","2":"type-product","3":"status-publish","4":"has-post-thumbnail","6":"product_brand-mes-pochoirs","7":"product_cat-punkified","8":"product_cat-collections","9":"product_cat-pochoirs-icones-celebrites","10":"product_cat-pochoirs-portraits-visages","11":"product_cat-pochoirs-street-art","12":"product_tag-che-guevara","13":"product_tag-detournement","14":"product_tag-icone","15":"product_tag-icone-revisitee","16":"product_tag-portrait-detourne","17":"product_tag-punk","18":"product_tag-rebel","19":"product_tag-revolution","20":"product_tag-rock","21":"product_tag-street-art","22":"product_tag-underground","23":"product_tag-urbain","25":"first","26":"instock","27":"taxable","28":"shipping-taxable","29":"purchasable","30":"product-type-variable","31":"entry","32":"content-bg","33":"loop-entry"},"taxonomy_info":{"product_brand":[{"value":1415,"label":"Mes Pochoirs"}],"product_cat":[{"value":1622,"label":"Punkified"},{"value":481,"label":"Collections"},{"value":732,"label":"Ic\u00f4nes &amp; C\u00e9l\u00e9brit\u00e9s"},{"value":36,"label":"Portraits &amp; Visages"},{"value":328,"label":"Street Art"}],"product_tag":[{"value":1687,"label":"che guevara"},{"value":1625,"label":"d\u00e9tournement"},{"value":471,"label":"icone"},{"value":1626,"label":"ic\u00f4ne revisit\u00e9e"},{"value":1624,"label":"portrait d\u00e9tourn\u00e9"},{"value":1130,"label":"punk"},{"value":1444,"label":"rebel"},{"value":1215,"label":"r\u00e9volution"},{"value":560,"label":"Rock"},{"value":327,"label":"street art"},{"value":1132,"label":"underground"},{"value":286,"label":"urbain"}]},"featured_image_src_large":["https:\/\/mes-pochoirs.com\/wp-content\/uploads\/2025\/08\/PKF005-pochoir-collection-punkified-copyright-mes-pochoirs-858x1030.jpg",858,1030,true],"author_info":[],"comment_info":0,"_links":{"self":[{"href":"https:\/\/mes-pochoirs.com\/es\/wp-json\/wp\/v2\/product\/28861","targetHints":{"allow":["GET"]}}],"collection":[{"href":"https:\/\/mes-pochoirs.com\/es\/wp-json\/wp\/v2\/product"}],"about":[{"href":"https:\/\/mes-pochoirs.com\/es\/wp-json\/wp\/v2\/types\/product"}],"replies":[{"embeddable":true,"href":"https:\/\/mes-pochoirs.com\/es\/wp-json\/wp\/v2\/comments?post=28861"}],"wp:featuredmedia":[{"embeddable":true,"href":"https:\/\/mes-pochoirs.com\/es\/wp-json\/wp\/v2\/media\/28931"}],"wp:attachment":[{"href":"https:\/\/mes-pochoirs.com\/es\/wp-json\/wp\/v2\/media?parent=28861"}],"wp:term":[{"taxonomy":"product_brand","embeddable":true,"href":"https:\/\/mes-pochoirs.com\/es\/wp-json\/wp\/v2\/product_brand?post=28861"},{"taxonomy":"product_cat","embeddable":true,"href":"https:\/\/mes-pochoirs.com\/es\/wp-json\/wp\/v2\/product_cat?post=28861"},{"taxonomy":"product_tag","embeddable":true,"href":"https:\/\/mes-pochoirs.com\/es\/wp-json\/wp\/v2\/product_tag?post=28861"}],"curies":[{"name":"wp","href":"https:\/\/api.w.org\/{rel}","templated":true}]}}