{"id":29058,"date":"2025-08-19T10:37:09","date_gmt":"2025-08-19T08:37:09","guid":{"rendered":"https:\/\/mes-pochoirs.com\/?post_type=product&#038;p=29058"},"modified":"2025-10-31T12:42:26","modified_gmt":"2025-10-31T11:42:26","slug":"estatua-de-la-libertad-punk-stencil-pkf013","status":"publish","type":"product","link":"https:\/\/mes-pochoirs.com\/es\/produit\/pochoir-statue-de-la-liberte-punk-pkf013","title":{"rendered":"Plantilla Estatua de la Libertad Punk - PKF013"},"content":{"rendered":"<h2>Plantilla punk de la Estatua de la Libertad<\/h2>\n<p>S\u00edmbolo universal de libertad y esperanza, la Estatua de la Libertad se reinventa aqu\u00ed en una atrevida y contundente versi\u00f3n punk. Este <strong>Estatua de la Libertad Plantilla Punk<\/strong> revisita el icono neoyorquino, infundi\u00e9ndole la energ\u00eda cruda y asertiva del movimiento punk, creando un visual que sacude los c\u00f3digos y causa un impacto inmediato. Perfecto para los entusiastas del arte callejero, los decoradores originales y los artistas que buscan un motivo impactante, este dise\u00f1o combina la grandeza hist\u00f3rica con una actitud decididamente antisistema.<\/p>\n<p>La reconocible silueta de la Estatua de la Libertad se conserva fielmente, con su corona y su antorcha en relieve, pero su aspecto se transforma con una chaqueta adornada con detalles punk: pinchos, s\u00edmbolos anarquistas, cremalleras, insignias provocativas e inscripciones rebeldes. El efecto goteado a\u00f1adido al dise\u00f1o refuerza el aspecto crudo y vivo, dando la impresi\u00f3n de un mural reci\u00e9n pintado en una pared urbana.<\/p>\n<p>Gracias a su corte limpio y preciso, esta plantilla le permite reproducir fielmente cada detalle, para un acabado impecable en una gran variedad de superficies. Paredes, lienzos, muebles, tejidos, paneles decorativos u objetos personalizados: las posibilidades creativas son infinitas. Dise\u00f1ada tanto para artistas experimentados como para principiantes, con ella podr\u00e1 dar vida a proyectos \u00fanicos y expresivos.<\/p>\n<p>Este <strong>Estatua de la Libertad Plantilla Punk<\/strong> es algo m\u00e1s que una reproducci\u00f3n gr\u00e1fica: cuenta una poderosa historia. La Estatua de la Libertad, s\u00edmbolo de acogida y justicia, se convierte aqu\u00ed en figura de resistencia y libertad absoluta, afirmando el derecho a la expresi\u00f3n personal y el rechazo de las normas establecidas. Cada dise\u00f1o inspirado en este motivo tiene una doble dimensi\u00f3n: respeto por un patrimonio visual y audaz reinterpretaci\u00f3n del mismo.<\/p>\n<p>Vers\u00e1til y duradera, la plantilla Statue of Liberty Punk puede utilizarse una y otra vez sin perder su precisi\u00f3n. Se adapta tanto a creaciones r\u00e1pidas como a obras m\u00e1s elaboradas, y ofrece un medio ideal para expresar un mensaje visual fuerte en un interior, un espacio p\u00fablico o una exposici\u00f3n de arte. Con esta plantilla, puedes transformar un icono universal en un s\u00edmbolo punk de libertad y autoafirmaci\u00f3n. Una pieza \u00fanica para quienes deseen combinar historia, arte y rebeld\u00eda en sus creaciones.<\/p>","protected":false},"excerpt":{"rendered":"<p><strong>Plantilla punk de la Estatua de la Libertad<\/strong> para pintores, reutilizables, reversibles, de alta precisi\u00f3n, disponibles en varios tama\u00f1os.<\/p>","protected":false},"featured_media":28971,"comment_status":"open","ping_status":"closed","template":"","meta":{"bwfblock_default_font":"","_kad_blocks_custom_css":"","_kad_blocks_head_custom_js":"","_kad_blocks_body_custom_js":"","_kad_blocks_footer_custom_js":"","_kadence_starter_templates_imported_post":false,"_kad_post_transparent":"default","_kad_post_title":"","_kad_post_layout":"default","_kad_post_sidebar_id":"","_kad_post_content_style":"default","_kad_post_vertical_padding":"default","_kad_post_feature":"","_kad_post_feature_position":"","_kad_post_header":false,"_kad_post_footer":false,"_kad_post_classname":""},"product_brand":[1415],"product_cat":[1622,481,732,36,328],"product_tag":[1625,471,1626,292,1624,1130,834,560,1038,327,1132,286],"class_list":{"0":"post-29058","1":"product","2":"type-product","3":"status-publish","4":"has-post-thumbnail","6":"product_brand-mes-pochoirs","7":"product_cat-punkified","8":"product_cat-collections","9":"product_cat-pochoirs-icones-celebrites","10":"product_cat-pochoirs-portraits-visages","11":"product_cat-pochoirs-street-art","12":"product_tag-detournement","13":"product_tag-icone","14":"product_tag-icone-revisitee","15":"product_tag-new-york","16":"product_tag-portrait-detourne","17":"product_tag-punk","18":"product_tag-rebelle","19":"product_tag-rock","20":"product_tag-statue-de-la-liberte","21":"product_tag-street-art","22":"product_tag-underground","23":"product_tag-urbain","25":"first","26":"instock","27":"taxable","28":"shipping-taxable","29":"purchasable","30":"product-type-variable","31":"entry","32":"content-bg","33":"loop-entry"},"taxonomy_info":{"product_brand":[{"value":1415,"label":"Mes Pochoirs"}],"product_cat":[{"value":1622,"label":"Punkified"},{"value":481,"label":"Collections"},{"value":732,"label":"Ic\u00f4nes &amp; C\u00e9l\u00e9brit\u00e9s"},{"value":36,"label":"Portraits &amp; Visages"},{"value":328,"label":"Street Art"}],"product_tag":[{"value":1625,"label":"d\u00e9tournement"},{"value":471,"label":"icone"},{"value":1626,"label":"ic\u00f4ne revisit\u00e9e"},{"value":292,"label":"New York"},{"value":1624,"label":"portrait d\u00e9tourn\u00e9"},{"value":1130,"label":"punk"},{"value":834,"label":"rebelle"},{"value":560,"label":"Rock"},{"value":1038,"label":"statue de la libert\u00e9"},{"value":327,"label":"street art"},{"value":1132,"label":"underground"},{"value":286,"label":"urbain"}]},"featured_image_src_large":["https:\/\/mes-pochoirs.com\/wp-content\/uploads\/2025\/08\/PKF013-pochoir-collection-punkified-copyright-mes-pochoirs-858x1030.jpg",858,1030,true],"author_info":[],"comment_info":0,"_links":{"self":[{"href":"https:\/\/mes-pochoirs.com\/es\/wp-json\/wp\/v2\/product\/29058","targetHints":{"allow":["GET"]}}],"collection":[{"href":"https:\/\/mes-pochoirs.com\/es\/wp-json\/wp\/v2\/product"}],"about":[{"href":"https:\/\/mes-pochoirs.com\/es\/wp-json\/wp\/v2\/types\/product"}],"replies":[{"embeddable":true,"href":"https:\/\/mes-pochoirs.com\/es\/wp-json\/wp\/v2\/comments?post=29058"}],"wp:featuredmedia":[{"embeddable":true,"href":"https:\/\/mes-pochoirs.com\/es\/wp-json\/wp\/v2\/media\/28971"}],"wp:attachment":[{"href":"https:\/\/mes-pochoirs.com\/es\/wp-json\/wp\/v2\/media?parent=29058"}],"wp:term":[{"taxonomy":"product_brand","embeddable":true,"href":"https:\/\/mes-pochoirs.com\/es\/wp-json\/wp\/v2\/product_brand?post=29058"},{"taxonomy":"product_cat","embeddable":true,"href":"https:\/\/mes-pochoirs.com\/es\/wp-json\/wp\/v2\/product_cat?post=29058"},{"taxonomy":"product_tag","embeddable":true,"href":"https:\/\/mes-pochoirs.com\/es\/wp-json\/wp\/v2\/product_tag?post=29058"}],"curies":[{"name":"wp","href":"https:\/\/api.w.org\/{rel}","templated":true}]}}