{"id":29073,"date":"2025-10-01T11:03:19","date_gmt":"2025-10-01T09:03:19","guid":{"rendered":"https:\/\/mes-pochoirs.com\/?post_type=product&#038;p=29073"},"modified":"2025-10-31T13:33:54","modified_gmt":"2025-10-31T12:33:54","slug":"vincent-van-gogh-punk-stencil-pkf014","status":"publish","type":"product","link":"https:\/\/mes-pochoirs.com\/es\/produit\/pochoir-vincent-van-gogh-punk-pkf014","title":{"rendered":"Vincent Van Gogh Plantilla Punk - PKF014"},"content":{"rendered":"<h2>Vincent Van Gogh Plantilla Punk<\/h2>\n<p>Vincent van Gogh, figura clave de la historia del arte, es revisitado aqu\u00ed en una versi\u00f3n audaz y decididamente punk. Este <b>Vincent Van Gogh Plantilla Punk<\/b> reinventa la imagen del ic\u00f3nico pintor a\u00f1adi\u00e9ndole una actitud rebelde y antisistema, creando una obra llena de referencias art\u00edsticas y profundamente contempor\u00e1nea. Perfecto para los entusiastas del arte callejero, los aficionados a la decoraci\u00f3n original y los artistas que buscan un car\u00e1cter llamativo, este modelo combina herencia cultural y modernidad alternativa.<\/p>\n<p>El retrato retoma los rasgos distintivos de Van Gogh, con su mirada intensa y su rostro expresivo, pero lo sit\u00faa en un universo radicalmente distinto. Ataviado con una chaqueta punk adornada con s\u00edmbolos anarquistas, cremalleras y una insignia \"PUNK\", se convierte en una figura de independencia y libertad creativa. El efecto de goteo que rodea la silueta a\u00f1ade una dimensi\u00f3n din\u00e1mica y urbana, como si la obra acabara de ser pintada en una pared reci\u00e9n tomada por un artista callejero.<\/p>\n<p>Dise\u00f1ada con un corte preciso, esta plantilla permite reproducir cada detalle con exactitud, garantizando un acabado profesional en una gran variedad de superficies: paredes, lienzos, muebles, textiles, paneles decorativos u objetos personalizados. Accesible tanto a dise\u00f1adores experimentados como a principiantes, abre un sinf\u00edn de posibilidades de experimentaci\u00f3n y personalizaci\u00f3n.<\/p>\n<p>Este <b>Vincent Van Gogh Plantilla Punk<\/b> no es s\u00f3lo una herramienta gr\u00e1fica: es un medio para expresar una visi\u00f3n. Nos invita a revisitar una figura m\u00edtica de la pintura, otorg\u00e1ndole un nuevo papel como s\u00edmbolo intemporal de resistencia y creatividad sin l\u00edmites. De este modo, cada creaci\u00f3n se convierte en una obra \u00fanica, reflejo de la personalidad y la intenci\u00f3n de su creador.<\/p>\n<p>Reutilizable y duradera, la plantilla Van Gogh Punk Attitude puede utilizarse tanto para proyectos r\u00e1pidos como para composiciones m\u00e1s complejas. Puede utilizarse como parte de una decoraci\u00f3n mural, para personalizar muebles o como parte de una instalaci\u00f3n art\u00edstica. Su versatilidad y su llamativo dise\u00f1o la convierten en una pieza imprescindible para quienes deseen causar una impresi\u00f3n duradera.<\/p>\n<p>Con esta plantilla, podr\u00e1 dar una nueva vida a un maestro de la pintura, imbuido de libertad, audacia y esp\u00edritu urbano. Una pieza poderosa para afirmar un estilo y hacer que el arte cl\u00e1sico resuene en las culturas contempor\u00e1neas.<\/p>","protected":false},"excerpt":{"rendered":"<p>Exprese su creatividad con <strong data-start=\"564\" data-end=\"597\">Vincent Van Gogh Plantilla Punk<\/strong>Una atrevida reinvenci\u00f3n del maestro de la pintura en versi\u00f3n street art. Perfecta para decoraci\u00f3n de paredes y proyectos art\u00edsticos.<\/p>","protected":false},"featured_media":28972,"comment_status":"open","ping_status":"closed","template":"","meta":{"bwfblock_default_font":"","_kad_blocks_custom_css":"","_kad_blocks_head_custom_js":"","_kad_blocks_body_custom_js":"","_kad_blocks_footer_custom_js":"","_kadence_starter_templates_imported_post":false,"_kad_post_transparent":"default","_kad_post_title":"","_kad_post_layout":"default","_kad_post_sidebar_id":"","_kad_post_content_style":"default","_kad_post_vertical_padding":"default","_kad_post_feature":"","_kad_post_feature_position":"","_kad_post_header":false,"_kad_post_footer":false,"_kad_post_classname":""},"product_brand":[1415],"product_cat":[1622,481,732,36,328],"product_tag":[656,469,340,1625,471,1626,468,1624,1130,834,560,327,1132,286,794,791],"class_list":{"0":"post-29073","1":"product","2":"type-product","3":"status-publish","4":"has-post-thumbnail","6":"product_brand-mes-pochoirs","7":"product_cat-punkified","8":"product_cat-collections","9":"product_cat-pochoirs-icones-celebrites","10":"product_cat-pochoirs-portraits-visages","11":"product_cat-pochoirs-street-art","12":"product_tag-artiste","13":"product_tag-celebre","14":"product_tag-celebrite","15":"product_tag-detournement","16":"product_tag-icone","17":"product_tag-icone-revisitee","18":"product_tag-peintre","19":"product_tag-portrait-detourne","20":"product_tag-punk","21":"product_tag-rebelle","22":"product_tag-rock","23":"product_tag-street-art","24":"product_tag-underground","25":"product_tag-urbain","26":"product_tag-van-gogh","27":"product_tag-vincent-van-gogh","29":"first","30":"instock","31":"taxable","32":"shipping-taxable","33":"purchasable","34":"product-type-variable","35":"entry","36":"content-bg","37":"loop-entry"},"taxonomy_info":{"product_brand":[{"value":1415,"label":"Mes Pochoirs"}],"product_cat":[{"value":1622,"label":"Punkified"},{"value":481,"label":"Collections"},{"value":732,"label":"Ic\u00f4nes &amp; C\u00e9l\u00e9brit\u00e9s"},{"value":36,"label":"Portraits &amp; Visages"},{"value":328,"label":"Street Art"}],"product_tag":[{"value":656,"label":"artiste"},{"value":469,"label":"c\u00e9l\u00e8bre"},{"value":340,"label":"c\u00e9l\u00e9brit\u00e9"},{"value":1625,"label":"d\u00e9tournement"},{"value":471,"label":"icone"},{"value":1626,"label":"ic\u00f4ne revisit\u00e9e"},{"value":468,"label":"peintre"},{"value":1624,"label":"portrait d\u00e9tourn\u00e9"},{"value":1130,"label":"punk"},{"value":834,"label":"rebelle"},{"value":560,"label":"Rock"},{"value":327,"label":"street art"},{"value":1132,"label":"underground"},{"value":286,"label":"urbain"},{"value":794,"label":"Van Gogh"},{"value":791,"label":"Vincent Van Gogh"}]},"featured_image_src_large":["https:\/\/mes-pochoirs.com\/wp-content\/uploads\/2025\/08\/PKF014-pochoir-collection-punkified-copyright-mes-pochoirs-858x1030.jpg",858,1030,true],"author_info":[],"comment_info":0,"_links":{"self":[{"href":"https:\/\/mes-pochoirs.com\/es\/wp-json\/wp\/v2\/product\/29073","targetHints":{"allow":["GET"]}}],"collection":[{"href":"https:\/\/mes-pochoirs.com\/es\/wp-json\/wp\/v2\/product"}],"about":[{"href":"https:\/\/mes-pochoirs.com\/es\/wp-json\/wp\/v2\/types\/product"}],"replies":[{"embeddable":true,"href":"https:\/\/mes-pochoirs.com\/es\/wp-json\/wp\/v2\/comments?post=29073"}],"wp:featuredmedia":[{"embeddable":true,"href":"https:\/\/mes-pochoirs.com\/es\/wp-json\/wp\/v2\/media\/28972"}],"wp:attachment":[{"href":"https:\/\/mes-pochoirs.com\/es\/wp-json\/wp\/v2\/media?parent=29073"}],"wp:term":[{"taxonomy":"product_brand","embeddable":true,"href":"https:\/\/mes-pochoirs.com\/es\/wp-json\/wp\/v2\/product_brand?post=29073"},{"taxonomy":"product_cat","embeddable":true,"href":"https:\/\/mes-pochoirs.com\/es\/wp-json\/wp\/v2\/product_cat?post=29073"},{"taxonomy":"product_tag","embeddable":true,"href":"https:\/\/mes-pochoirs.com\/es\/wp-json\/wp\/v2\/product_tag?post=29073"}],"curies":[{"name":"wp","href":"https:\/\/api.w.org\/{rel}","templated":true}]}}