{"id":29420,"date":"2025-09-04T11:16:46","date_gmt":"2025-09-04T09:16:46","guid":{"rendered":"https:\/\/mes-pochoirs.com\/?post_type=product&#038;p=29420"},"modified":"2025-10-31T12:42:35","modified_gmt":"2025-10-31T11:42:35","slug":"pochoir-voiture-vintage-corvette-chevrolet-um0025","status":"publish","type":"product","link":"https:\/\/mes-pochoirs.com\/es\/produit\/pochoir-voiture-vintage-corvette-chevrolet-um0025","title":{"rendered":"Plantilla Chevrolet Corvette C1 - UM0025"},"content":{"rendered":"<h2>Pochoir Voiture Vintage Corvette Chevrolet<\/h2>\n<p>Le <strong>Pochoir Voiture Vintage Corvette Chevrolet<\/strong> est une cr\u00e9ation pens\u00e9e pour capturer l\u2019\u00e9l\u00e9gance intemporelle d\u2019une voiture de l\u00e9gende: <em>La Chevrolet Corvette C1<\/em>. Symbole de libert\u00e9, de puissance et de raffinement m\u00e9canique, la Corvette occupe une place particuli\u00e8re dans l\u2019imaginaire collectif, et ce mod\u00e8le en restitue toute l\u2019\u00e9nergie et le style. Avec ses lignes reconnaissables entre mille et sa silhouette embl\u00e9matique des grandes routes am\u00e9ricaines, ce pochoir devient un v\u00e9ritable support d\u2019expression artistique.<\/p>\n<p>Le <strong>Pochoir Voiture Vintage Corvette Chevrolet<\/strong>\u00a0se adapta tanto a los apasionados de los coches cl\u00e1sicos como a los amantes del arte urbano y contempor\u00e1neo. Gracias a la precisi\u00f3n de sus contornos y al dinamismo de sus formas, permite crear composiciones \u00fanicas, ya sea para personalizar un interior, realzar muebles o dar vida a originales creaciones sobre lienzo o soportes murales.<\/p>\n<p>Dise\u00f1ada para ser duradera y f\u00e1cil de usar, es adecuada tanto para artistas experimentados como para dise\u00f1adores noveles. Su formato especialmente dise\u00f1ado permite adaptarla a diferentes superficies, garantizando un acabado preciso y uniforme incluso despu\u00e9s de un uso repetido. Ya sea en un taller, un garaje, un espacio de trabajo o una sala de estar, esta plantilla a\u00f1ade un toque retro pero moderno, infundiendo el car\u00e1cter ic\u00f3nico de un veh\u00edculo legendario.<\/p>\n<p>Adem\u00e1s de ser una herramienta creativa, el <strong>Pochoir Voiture Vintage Corvette Chevrolet<\/strong>\u00a0es tambi\u00e9n una invitaci\u00f3n a explorar el mundo del dise\u00f1o automovil\u00edstico, y a dejar que cada proyecto resuene con el aura de una aut\u00e9ntica leyenda mec\u00e1nica. De este modo, se convierte en un puente entre dos mundos: el del arte y el del autom\u00f3vil, unidos en una obra gr\u00e1fica poderosa y expresiva.<\/p>","protected":false},"excerpt":{"rendered":"<p><strong>Pochoir Voiture Vintage Corvette Chevrolet<\/strong> Reutilizables para pintar y hacer obras de arte. De alta calidad, reversibles y disponibles en varios tama\u00f1os pr\u00e1cticos.<\/p>","protected":false},"featured_media":29543,"comment_status":"open","ping_status":"closed","template":"","meta":{"bwfblock_default_font":"","_kad_blocks_custom_css":"","_kad_blocks_head_custom_js":"","_kad_blocks_body_custom_js":"","_kad_blocks_footer_custom_js":"","_kadence_starter_templates_imported_post":false,"_kad_post_transparent":"default","_kad_post_title":"","_kad_post_layout":"default","_kad_post_sidebar_id":"","_kad_post_content_style":"default","_kad_post_vertical_padding":"default","_kad_post_feature":"","_kad_post_feature_position":"","_kad_post_header":false,"_kad_post_footer":false,"_kad_post_classname":""},"product_brand":[1415],"product_cat":[1713,971],"product_tag":[1727,1731,1733,1725,1728,1730,816,1726,1729,810,1724,1654],"class_list":{"0":"post-29420","1":"product","2":"type-product","3":"status-publish","4":"has-post-thumbnail","6":"product_brand-mes-pochoirs","7":"product_cat-pochoirs-voitures","8":"product_cat-pochoirs-univers-mecanique","9":"product_tag-automobile-vintage","10":"product_tag-carrosserie","11":"product_tag-chevrolet","12":"product_tag-corvette","13":"product_tag-design-retro","14":"product_tag-icone-automobile","15":"product_tag-mecanique","16":"product_tag-muscle-car","17":"product_tag-route-66","18":"product_tag-sport-automobile","19":"product_tag-voiture-americaine","20":"product_tag-voiture-de-collection","22":"first","23":"instock","24":"taxable","25":"shipping-taxable","26":"purchasable","27":"product-type-variable","28":"entry","29":"content-bg","30":"loop-entry"},"taxonomy_info":{"product_brand":[{"value":1415,"label":"Mes Pochoirs"}],"product_cat":[{"value":1713,"label":"Voitures"},{"value":971,"label":"Univers M\u00e9canique"}],"product_tag":[{"value":1727,"label":"automobile vintage"},{"value":1731,"label":"carrosserie"},{"value":1733,"label":"Chevrolet"},{"value":1725,"label":"corvette"},{"value":1728,"label":"design r\u00e9tro"},{"value":1730,"label":"ic\u00f4ne automobile"},{"value":816,"label":"m\u00e9canique"},{"value":1726,"label":"muscle car"},{"value":1729,"label":"route 66"},{"value":810,"label":"sport automobile"},{"value":1724,"label":"voiture am\u00e9ricaine"},{"value":1654,"label":"voiture de collection"}]},"featured_image_src_large":["https:\/\/mes-pochoirs.com\/wp-content\/uploads\/2025\/09\/UM0025-pochoir-voiture-copyright-mes-pochoirs-858x1030.jpg",858,1030,true],"author_info":[],"comment_info":0,"_links":{"self":[{"href":"https:\/\/mes-pochoirs.com\/es\/wp-json\/wp\/v2\/product\/29420","targetHints":{"allow":["GET"]}}],"collection":[{"href":"https:\/\/mes-pochoirs.com\/es\/wp-json\/wp\/v2\/product"}],"about":[{"href":"https:\/\/mes-pochoirs.com\/es\/wp-json\/wp\/v2\/types\/product"}],"replies":[{"embeddable":true,"href":"https:\/\/mes-pochoirs.com\/es\/wp-json\/wp\/v2\/comments?post=29420"}],"wp:featuredmedia":[{"embeddable":true,"href":"https:\/\/mes-pochoirs.com\/es\/wp-json\/wp\/v2\/media\/29543"}],"wp:attachment":[{"href":"https:\/\/mes-pochoirs.com\/es\/wp-json\/wp\/v2\/media?parent=29420"}],"wp:term":[{"taxonomy":"product_brand","embeddable":true,"href":"https:\/\/mes-pochoirs.com\/es\/wp-json\/wp\/v2\/product_brand?post=29420"},{"taxonomy":"product_cat","embeddable":true,"href":"https:\/\/mes-pochoirs.com\/es\/wp-json\/wp\/v2\/product_cat?post=29420"},{"taxonomy":"product_tag","embeddable":true,"href":"https:\/\/mes-pochoirs.com\/es\/wp-json\/wp\/v2\/product_tag?post=29420"}],"curies":[{"name":"wp","href":"https:\/\/api.w.org\/{rel}","templated":true}]}}