{"id":29427,"date":"2025-09-05T09:52:41","date_gmt":"2025-09-05T07:52:41","guid":{"rendered":"https:\/\/mes-pochoirs.com\/?post_type=product&#038;p=29427"},"modified":"2025-10-31T12:42:37","modified_gmt":"2025-10-31T11:42:37","slug":"pochoir-corvette-c1-style-retro-um0026","status":"publish","type":"product","link":"https:\/\/mes-pochoirs.com\/es\/produit\/pochoir-corvette-c1-style-retro-um0026","title":{"rendered":"Plantilla estilo retro Corvette C1 - UM0026"},"content":{"rendered":"<h2>Pochoir Corvette C1 Style Retro<\/h2>\n<p>Le <strong>Pochoir Corvette C1 Style Retro<\/strong> es una celebraci\u00f3n del automovilismo cl\u00e1sico y el arte urbano. Este dise\u00f1o rinde homenaje a un coche legendario que ha marcado generaciones y sigue fascinando a los entusiastas. Sus poderosas l\u00edneas, su aspecto deportivo y su esp\u00edritu atemporal lo convierten en un icono que esta plantilla transpone a un lenguaje visual moderno y expresivo.<\/p>\n<p>Dise\u00f1ado para dise\u00f1adores que buscan una herramienta precisa y vers\u00e1til, el <strong>Pochoir Corvette C1 Style Retro<\/strong>\u00a0es perfecta para una amplia gama de proyectos. Ya sea para embellecer un espacio en la pared, personalizar muebles, crear una obra de arte sobre lienzo o a\u00f1adir un toque gr\u00e1fico a un soporte original, esta plantilla es adecuada para una amplia gama de usos. Su dise\u00f1o captura toda la din\u00e1mica y fluidez del dise\u00f1o automovil\u00edstico, proporcionando un efecto reconocible y llamativo al instante.<\/p>\n<p>Duradera y f\u00e1cil de usar, es adecuada tanto para artistas experimentados como para principiantes. Puede aplicarse utilizando diversas t\u00e9cnicas para dar vida a creaciones \u00fanicas y dotar a cada proyecto de una fuerte identidad. La robustez y precisi\u00f3n de sus recortes garantizan un uso repetido sin alteraciones, lo que la convierte en una herramienta fiable a largo plazo.<\/p>\n<p>M\u00e1s que un accesorio creativo, el <strong>Pochoir Corvette C1 Style Retro<\/strong>\u00a0es una invitaci\u00f3n a explorar la alianza entre el dise\u00f1o automovil\u00edstico y la expresi\u00f3n art\u00edstica. Encarna el encuentro de dos mundos -la mec\u00e1nica y el arte- y ofrece a los dise\u00f1adores una forma de fusionar pasi\u00f3n, estilo y creatividad. Cada creaci\u00f3n se convierte en un homenaje a la leyenda del autom\u00f3vil, revisitada a trav\u00e9s de un enfoque gr\u00e1fico contempor\u00e1neo.<\/p>","protected":false},"excerpt":{"rendered":"<p data-start=\"830\" data-end=\"974\"><strong data-start=\"131\" data-end=\"163\">Pochoir Corvette C1 Style Retro<\/strong> Concebido para pintores. Reutilizables, de alta calidad, reversibles y perfectos para cuadros o creaciones \u00fanicas.<\/p>","protected":false},"featured_media":29544,"comment_status":"open","ping_status":"closed","template":"","meta":{"bwfblock_default_font":"","_kad_blocks_custom_css":"","_kad_blocks_head_custom_js":"","_kad_blocks_body_custom_js":"","_kad_blocks_footer_custom_js":"","_kadence_starter_templates_imported_post":false,"_kad_post_transparent":"default","_kad_post_title":"","_kad_post_layout":"default","_kad_post_sidebar_id":"","_kad_post_content_style":"default","_kad_post_vertical_padding":"default","_kad_post_feature":"","_kad_post_feature_position":"","_kad_post_header":false,"_kad_post_footer":false,"_kad_post_classname":""},"product_brand":[1415],"product_cat":[1713,971],"product_tag":[1727,1731,1733,1725,1728,1730,816,1726,1729,810,1724,1654],"class_list":{"0":"post-29427","1":"product","2":"type-product","3":"status-publish","4":"has-post-thumbnail","6":"product_brand-mes-pochoirs","7":"product_cat-pochoirs-voitures","8":"product_cat-pochoirs-univers-mecanique","9":"product_tag-automobile-vintage","10":"product_tag-carrosserie","11":"product_tag-chevrolet","12":"product_tag-corvette","13":"product_tag-design-retro","14":"product_tag-icone-automobile","15":"product_tag-mecanique","16":"product_tag-muscle-car","17":"product_tag-route-66","18":"product_tag-sport-automobile","19":"product_tag-voiture-americaine","20":"product_tag-voiture-de-collection","22":"first","23":"instock","24":"taxable","25":"shipping-taxable","26":"purchasable","27":"product-type-variable","28":"entry","29":"content-bg","30":"loop-entry"},"taxonomy_info":{"product_brand":[{"value":1415,"label":"Mes Pochoirs"}],"product_cat":[{"value":1713,"label":"Voitures"},{"value":971,"label":"Univers M\u00e9canique"}],"product_tag":[{"value":1727,"label":"automobile vintage"},{"value":1731,"label":"carrosserie"},{"value":1733,"label":"Chevrolet"},{"value":1725,"label":"corvette"},{"value":1728,"label":"design r\u00e9tro"},{"value":1730,"label":"ic\u00f4ne automobile"},{"value":816,"label":"m\u00e9canique"},{"value":1726,"label":"muscle car"},{"value":1729,"label":"route 66"},{"value":810,"label":"sport automobile"},{"value":1724,"label":"voiture am\u00e9ricaine"},{"value":1654,"label":"voiture de collection"}]},"featured_image_src_large":["https:\/\/mes-pochoirs.com\/wp-content\/uploads\/2025\/09\/UM0026-pochoir-voiture-copyright-mes-pochoirs-858x1030.jpg",858,1030,true],"author_info":[],"comment_info":0,"_links":{"self":[{"href":"https:\/\/mes-pochoirs.com\/es\/wp-json\/wp\/v2\/product\/29427","targetHints":{"allow":["GET"]}}],"collection":[{"href":"https:\/\/mes-pochoirs.com\/es\/wp-json\/wp\/v2\/product"}],"about":[{"href":"https:\/\/mes-pochoirs.com\/es\/wp-json\/wp\/v2\/types\/product"}],"replies":[{"embeddable":true,"href":"https:\/\/mes-pochoirs.com\/es\/wp-json\/wp\/v2\/comments?post=29427"}],"wp:featuredmedia":[{"embeddable":true,"href":"https:\/\/mes-pochoirs.com\/es\/wp-json\/wp\/v2\/media\/29544"}],"wp:attachment":[{"href":"https:\/\/mes-pochoirs.com\/es\/wp-json\/wp\/v2\/media?parent=29427"}],"wp:term":[{"taxonomy":"product_brand","embeddable":true,"href":"https:\/\/mes-pochoirs.com\/es\/wp-json\/wp\/v2\/product_brand?post=29427"},{"taxonomy":"product_cat","embeddable":true,"href":"https:\/\/mes-pochoirs.com\/es\/wp-json\/wp\/v2\/product_cat?post=29427"},{"taxonomy":"product_tag","embeddable":true,"href":"https:\/\/mes-pochoirs.com\/es\/wp-json\/wp\/v2\/product_tag?post=29427"}],"curies":[{"name":"wp","href":"https:\/\/api.w.org\/{rel}","templated":true}]}}