{"id":29441,"date":"2025-09-05T09:52:38","date_gmt":"2025-09-05T07:52:38","guid":{"rendered":"https:\/\/mes-pochoirs.com\/?post_type=product&#038;p=29441"},"modified":"2025-10-31T12:43:00","modified_gmt":"2025-10-31T11:43:00","slug":"pochoir-chevrolet-corvette-1963-um0028","status":"publish","type":"product","link":"https:\/\/mes-pochoirs.com\/es\/produit\/pochoir-chevrolet-corvette-1963-um0028","title":{"rendered":"Plantilla Chevrolet Corvette 1963 - UM0028"},"content":{"rendered":"<h2>Pochoir Chevrolet Corvette 1963<\/h2>\n<p>Le <strong>Plantilla Chevrolet Corvette<\/strong> <strong>1963<\/strong> es una creaci\u00f3n que combina la potencia de un coche legendario con la cruda energ\u00eda del arte callejero. Inspirado en el mundo del arte callejero y los grafitis, este modelo combina la silueta ic\u00f3nica de un coche legendario con la atm\u00f3sfera de los muros urbanos marcados por las huellas de la creaci\u00f3n art\u00edstica. Es un dise\u00f1o que no deja indiferente a nadie, din\u00e1mico, moderno y profundamente expresivo.<\/p>\n<p>Con el <strong>Plantilla Chevrolet Corvette<\/strong> <strong>1963<\/strong>Cada proyecto creativo adquiere una dimensi\u00f3n \u00fanica. Ya se trate de dar car\u00e1cter a un interior, de personalizar un mueble, de dise\u00f1ar una obra de arte sobre lienzo o de transformar una pared en un soporte de expresi\u00f3n, esta plantilla puede utilizarse con fines muy diversos. Su trazo preciso y contundente facilita la reproducci\u00f3n de los detalles de la carrocer\u00eda y la energ\u00eda del mundo urbano que la rodea, dando lugar a una representaci\u00f3n reconocible al instante y de gran fuerza visual.<\/p>\n<p>Dise\u00f1ada para ser vers\u00e1til, esta plantilla es tan adecuada para artistas experimentados como para principiantes. Puede utilizarse con diferentes t\u00e9cnicas y aplicarse a una gran variedad de superficies, garantizando un resultado limpio y fiel. La robustez y la calidad de su dise\u00f1o garantizan un uso repetido, lo que la convierte en una herramienta creativa realmente duradera y fiable.<\/p>\n<p>M\u00e1s all\u00e1 de su practicidad, el <strong>Plantilla Chevrolet Corvette<\/strong> <strong>1963<\/strong>\u00a0es tambi\u00e9n un s\u00edmbolo: el encuentro del arte automovil\u00edstico y la cultura urbana. Encarna tanto la pasi\u00f3n por los veh\u00edculos excepcionales como el esp\u00edritu libre del graffiti, por las creaciones que destilan velocidad, fuerza y autenticidad. Cada uso se convierte en una declaraci\u00f3n de estilo y una invitaci\u00f3n a superar los l\u00edmites de la creatividad.<\/p>","protected":false},"excerpt":{"rendered":"<p><strong data-start=\"97\" data-end=\"124\">Plantilla Chevrolet Corvette<\/strong> <strong>1963<\/strong> para aficionados y artistas. Plantilla de alta calidad, reversible, reutilizable y perfecta para pintar o crear.<\/p>","protected":false},"featured_media":29546,"comment_status":"open","ping_status":"closed","template":"","meta":{"bwfblock_default_font":"","_kad_blocks_custom_css":"","_kad_blocks_head_custom_js":"","_kad_blocks_body_custom_js":"","_kad_blocks_footer_custom_js":"","_kadence_starter_templates_imported_post":false,"_kad_post_transparent":"default","_kad_post_title":"","_kad_post_layout":"default","_kad_post_sidebar_id":"","_kad_post_content_style":"default","_kad_post_vertical_padding":"default","_kad_post_feature":"","_kad_post_feature_position":"","_kad_post_header":false,"_kad_post_footer":false,"_kad_post_classname":""},"product_brand":[1415],"product_cat":[1713,971],"product_tag":[1727,1731,1733,1725,1728,1730,816,1726,1729,810,286,1724,1654],"class_list":{"0":"post-29441","1":"product","2":"type-product","3":"status-publish","4":"has-post-thumbnail","6":"product_brand-mes-pochoirs","7":"product_cat-pochoirs-voitures","8":"product_cat-pochoirs-univers-mecanique","9":"product_tag-automobile-vintage","10":"product_tag-carrosserie","11":"product_tag-chevrolet","12":"product_tag-corvette","13":"product_tag-design-retro","14":"product_tag-icone-automobile","15":"product_tag-mecanique","16":"product_tag-muscle-car","17":"product_tag-route-66","18":"product_tag-sport-automobile","19":"product_tag-urbain","20":"product_tag-voiture-americaine","21":"product_tag-voiture-de-collection","23":"first","24":"instock","25":"taxable","26":"shipping-taxable","27":"purchasable","28":"product-type-variable","29":"entry","30":"content-bg","31":"loop-entry"},"taxonomy_info":{"product_brand":[{"value":1415,"label":"Mes Pochoirs"}],"product_cat":[{"value":1713,"label":"Voitures"},{"value":971,"label":"Univers M\u00e9canique"}],"product_tag":[{"value":1727,"label":"automobile vintage"},{"value":1731,"label":"carrosserie"},{"value":1733,"label":"Chevrolet"},{"value":1725,"label":"corvette"},{"value":1728,"label":"design r\u00e9tro"},{"value":1730,"label":"ic\u00f4ne automobile"},{"value":816,"label":"m\u00e9canique"},{"value":1726,"label":"muscle car"},{"value":1729,"label":"route 66"},{"value":810,"label":"sport automobile"},{"value":286,"label":"urbain"},{"value":1724,"label":"voiture am\u00e9ricaine"},{"value":1654,"label":"voiture de collection"}]},"featured_image_src_large":["https:\/\/mes-pochoirs.com\/wp-content\/uploads\/2025\/09\/UM0028-pochoir-voiture-copyright-mes-pochoirs-858x1030.jpg",858,1030,true],"author_info":[],"comment_info":0,"_links":{"self":[{"href":"https:\/\/mes-pochoirs.com\/es\/wp-json\/wp\/v2\/product\/29441","targetHints":{"allow":["GET"]}}],"collection":[{"href":"https:\/\/mes-pochoirs.com\/es\/wp-json\/wp\/v2\/product"}],"about":[{"href":"https:\/\/mes-pochoirs.com\/es\/wp-json\/wp\/v2\/types\/product"}],"replies":[{"embeddable":true,"href":"https:\/\/mes-pochoirs.com\/es\/wp-json\/wp\/v2\/comments?post=29441"}],"wp:featuredmedia":[{"embeddable":true,"href":"https:\/\/mes-pochoirs.com\/es\/wp-json\/wp\/v2\/media\/29546"}],"wp:attachment":[{"href":"https:\/\/mes-pochoirs.com\/es\/wp-json\/wp\/v2\/media?parent=29441"}],"wp:term":[{"taxonomy":"product_brand","embeddable":true,"href":"https:\/\/mes-pochoirs.com\/es\/wp-json\/wp\/v2\/product_brand?post=29441"},{"taxonomy":"product_cat","embeddable":true,"href":"https:\/\/mes-pochoirs.com\/es\/wp-json\/wp\/v2\/product_cat?post=29441"},{"taxonomy":"product_tag","embeddable":true,"href":"https:\/\/mes-pochoirs.com\/es\/wp-json\/wp\/v2\/product_tag?post=29441"}],"curies":[{"name":"wp","href":"https:\/\/api.w.org\/{rel}","templated":true}]}}