{"id":29455,"date":"2025-09-04T11:55:01","date_gmt":"2025-09-04T09:55:01","guid":{"rendered":"https:\/\/mes-pochoirs.com\/?post_type=product&#038;p=29455"},"modified":"2025-10-31T12:43:04","modified_gmt":"2025-10-31T11:43:04","slug":"pochoir-corvette-sport-1963-split-window-um0030","status":"publish","type":"product","link":"https:\/\/mes-pochoirs.com\/es\/produit\/pochoir-corvette-sport-1963-split-window-um0030","title":{"rendered":"Corvette Sport 1963 Split Window Stencil - UM0030"},"content":{"rendered":"<h2>Pochoir Corvette Sport 1963 Split Window<\/h2>\n<p>Le <strong>Pochoir Corvette Sport 1963 Split Window<\/strong>\u00a0exhibe toda la potencia y el carisma de un coche legendario. Aut\u00e9ntico s\u00edmbolo de velocidad y libertad, este Corvette encarna el esp\u00edritu de la carretera abierta y el mundo de los coches legendarios. Su silueta \u00fanica y sus poderosas l\u00edneas han sobrevivido a las d\u00e9cadas sin perder un \u00e1pice de su intensidad, lo que lo convierte en un sujeto ideal para gr\u00e1ficos fuertes y expresivos.<\/p>\n<p>Le <strong>Pochoir Corvette Sport 1963 Split Window<\/strong>\u00a0est\u00e1 dise\u00f1ado para dar a sus proyectos una dimensi\u00f3n art\u00edstica impactante. Tanto si le apasionan los coches cl\u00e1sicos como el arte urbano, este modelo le permite crear composiciones originales e impactantes. Se adapta tanto a un entorno moderno como industrial, y puede utilizarse en una amplia gama de superficies: paredes, lienzos, muebles o incluso objetos personalizados. Cada detalle de la carrocer\u00eda est\u00e1 pensado para transmitir la energ\u00eda y la potencia de este emblem\u00e1tico veh\u00edculo, convirtiendo cada creaci\u00f3n en un aut\u00e9ntico homenaje a la cultura del motor.<\/p>\n<p>Pr\u00e1ctica y resistente, esta plantilla es ideal tanto para artistas experimentados como para principiantes que deseen explorar nuevas inspiraciones. Su dise\u00f1o la hace f\u00e1cil de usar, precisa y reutilizable, para que pueda multiplicar sus proyectos sin comprometer la calidad del resultado. Compatible con una amplia gama de t\u00e9cnicas, es f\u00e1cil de adaptar a sus deseos creativos y garantiza resultados limpios y uniformes.<\/p>\n<p>Mucho m\u00e1s que una simple herramienta, el <strong>Pochoir Corvette Sport 1963 Split Window<\/strong>\u00a0es un puente entre dos mundos: el mundo mec\u00e1nico de los coches excepcionales y el mundo de la expresi\u00f3n art\u00edstica. Con \u00e9l, puedes combinar el dise\u00f1o automovil\u00edstico y la creatividad contempor\u00e1nea para crear obras de arte \u00fanicas. Cada creaci\u00f3n se convierte en una declaraci\u00f3n de estilo, inspirada en la leyenda atemporal del Corvette.<\/p>","protected":false},"excerpt":{"rendered":"<p><strong data-start=\"105\" data-end=\"131\">Pochoir Corvette Sport 1963 Split Window<\/strong> para trabajos de pintura, pizarra o decoraci\u00f3n. De alta calidad, reversibles y reutilizables. Disponible en varios tama\u00f1os.<\/p>","protected":false},"featured_media":29548,"comment_status":"open","ping_status":"closed","template":"","meta":{"bwfblock_default_font":"","_kad_blocks_custom_css":"","_kad_blocks_head_custom_js":"","_kad_blocks_body_custom_js":"","_kad_blocks_footer_custom_js":"","_kadence_starter_templates_imported_post":false,"_kad_post_transparent":"default","_kad_post_title":"","_kad_post_layout":"default","_kad_post_sidebar_id":"","_kad_post_content_style":"default","_kad_post_vertical_padding":"default","_kad_post_feature":"","_kad_post_feature_position":"","_kad_post_header":false,"_kad_post_footer":false,"_kad_post_classname":""},"product_brand":[1415],"product_cat":[1713,971],"product_tag":[1727,1731,1733,1725,1728,1730,816,1726,1729,810,1724,1654],"class_list":{"0":"post-29455","1":"product","2":"type-product","3":"status-publish","4":"has-post-thumbnail","6":"product_brand-mes-pochoirs","7":"product_cat-pochoirs-voitures","8":"product_cat-pochoirs-univers-mecanique","9":"product_tag-automobile-vintage","10":"product_tag-carrosserie","11":"product_tag-chevrolet","12":"product_tag-corvette","13":"product_tag-design-retro","14":"product_tag-icone-automobile","15":"product_tag-mecanique","16":"product_tag-muscle-car","17":"product_tag-route-66","18":"product_tag-sport-automobile","19":"product_tag-voiture-americaine","20":"product_tag-voiture-de-collection","22":"first","23":"instock","24":"taxable","25":"shipping-taxable","26":"purchasable","27":"product-type-variable","28":"entry","29":"content-bg","30":"loop-entry"},"taxonomy_info":{"product_brand":[{"value":1415,"label":"Mes Pochoirs"}],"product_cat":[{"value":1713,"label":"Voitures"},{"value":971,"label":"Univers M\u00e9canique"}],"product_tag":[{"value":1727,"label":"automobile vintage"},{"value":1731,"label":"carrosserie"},{"value":1733,"label":"Chevrolet"},{"value":1725,"label":"corvette"},{"value":1728,"label":"design r\u00e9tro"},{"value":1730,"label":"ic\u00f4ne automobile"},{"value":816,"label":"m\u00e9canique"},{"value":1726,"label":"muscle car"},{"value":1729,"label":"route 66"},{"value":810,"label":"sport automobile"},{"value":1724,"label":"voiture am\u00e9ricaine"},{"value":1654,"label":"voiture de collection"}]},"featured_image_src_large":["https:\/\/mes-pochoirs.com\/wp-content\/uploads\/2025\/09\/UM0030-pochoir-voiture-copyright-mes-pochoirs-858x1030.jpg",858,1030,true],"author_info":[],"comment_info":0,"_links":{"self":[{"href":"https:\/\/mes-pochoirs.com\/es\/wp-json\/wp\/v2\/product\/29455","targetHints":{"allow":["GET"]}}],"collection":[{"href":"https:\/\/mes-pochoirs.com\/es\/wp-json\/wp\/v2\/product"}],"about":[{"href":"https:\/\/mes-pochoirs.com\/es\/wp-json\/wp\/v2\/types\/product"}],"replies":[{"embeddable":true,"href":"https:\/\/mes-pochoirs.com\/es\/wp-json\/wp\/v2\/comments?post=29455"}],"wp:featuredmedia":[{"embeddable":true,"href":"https:\/\/mes-pochoirs.com\/es\/wp-json\/wp\/v2\/media\/29548"}],"wp:attachment":[{"href":"https:\/\/mes-pochoirs.com\/es\/wp-json\/wp\/v2\/media?parent=29455"}],"wp:term":[{"taxonomy":"product_brand","embeddable":true,"href":"https:\/\/mes-pochoirs.com\/es\/wp-json\/wp\/v2\/product_brand?post=29455"},{"taxonomy":"product_cat","embeddable":true,"href":"https:\/\/mes-pochoirs.com\/es\/wp-json\/wp\/v2\/product_cat?post=29455"},{"taxonomy":"product_tag","embeddable":true,"href":"https:\/\/mes-pochoirs.com\/es\/wp-json\/wp\/v2\/product_tag?post=29455"}],"curies":[{"name":"wp","href":"https:\/\/api.w.org\/{rel}","templated":true}]}}