{"id":29692,"date":"2025-09-19T12:16:10","date_gmt":"2025-09-19T10:16:10","guid":{"rendered":"https:\/\/mes-pochoirs.com\/?post_type=product&#038;p=29692"},"modified":"2025-10-31T12:43:08","modified_gmt":"2025-10-31T11:43:08","slug":"graffiti-shadow-wildstyle-art-stencil-t0036","status":"publish","type":"product","link":"https:\/\/mes-pochoirs.com\/es\/produit\/pochoir-graffiti-shadow-wildstyle-art-t0036","title":{"rendered":"ART\" Wildstyle Graffiti Stencil - Contour Ombre - T0036"},"content":{"rendered":"<h2>Plantilla Graffiti Shadow Wildstyle ART<\/h2>\n<p>Este <strong>Plantilla Graffiti Shadow Wildstyle ART<\/strong> encarna la esencia del graffiti en su estado m\u00e1s puro y expresivo. Inspirado en el wildstyle, juega con formas entrelazadas y letras estilizadas para crear una composici\u00f3n tan compleja como impactante. Los contornos din\u00e1micos se superponen en una construcci\u00f3n visual que recuerda la cruda energ\u00eda del arte urbano callejero. Cada l\u00ednea est\u00e1 dise\u00f1ada para evocar el movimiento, la espontaneidad y la autenticidad de los muros pintados con espray en espacios p\u00fablicos.<\/p>\n<p>Esta plantilla destaca por su preciso uso de la sombra, que a\u00f1ade profundidad y dimensi\u00f3n a la tipograf\u00eda. El efecto de proyecci\u00f3n da la impresi\u00f3n de que las letras surgen de la superficie, reforzando el impacto visual y la fuerza de la palabra. Encontramos aqu\u00ed la est\u00e9tica de los frescos callejeros, donde el juego de luces y relieves acent\u00faa el car\u00e1cter imponente del grafiti.<\/p>\n<p>El enfoque art\u00edstico pone de relieve el arte del contorno, base de la escritura del grafiti, donde cada l\u00ednea se entrelaza para formar una estructura armoniosa a pesar de la complejidad del estilo salvaje. Esta superposici\u00f3n crea un equilibrio entre el caos aparente y la maestr\u00eda t\u00e9cnica, t\u00edpico del lettering que se encuentra en las grandes metr\u00f3polis.<\/p>\n<p>Este<strong>Plantilla Graffiti Shadow Wildstyle ART<\/strong> no es s\u00f3lo un motivo decorativo: es una verdadera declaraci\u00f3n art\u00edstica. Encarna la libertad de expresi\u00f3n, la creatividad y el atrevimiento que caracterizan a la cultura del graffiti. Ideal para personalizar una pared, un lienzo o un mueble, te permite recrear el ambiente vibrante y antisistema del arte callejero en tu propia casa.<\/p>","protected":false},"excerpt":{"rendered":"<p><strong>Plantilla Graffiti Shadow Wildstyle ART<\/strong> Un dise\u00f1o urbano \u00fanico con formas entrelazadas y letras potentes. Inspirado en el arte callejero, aporta relieve, energ\u00eda y autenticidad a tus proyectos creativos.<\/p>","protected":false},"featured_media":30079,"comment_status":"open","ping_status":"closed","template":"","meta":{"bwfblock_default_font":"","_kad_blocks_custom_css":"","_kad_blocks_head_custom_js":"","_kad_blocks_body_custom_js":"","_kad_blocks_footer_custom_js":"","_kadence_starter_templates_imported_post":false,"_kad_post_transparent":"default","_kad_post_title":"","_kad_post_layout":"default","_kad_post_sidebar_id":"","_kad_post_content_style":"default","_kad_post_vertical_padding":"default","_kad_post_feature":"","_kad_post_feature_position":"","_kad_post_header":false,"_kad_post_footer":false,"_kad_post_classname":""},"product_brand":[1415],"product_cat":[1738,537,284,328,316,515,516,273],"product_tag":[439,1742,285,275,577,1743,1750,327,287,295,286,1740],"class_list":{"0":"post-29692","1":"product","2":"type-product","3":"status-publish","4":"has-post-thumbnail","6":"product_brand-mes-pochoirs","7":"product_cat-pochoirs-style-graffiti-wildstyle","8":"product_cat-pochoirs-mot-art","9":"product_cat-pochoirs-graffitis","10":"product_cat-pochoirs-street-art","11":"product_cat-pochoirs-textes-et-messages","12":"product_cat-tri-par-mots","13":"product_cat-tri-par-styles","14":"product_cat-pochoirs-urbains","15":"product_tag-art","16":"product_tag-contour","17":"product_tag-graffiti","18":"product_tag-message","19":"product_tag-mot","20":"product_tag-ombre","21":"product_tag-shadow","22":"product_tag-street-art","23":"product_tag-tag","24":"product_tag-texte","25":"product_tag-urbain","26":"product_tag-wildstyle","28":"first","29":"instock","30":"taxable","31":"shipping-taxable","32":"purchasable","33":"product-type-variable","34":"entry","35":"content-bg","36":"loop-entry"},"taxonomy_info":{"product_brand":[{"value":1415,"label":"Mes Pochoirs"}],"product_cat":[{"value":1738,"label":"Graffiti Wildstyle"},{"value":537,"label":"Art"},{"value":284,"label":"Graffitis"},{"value":328,"label":"Street Art"},{"value":316,"label":"Textes et Messages"},{"value":515,"label":"Tri par Mots"},{"value":516,"label":"Tri par Styles"},{"value":273,"label":"Urbains"}],"product_tag":[{"value":439,"label":"art"},{"value":1742,"label":"contour"},{"value":285,"label":"graffiti"},{"value":275,"label":"message"},{"value":577,"label":"mot"},{"value":1743,"label":"ombre"},{"value":1750,"label":"Shadow"},{"value":327,"label":"street art"},{"value":287,"label":"tag"},{"value":295,"label":"Texte"},{"value":286,"label":"urbain"},{"value":1740,"label":"Wildstyle"}]},"featured_image_src_large":["https:\/\/mes-pochoirs.com\/wp-content\/uploads\/2025\/09\/T0036-pochoir-graffiti-wildstyle-art-copyright-mes-pochoirs-858x1030.jpg",858,1030,true],"author_info":[],"comment_info":0,"_links":{"self":[{"href":"https:\/\/mes-pochoirs.com\/es\/wp-json\/wp\/v2\/product\/29692","targetHints":{"allow":["GET"]}}],"collection":[{"href":"https:\/\/mes-pochoirs.com\/es\/wp-json\/wp\/v2\/product"}],"about":[{"href":"https:\/\/mes-pochoirs.com\/es\/wp-json\/wp\/v2\/types\/product"}],"replies":[{"embeddable":true,"href":"https:\/\/mes-pochoirs.com\/es\/wp-json\/wp\/v2\/comments?post=29692"}],"wp:featuredmedia":[{"embeddable":true,"href":"https:\/\/mes-pochoirs.com\/es\/wp-json\/wp\/v2\/media\/30079"}],"wp:attachment":[{"href":"https:\/\/mes-pochoirs.com\/es\/wp-json\/wp\/v2\/media?parent=29692"}],"wp:term":[{"taxonomy":"product_brand","embeddable":true,"href":"https:\/\/mes-pochoirs.com\/es\/wp-json\/wp\/v2\/product_brand?post=29692"},{"taxonomy":"product_cat","embeddable":true,"href":"https:\/\/mes-pochoirs.com\/es\/wp-json\/wp\/v2\/product_cat?post=29692"},{"taxonomy":"product_tag","embeddable":true,"href":"https:\/\/mes-pochoirs.com\/es\/wp-json\/wp\/v2\/product_tag?post=29692"}],"curies":[{"name":"wp","href":"https:\/\/api.w.org\/{rel}","templated":true}]}}