{"id":29704,"date":"2025-09-19T12:27:03","date_gmt":"2025-09-19T10:27:03","guid":{"rendered":"https:\/\/mes-pochoirs.com\/?post_type=product&#038;p=29704"},"modified":"2025-10-31T12:43:10","modified_gmt":"2025-10-31T11:43:10","slug":"plantilla-wildstyle-solid-t0037","status":"publish","type":"product","link":"https:\/\/mes-pochoirs.com\/es\/produit\/pochoir-wildstyle-aplat-plein-t0037","title":{"rendered":"Wildstyle Graffiti plantilla \"COLOR\" - T0037"},"content":{"rendered":"<h2>Plantilla Wildstyle Solid<\/h2>\n<p>Este <strong>Plantilla Wildstyle Solid<\/strong>\u00a0es una celebraci\u00f3n del arte callejero y la escritura de graffiti. Inspirado en el wildstyle, presenta formas entrelazadas y letras din\u00e1micas que transmiten la cruda energ\u00eda del arte urbano. Cada curva y cada l\u00ednea est\u00e1n dise\u00f1adas para dar un intenso ritmo visual, que recuerda a los frescos que se encuentran en las paredes de las grandes metr\u00f3polis.<\/p>\n<p>La palabra \"COLOR\" est\u00e1 trabajada en una compleja construcci\u00f3n tipogr\u00e1fica, t\u00edpica del graffiti wildstyle, donde los contornos se entrelazan para crear un efecto visual casi laber\u00edntico. Este enfoque art\u00edstico pone de relieve el poder de los contornos, elementos fundamentales del graffiti, que estructuran el conjunto al tiempo que dejan espacio para la libertad creativa.<\/p>\n<p>La adici\u00f3n de sombras y superposiciones gr\u00e1ficas refuerza la profundidad y confiere a este estarcido una dimensi\u00f3n casi escult\u00f3rica. El efecto de grosor y relieve evoca la fuerza y la densidad del arte urbano, como si las letras emergieran de la superficie. Esta intensidad se ve reforzada por el movimiento de los trazos, que parecen animados y vibrantes.<\/p>\n<p>Este <strong>Plantilla Wildstyle Solid<\/strong>\u00a0no es s\u00f3lo un motivo gr\u00e1fico, sino una aut\u00e9ntica obra de arte que encierra el esp\u00edritu del graffiti: libertad, espontaneidad y una fuerte identidad visual. Te permite recrear el mundo del arte callejero en casa, ya sea en una pared, un lienzo, un mueble o cualquier otro soporte creativo.<\/p>\n<p><strong>Plantilla Wildstyle Solid<\/strong> se dirige a los aficionados al arte urbano, a los amantes del graffiti y a todos aquellos que deseen dar un toque contempor\u00e1neo y en\u00e9rgico a sus creaciones. M\u00e1s que una simple herramienta, encarna una aut\u00e9ntica declaraci\u00f3n art\u00edstica, que combina esteticismo, protesta y modernidad.<\/p>","protected":false},"excerpt":{"rendered":"<p>A\u00f1ade color y dinamismo a tus creaciones con esta plantilla a todo color COLOR Wildstyle. Inspirada en el arte callejero, presenta letras vibrantes y expresivas para alegrar tus proyectos.<\/p>","protected":false},"featured_media":30080,"comment_status":"open","ping_status":"closed","template":"","meta":{"bwfblock_default_font":"","_kad_blocks_custom_css":"","_kad_blocks_head_custom_js":"","_kad_blocks_body_custom_js":"","_kad_blocks_footer_custom_js":"","_kadence_starter_templates_imported_post":false,"_kad_post_transparent":"default","_kad_post_title":"","_kad_post_layout":"default","_kad_post_sidebar_id":"","_kad_post_content_style":"default","_kad_post_vertical_padding":"default","_kad_post_feature":"","_kad_post_feature_position":"","_kad_post_header":false,"_kad_post_footer":false,"_kad_post_classname":""},"product_brand":[1415],"product_cat":[1738,538,284,316,273],"product_tag":[440,553,1106,285,275,577,1741,327,1739,287,295,286,1740],"class_list":{"0":"post-29704","1":"product","2":"type-product","3":"status-publish","4":"has-post-thumbnail","6":"product_brand-mes-pochoirs","7":"product_cat-pochoirs-style-graffiti-wildstyle","8":"product_cat-pochoirs-mot-color","9":"product_cat-pochoirs-graffitis","10":"product_cat-pochoirs-textes-et-messages","11":"product_cat-pochoirs-urbains","12":"product_tag-color","13":"product_tag-couleur","14":"product_tag-graffeur","15":"product_tag-graffiti","16":"product_tag-message","17":"product_tag-mot","18":"product_tag-signature","19":"product_tag-street-art","20":"product_tag-style-decriture","21":"product_tag-tag","22":"product_tag-texte","23":"product_tag-urbain","24":"product_tag-wildstyle","26":"first","27":"instock","28":"taxable","29":"shipping-taxable","30":"purchasable","31":"product-type-variable","32":"entry","33":"content-bg","34":"loop-entry"},"taxonomy_info":{"product_brand":[{"value":1415,"label":"Mes Pochoirs"}],"product_cat":[{"value":1738,"label":"Graffiti Wildstyle"},{"value":538,"label":"Color"},{"value":284,"label":"Graffitis"},{"value":316,"label":"Textes et Messages"},{"value":273,"label":"Urbains"}],"product_tag":[{"value":440,"label":"color"},{"value":553,"label":"couleur"},{"value":1106,"label":"graffeur"},{"value":285,"label":"graffiti"},{"value":275,"label":"message"},{"value":577,"label":"mot"},{"value":1741,"label":"signature"},{"value":327,"label":"street art"},{"value":1739,"label":"style d'\u00e9criture"},{"value":287,"label":"tag"},{"value":295,"label":"Texte"},{"value":286,"label":"urbain"},{"value":1740,"label":"Wildstyle"}]},"featured_image_src_large":["https:\/\/mes-pochoirs.com\/wp-content\/uploads\/2025\/09\/T0037-pochoir-graffiti-wildstyle-color-copyright-mes-pochoirs-858x1030.jpg",858,1030,true],"author_info":[],"comment_info":0,"_links":{"self":[{"href":"https:\/\/mes-pochoirs.com\/es\/wp-json\/wp\/v2\/product\/29704","targetHints":{"allow":["GET"]}}],"collection":[{"href":"https:\/\/mes-pochoirs.com\/es\/wp-json\/wp\/v2\/product"}],"about":[{"href":"https:\/\/mes-pochoirs.com\/es\/wp-json\/wp\/v2\/types\/product"}],"replies":[{"embeddable":true,"href":"https:\/\/mes-pochoirs.com\/es\/wp-json\/wp\/v2\/comments?post=29704"}],"wp:featuredmedia":[{"embeddable":true,"href":"https:\/\/mes-pochoirs.com\/es\/wp-json\/wp\/v2\/media\/30080"}],"wp:attachment":[{"href":"https:\/\/mes-pochoirs.com\/es\/wp-json\/wp\/v2\/media?parent=29704"}],"wp:term":[{"taxonomy":"product_brand","embeddable":true,"href":"https:\/\/mes-pochoirs.com\/es\/wp-json\/wp\/v2\/product_brand?post=29704"},{"taxonomy":"product_cat","embeddable":true,"href":"https:\/\/mes-pochoirs.com\/es\/wp-json\/wp\/v2\/product_cat?post=29704"},{"taxonomy":"product_tag","embeddable":true,"href":"https:\/\/mes-pochoirs.com\/es\/wp-json\/wp\/v2\/product_tag?post=29704"}],"curies":[{"name":"wp","href":"https:\/\/api.w.org\/{rel}","templated":true}]}}