{"id":29722,"date":"2025-09-19T12:40:20","date_gmt":"2025-09-19T10:40:20","guid":{"rendered":"https:\/\/mes-pochoirs.com\/?post_type=product&#038;p=29722"},"modified":"2026-01-16T11:09:03","modified_gmt":"2026-01-16T10:09:03","slug":"wildstyle-contorno-ombre-plantilla-t0038","status":"publish","type":"product","link":"https:\/\/mes-pochoirs.com\/es\/produit\/pochoir-wildstyle-contour-ombre-t0038","title":{"rendered":"Wildstyle Graffiti plantilla \"COLOR\" - Contorno Ombre - T0038"},"content":{"rendered":"<h2>Plantilla de sombras Wildstyle<\/h2>\n<p>Este <strong>Plantilla de sombras Wildstyle<\/strong> es una aut\u00e9ntica inmersi\u00f3n en el mundo del graffiti y el arte callejero, dise\u00f1ada para captar toda la energ\u00eda y la fuerza del wildstyle. Su composici\u00f3n se basa en un juego de l\u00edneas entrecruzadas, curvas audaces y trazos incisivos que se unen para formar un todo armonioso, sin dejar de ser deliberadamente complejo y misterioso.<\/p>\n<p>El efecto de los contornos desempe\u00f1a aqu\u00ed un papel central: cada l\u00ednea delimita con precisi\u00f3n el espacio y construye una s\u00f3lida estructura visual, fiel a los c\u00f3digos del graffiti urbano. Estos contornos din\u00e1micos crean una impresi\u00f3n de movimiento constante, como si las letras vibraran o se distorsionaran bajo el impacto de un pulso visual.<\/p>\n<p>La inclusi\u00f3n de sombras a\u00f1ade profundidad al efecto general. Este trabajo gr\u00e1fico crea un efecto de relieve que acent\u00faa la fuerza de las letras y les confiere una dimensi\u00f3n escult\u00f3rica. Gracias a este juego de sombras, el estarcido da la ilusi\u00f3n de que las formas emergen de la superficie, evocando la tridimensionalidad de los frescos callejeros y reforzando el car\u00e1cter imponente de la obra.<\/p>\n<p>Esta plantilla es m\u00e1s que una simple reproducci\u00f3n decorativa: expresa la esencia misma del arte del graffiti. El estilo wildstyle, con sus entrelazados y formas complejas, est\u00e1 reconocido como una disciplina exigente, que requiere maestr\u00eda y creatividad. Aqu\u00ed, cada detalle contribuye a transmitir este lenguaje visual \u00fanico, mezcla de libertad, protesta y expresi\u00f3n art\u00edstica en bruto.<\/p>\n<p>Le <strong>Plantilla de sombras Wildstyle<\/strong> es ideal para quienes desean incorporar el alma del arte callejero a sus creaciones. Tanto si se utiliza en una pared, un lienzo, un mueble o cualquier otra superficie, a\u00f1ade una identidad fuerte y contempor\u00e1nea, transformando cualquier superficie en un espacio de aut\u00e9ntica expresi\u00f3n urbana.<\/p>","protected":false},"excerpt":{"rendered":"<p><strong>Plantilla de sombras Wildstyle<\/strong> Reutilizables, de alta calidad, perfectos para el arte callejero, disponibles en varios tama\u00f1os para artistas.<\/p>","protected":false},"featured_media":30081,"comment_status":"open","ping_status":"closed","template":"","meta":{"bwfblock_default_font":"","_kad_blocks_custom_css":"","_kad_blocks_head_custom_js":"","_kad_blocks_body_custom_js":"","_kad_blocks_footer_custom_js":"","_kadence_starter_templates_imported_post":false,"_kad_post_transparent":"default","_kad_post_title":"","_kad_post_layout":"default","_kad_post_sidebar_id":"","_kad_post_content_style":"default","_kad_post_vertical_padding":"default","_kad_post_feature":"","_kad_post_feature_position":"","_kad_post_header":false,"_kad_post_footer":false,"_kad_post_classname":""},"product_brand":[1415],"product_cat":[1738,538,284,316,273],"product_tag":[440,553,1106,285,275,577,1741,327,1739,287,295,286,1740],"class_list":{"0":"post-29722","1":"product","2":"type-product","3":"status-publish","4":"has-post-thumbnail","6":"product_brand-mes-pochoirs","7":"product_cat-pochoirs-style-graffiti-wildstyle","8":"product_cat-pochoirs-mot-color","9":"product_cat-pochoirs-graffitis","10":"product_cat-pochoirs-textes-et-messages","11":"product_cat-pochoirs-urbains","12":"product_tag-color","13":"product_tag-couleur","14":"product_tag-graffeur","15":"product_tag-graffiti","16":"product_tag-message","17":"product_tag-mot","18":"product_tag-signature","19":"product_tag-street-art","20":"product_tag-style-decriture","21":"product_tag-tag","22":"product_tag-texte","23":"product_tag-urbain","24":"product_tag-wildstyle","26":"first","27":"instock","28":"taxable","29":"shipping-taxable","30":"purchasable","31":"product-type-variable","32":"entry","33":"content-bg","34":"loop-entry"},"taxonomy_info":{"product_brand":[{"value":1415,"label":"Mes Pochoirs"}],"product_cat":[{"value":1738,"label":"Graffiti Wildstyle"},{"value":538,"label":"Color"},{"value":284,"label":"Graffitis"},{"value":316,"label":"Textes et Messages"},{"value":273,"label":"Urbains"}],"product_tag":[{"value":440,"label":"color"},{"value":553,"label":"couleur"},{"value":1106,"label":"graffeur"},{"value":285,"label":"graffiti"},{"value":275,"label":"message"},{"value":577,"label":"mot"},{"value":1741,"label":"signature"},{"value":327,"label":"street art"},{"value":1739,"label":"style d'\u00e9criture"},{"value":287,"label":"tag"},{"value":295,"label":"Texte"},{"value":286,"label":"urbain"},{"value":1740,"label":"Wildstyle"}]},"featured_image_src_large":["https:\/\/mes-pochoirs.com\/wp-content\/uploads\/2025\/09\/T0038-pochoir-graffiti-wildstyle-color-copyright-mes-pochoirs-858x1030.jpg",858,1030,true],"author_info":[],"comment_info":0,"_links":{"self":[{"href":"https:\/\/mes-pochoirs.com\/es\/wp-json\/wp\/v2\/product\/29722","targetHints":{"allow":["GET"]}}],"collection":[{"href":"https:\/\/mes-pochoirs.com\/es\/wp-json\/wp\/v2\/product"}],"about":[{"href":"https:\/\/mes-pochoirs.com\/es\/wp-json\/wp\/v2\/types\/product"}],"replies":[{"embeddable":true,"href":"https:\/\/mes-pochoirs.com\/es\/wp-json\/wp\/v2\/comments?post=29722"}],"wp:featuredmedia":[{"embeddable":true,"href":"https:\/\/mes-pochoirs.com\/es\/wp-json\/wp\/v2\/media\/30081"}],"wp:attachment":[{"href":"https:\/\/mes-pochoirs.com\/es\/wp-json\/wp\/v2\/media?parent=29722"}],"wp:term":[{"taxonomy":"product_brand","embeddable":true,"href":"https:\/\/mes-pochoirs.com\/es\/wp-json\/wp\/v2\/product_brand?post=29722"},{"taxonomy":"product_cat","embeddable":true,"href":"https:\/\/mes-pochoirs.com\/es\/wp-json\/wp\/v2\/product_cat?post=29722"},{"taxonomy":"product_tag","embeddable":true,"href":"https:\/\/mes-pochoirs.com\/es\/wp-json\/wp\/v2\/product_tag?post=29722"}],"curies":[{"name":"wp","href":"https:\/\/api.w.org\/{rel}","templated":true}]}}