{"id":29741,"date":"2025-09-19T13:22:45","date_gmt":"2025-09-19T11:22:45","guid":{"rendered":"https:\/\/mes-pochoirs.com\/?post_type=product&#038;p=29741"},"modified":"2025-10-31T12:43:14","modified_gmt":"2025-10-31T11:43:14","slug":"street-art-graffiti-energia-plantilla-t0039","status":"publish","type":"product","link":"https:\/\/mes-pochoirs.com\/es\/produit\/pochoir-street-art-graffiti-energy-t0039","title":{"rendered":"ENERG\u00cdA\" Wildstyle Graffiti Stencil - T0039"},"content":{"rendered":"<h2>Street Art Graffiti Stencil ENERG\u00cdA<\/h2>\n<p>Este <strong>Street Art Graffiti Stencil ENERG\u00cdA<\/strong> es una explosi\u00f3n visual que captura la vitalidad y el poder del graffiti contempor\u00e1neo. Dise\u00f1ado con el esp\u00edritu del wildstyle, presenta letras entrelazadas, formas din\u00e1micas y l\u00edneas poderosas que se combinan para crear un conjunto en\u00e9rgico e impactante. Cada detalle refleja el poder expresivo del arte callejero, donde el arte se experimenta como un lenguaje urbano crudo y espont\u00e1neo.<\/p>\n<p>El trabajo de contorno es el n\u00facleo de esta composici\u00f3n. Las l\u00edneas se entrecruzan y se superponen en un equilibrio h\u00e1bilmente controlado, dando al conjunto una estructura fuerte y conservando al mismo tiempo la impresi\u00f3n de caos creativo t\u00edpica del graffiti de estilo salvaje. Estos contornos a\u00f1aden ritmo y gu\u00edan la mirada a trav\u00e9s de la complejidad de la tipograf\u00eda, revelando una obra rica en intensidad.<\/p>\n<p>Las sombras refuerzan este efecto visual a\u00f1adiendo profundidad y sensaci\u00f3n de relieve. Permiten que las formas destaquen y parezcan estar en movimiento, como si las letras vibraran y se proyectaran fuera de la superficie. Este juego de sombras y superposiciones evoca la energ\u00eda bruta y el impacto visual de los muros pintados de las grandes ciudades.<\/p>\n<p>Esta plantilla es m\u00e1s que un simple motivo decorativo: encierra el esp\u00edritu del arte urbano, combinando est\u00e9tica, libertad y afirmaci\u00f3n. Es ideal para quienes deseen incorporar un fragmento del mundo del arte callejero a sus creaciones, ya sea sobre un lienzo, una pared o cualquier otra superficie.<\/p>\n<p>En pocas palabras, <strong>Street Art Graffiti Stencil ENERG\u00cdA<\/strong> es un homenaje al poder visual y la libertad del graffiti. Encarna la energ\u00eda de la calle e invita a cada creador a apropiarse de la esencia del wildstyle en su obra.<\/p>","protected":false},"excerpt":{"rendered":"<p><strong>Street Art Graffiti Stencil ENERG\u00cdA<\/strong>\u00a0Reutilizables y de alta calidad, perfectos para pinturas, graffitis y creaciones urbanas.<\/p>","protected":false},"featured_media":30082,"comment_status":"open","ping_status":"closed","template":"","meta":{"bwfblock_default_font":"","_kad_blocks_custom_css":"","_kad_blocks_head_custom_js":"","_kad_blocks_body_custom_js":"","_kad_blocks_footer_custom_js":"","_kadence_starter_templates_imported_post":false,"_kad_post_transparent":"default","_kad_post_title":"","_kad_post_layout":"default","_kad_post_sidebar_id":"","_kad_post_content_style":"default","_kad_post_vertical_padding":"default","_kad_post_feature":"","_kad_post_feature_position":"","_kad_post_header":false,"_kad_post_footer":false,"_kad_post_classname":""},"product_brand":[1415],"product_cat":[1738,1746,284,316,273],"product_tag":[1177,1744,1106,285,275,577,1741,327,1739,287,295,286,1740],"class_list":{"0":"post-29741","1":"product","2":"type-product","3":"status-publish","4":"has-post-thumbnail","6":"product_brand-mes-pochoirs","7":"product_cat-pochoirs-style-graffiti-wildstyle","8":"product_cat-pochoirs-mot-energy","9":"product_cat-pochoirs-graffitis","10":"product_cat-pochoirs-textes-et-messages","11":"product_cat-pochoirs-urbains","12":"product_tag-energie","13":"product_tag-energy","14":"product_tag-graffeur","15":"product_tag-graffiti","16":"product_tag-message","17":"product_tag-mot","18":"product_tag-signature","19":"product_tag-street-art","20":"product_tag-style-decriture","21":"product_tag-tag","22":"product_tag-texte","23":"product_tag-urbain","24":"product_tag-wildstyle","26":"first","27":"instock","28":"taxable","29":"shipping-taxable","30":"purchasable","31":"product-type-variable","32":"entry","33":"content-bg","34":"loop-entry"},"taxonomy_info":{"product_brand":[{"value":1415,"label":"Mes Pochoirs"}],"product_cat":[{"value":1738,"label":"Graffiti Wildstyle"},{"value":1746,"label":"Energy"},{"value":284,"label":"Graffitis"},{"value":316,"label":"Textes et Messages"},{"value":273,"label":"Urbains"}],"product_tag":[{"value":1177,"label":"\u00e9nergie"},{"value":1744,"label":"energy"},{"value":1106,"label":"graffeur"},{"value":285,"label":"graffiti"},{"value":275,"label":"message"},{"value":577,"label":"mot"},{"value":1741,"label":"signature"},{"value":327,"label":"street art"},{"value":1739,"label":"style d'\u00e9criture"},{"value":287,"label":"tag"},{"value":295,"label":"Texte"},{"value":286,"label":"urbain"},{"value":1740,"label":"Wildstyle"}]},"featured_image_src_large":["https:\/\/mes-pochoirs.com\/wp-content\/uploads\/2025\/09\/T0039-pochoir-graffiti-wildstyle-energy-copyright-mes-pochoirs-858x1030.jpg",858,1030,true],"author_info":[],"comment_info":0,"_links":{"self":[{"href":"https:\/\/mes-pochoirs.com\/es\/wp-json\/wp\/v2\/product\/29741","targetHints":{"allow":["GET"]}}],"collection":[{"href":"https:\/\/mes-pochoirs.com\/es\/wp-json\/wp\/v2\/product"}],"about":[{"href":"https:\/\/mes-pochoirs.com\/es\/wp-json\/wp\/v2\/types\/product"}],"replies":[{"embeddable":true,"href":"https:\/\/mes-pochoirs.com\/es\/wp-json\/wp\/v2\/comments?post=29741"}],"wp:featuredmedia":[{"embeddable":true,"href":"https:\/\/mes-pochoirs.com\/es\/wp-json\/wp\/v2\/media\/30082"}],"wp:attachment":[{"href":"https:\/\/mes-pochoirs.com\/es\/wp-json\/wp\/v2\/media?parent=29741"}],"wp:term":[{"taxonomy":"product_brand","embeddable":true,"href":"https:\/\/mes-pochoirs.com\/es\/wp-json\/wp\/v2\/product_brand?post=29741"},{"taxonomy":"product_cat","embeddable":true,"href":"https:\/\/mes-pochoirs.com\/es\/wp-json\/wp\/v2\/product_cat?post=29741"},{"taxonomy":"product_tag","embeddable":true,"href":"https:\/\/mes-pochoirs.com\/es\/wp-json\/wp\/v2\/product_tag?post=29741"}],"curies":[{"name":"wp","href":"https:\/\/api.w.org\/{rel}","templated":true}]}}