{"id":29777,"date":"2025-09-19T13:44:22","date_gmt":"2025-09-19T11:44:22","guid":{"rendered":"https:\/\/mes-pochoirs.com\/?post_type=product&#038;p=29777"},"modified":"2025-10-31T12:43:19","modified_gmt":"2025-10-31T11:43:19","slug":"palabra-divertida-plantilla-wildstyle-version-t0041","status":"publish","type":"product","link":"https:\/\/mes-pochoirs.com\/es\/produit\/pochoir-mot-fun-version-wildstyle-t0041","title":{"rendered":"FUN\" Wildstyle Graffiti Stencil - T0041"},"content":{"rendered":"<h2>Plantilla Wildstyle Fun Word<\/h2>\n<p>Este <strong>Plantilla Wildstyle Fun Word<\/strong>encarna la ligereza y la creatividad del arte callejero, a trav\u00e9s de una interpretaci\u00f3n salvaje de la palabra \"FUN\". Las letras se entrelazan y se extienden en\u00e9rgicamente, reflejando la espontaneidad y el esp\u00edritu libre del grafiti urbano. Las letras est\u00e1n dise\u00f1adas para lograr un equilibrio entre audacia y legibilidad, en una est\u00e9tica cruda pero controlada.<\/p>\n<p>El juego de contornos es fundamental aqu\u00ed. Cada l\u00ednea define la fuerza de las formas, dando a la palabra una estructura s\u00f3lida y din\u00e1mica. Estos contornos crean un ritmo visual que atrae la mirada y transmite una sensaci\u00f3n de movimiento constante. Recuerdan a las t\u00e9cnicas tradicionales de graffiti, en las que el arte del contorno es esencial para dar fuerza y personalidad a la letra.<\/p>\n<p>Las sombras refuerzan el impacto del estarcido, creando profundidad y un efecto tridimensional. Dan la ilusi\u00f3n de que las letras emergen de la superficie, acentuando el car\u00e1cter expresivo de la palabra \"FUN\". Este uso de las sombras es una referencia directa a los c\u00f3digos del arte callejero, donde la superposici\u00f3n y el relieve se utilizan para acentuar el efecto visual y captar la atenci\u00f3n.<\/p>\n<p>Esta plantilla es m\u00e1s que un simple motivo decorativo: expresa una aut\u00e9ntica filosof\u00eda creativa, de placer, libertad y experimentaci\u00f3n art\u00edstica. Est\u00e1 dirigida a los aficionados al grafiti, a los entusiastas del arte urbano y a todos aquellos que deseen incorporar a sus creaciones un mensaje desenfadado pero contundente.<\/p>\n<p><strong>Plantilla Wildstyle Fun Word<\/strong> es ideal para transformar un lienzo, una pared o cualquier otra superficie en una obra de arte viva y contempor\u00e1nea. Capta la esencia del grafiti: una explosi\u00f3n de energ\u00eda, creatividad y emoci\u00f3n, traducida en formas llamativas y un sutil juego de contornos y sombras.<\/p>","protected":false},"excerpt":{"rendered":"<p><strong>Plantilla Wildstyle Fun Word<\/strong> para obras de arte y pintura, reutilizables, de alta calidad, disponibles en varios tama\u00f1os para arte callejero.<\/p>","protected":false},"featured_media":30084,"comment_status":"open","ping_status":"closed","template":"","meta":{"bwfblock_default_font":"","_kad_blocks_custom_css":"","_kad_blocks_head_custom_js":"","_kad_blocks_body_custom_js":"","_kad_blocks_footer_custom_js":"","_kadence_starter_templates_imported_post":false,"_kad_post_transparent":"default","_kad_post_title":"","_kad_post_layout":"default","_kad_post_sidebar_id":"","_kad_post_content_style":"default","_kad_post_vertical_padding":"default","_kad_post_feature":"","_kad_post_feature_position":"","_kad_post_header":false,"_kad_post_footer":false,"_kad_post_classname":""},"product_brand":[1415],"product_cat":[1738,541,284,316,273],"product_tag":[1742,557,1106,285,275,577,1743,1741,327,1739,287,295,286,1740],"class_list":{"0":"post-29777","1":"product","2":"type-product","3":"status-publish","4":"has-post-thumbnail","6":"product_brand-mes-pochoirs","7":"product_cat-pochoirs-style-graffiti-wildstyle","8":"product_cat-pochoirs-mot-fun","9":"product_cat-pochoirs-graffitis","10":"product_cat-pochoirs-textes-et-messages","11":"product_cat-pochoirs-urbains","12":"product_tag-contour","13":"product_tag-fun","14":"product_tag-graffeur","15":"product_tag-graffiti","16":"product_tag-message","17":"product_tag-mot","18":"product_tag-ombre","19":"product_tag-signature","20":"product_tag-street-art","21":"product_tag-style-decriture","22":"product_tag-tag","23":"product_tag-texte","24":"product_tag-urbain","25":"product_tag-wildstyle","27":"first","28":"instock","29":"taxable","30":"shipping-taxable","31":"purchasable","32":"product-type-variable","33":"entry","34":"content-bg","35":"loop-entry"},"taxonomy_info":{"product_brand":[{"value":1415,"label":"Mes Pochoirs"}],"product_cat":[{"value":1738,"label":"Graffiti Wildstyle"},{"value":541,"label":"Fun"},{"value":284,"label":"Graffitis"},{"value":316,"label":"Textes et Messages"},{"value":273,"label":"Urbains"}],"product_tag":[{"value":1742,"label":"contour"},{"value":557,"label":"Fun"},{"value":1106,"label":"graffeur"},{"value":285,"label":"graffiti"},{"value":275,"label":"message"},{"value":577,"label":"mot"},{"value":1743,"label":"ombre"},{"value":1741,"label":"signature"},{"value":327,"label":"street art"},{"value":1739,"label":"style d'\u00e9criture"},{"value":287,"label":"tag"},{"value":295,"label":"Texte"},{"value":286,"label":"urbain"},{"value":1740,"label":"Wildstyle"}]},"featured_image_src_large":["https:\/\/mes-pochoirs.com\/wp-content\/uploads\/2025\/09\/T0041-pochoir-graffiti-wildstyle-fun-copyright-mes-pochoirs-858x1030.jpg",858,1030,true],"author_info":[],"comment_info":0,"_links":{"self":[{"href":"https:\/\/mes-pochoirs.com\/es\/wp-json\/wp\/v2\/product\/29777","targetHints":{"allow":["GET"]}}],"collection":[{"href":"https:\/\/mes-pochoirs.com\/es\/wp-json\/wp\/v2\/product"}],"about":[{"href":"https:\/\/mes-pochoirs.com\/es\/wp-json\/wp\/v2\/types\/product"}],"replies":[{"embeddable":true,"href":"https:\/\/mes-pochoirs.com\/es\/wp-json\/wp\/v2\/comments?post=29777"}],"wp:featuredmedia":[{"embeddable":true,"href":"https:\/\/mes-pochoirs.com\/es\/wp-json\/wp\/v2\/media\/30084"}],"wp:attachment":[{"href":"https:\/\/mes-pochoirs.com\/es\/wp-json\/wp\/v2\/media?parent=29777"}],"wp:term":[{"taxonomy":"product_brand","embeddable":true,"href":"https:\/\/mes-pochoirs.com\/es\/wp-json\/wp\/v2\/product_brand?post=29777"},{"taxonomy":"product_cat","embeddable":true,"href":"https:\/\/mes-pochoirs.com\/es\/wp-json\/wp\/v2\/product_cat?post=29777"},{"taxonomy":"product_tag","embeddable":true,"href":"https:\/\/mes-pochoirs.com\/es\/wp-json\/wp\/v2\/product_tag?post=29777"}],"curies":[{"name":"wp","href":"https:\/\/api.w.org\/{rel}","templated":true}]}}