{"id":29825,"date":"2025-09-19T14:29:05","date_gmt":"2025-09-19T12:29:05","guid":{"rendered":"https:\/\/mes-pochoirs.com\/?post_type=product&#038;p=29825"},"modified":"2025-10-31T12:43:25","modified_gmt":"2025-10-31T11:43:25","slug":"plantilla-graffiti-estilo-urbano-t0044","status":"publish","type":"product","link":"https:\/\/mes-pochoirs.com\/es\/produit\/pochoir-style-urbain-graffiti-t0044","title":{"rendered":"Wildstyle Graffiti plantilla \"GRAFFITI\" - Contorno ombre - T0044"},"content":{"rendered":"<h2>Plantilla Urban Style GRAFFITI<\/h2>\n<p>Le <strong>Plantilla Urban Style GRAFFITI<\/strong> es una aut\u00e9ntica oda al arte callejero y al lenguaje visual del graffiti salvaje. Con sus letras complejas y en\u00e9rgicas, encarna toda la fuerza creativa y la libertad de expresi\u00f3n que caracterizan a los frescos urbanos. La palabra \"GRAFFITI\" se convierte aqu\u00ed en algo m\u00e1s que una palabra: se convierte en una obra gr\u00e1fica en s\u00ed misma, rica en movimiento e intensidad.<\/p>\n<p>Los contornos desempe\u00f1an un papel central en esta composici\u00f3n. Delinean con precisi\u00f3n las formas y proporcionan una estructura s\u00f3lida a las letras, al tiempo que acent\u00faan el efecto din\u00e1mico. Estos contornos n\u00edtidos y expresivos reflejan los conocimientos t\u00e9cnicos del graffiti, donde cada l\u00ednea se convierte en parte integrante de la identidad visual. Juntos, crean un ritmo visual sorprendente, que recuerda a las fuertes firmas que se encuentran en las paredes de las ciudades.<\/p>\n<p>El uso de sombras refuerza este impacto gr\u00e1fico. Crean un efecto de profundidad y volumen que da vida a la palabra, creando una sorprendente impresi\u00f3n tridimensional. Gracias al juego de sombras, la plantilla parece vibrar, proyectando las letras hacia el exterior y reproduciendo la intensidad visual de un fresco en la calle.<\/p>\n<p>Esta plantilla no es s\u00f3lo decorativa, es una aut\u00e9ntica herramienta creativa. Permite tanto a los aficionados como a los artistas consagrados adoptar la est\u00e9tica cruda y expresiva del graffiti de estilo salvaje. Aplicada a una pared, un lienzo, un mueble o cualquier otra superficie, transforma inmediatamente el espacio, infundi\u00e9ndole el esp\u00edritu de protesta del arte callejero.<\/p>\n<p>En resumen <strong>Plantilla Urban Style GRAFFITI<\/strong> es una pieza poderosa e ic\u00f3nica. Captura la energ\u00eda y la vitalidad del grafiti, combinando contornos potentes y sombras contundentes para crear un aspecto moderno, urbano y aut\u00e9nticamente art\u00edstico.<\/p>","protected":false},"excerpt":{"rendered":"<p><strong>Plantilla Urban Style GRAFFITI<\/strong> Reutilizables, reversibles y de alta calidad, perfectos para arte callejero, pinturas y creaciones de graffiti modernas.<\/p>","protected":false},"featured_media":30087,"comment_status":"open","ping_status":"closed","template":"","meta":{"bwfblock_default_font":"","_kad_blocks_custom_css":"","_kad_blocks_head_custom_js":"","_kad_blocks_body_custom_js":"","_kad_blocks_footer_custom_js":"","_kadence_starter_templates_imported_post":false,"_kad_post_transparent":"default","_kad_post_title":"","_kad_post_layout":"default","_kad_post_sidebar_id":"","_kad_post_content_style":"default","_kad_post_vertical_padding":"default","_kad_post_feature":"","_kad_post_feature_position":"","_kad_post_header":false,"_kad_post_footer":false,"_kad_post_classname":""},"product_brand":[1415],"product_cat":[1738,1747,284,316,273],"product_tag":[1742,1106,285,275,577,1743,1741,327,1739,287,295,286,1740],"class_list":{"0":"post-29825","1":"product","2":"type-product","3":"status-publish","4":"has-post-thumbnail","6":"product_brand-mes-pochoirs","7":"product_cat-pochoirs-style-graffiti-wildstyle","8":"product_cat-pochoirs-mot-graffiti","9":"product_cat-pochoirs-graffitis","10":"product_cat-pochoirs-textes-et-messages","11":"product_cat-pochoirs-urbains","12":"product_tag-contour","13":"product_tag-graffeur","14":"product_tag-graffiti","15":"product_tag-message","16":"product_tag-mot","17":"product_tag-ombre","18":"product_tag-signature","19":"product_tag-street-art","20":"product_tag-style-decriture","21":"product_tag-tag","22":"product_tag-texte","23":"product_tag-urbain","24":"product_tag-wildstyle","26":"first","27":"instock","28":"taxable","29":"shipping-taxable","30":"purchasable","31":"product-type-variable","32":"entry","33":"content-bg","34":"loop-entry"},"taxonomy_info":{"product_brand":[{"value":1415,"label":"Mes Pochoirs"}],"product_cat":[{"value":1738,"label":"Graffiti Wildstyle"},{"value":1747,"label":"Graffiti"},{"value":284,"label":"Graffitis"},{"value":316,"label":"Textes et Messages"},{"value":273,"label":"Urbains"}],"product_tag":[{"value":1742,"label":"contour"},{"value":1106,"label":"graffeur"},{"value":285,"label":"graffiti"},{"value":275,"label":"message"},{"value":577,"label":"mot"},{"value":1743,"label":"ombre"},{"value":1741,"label":"signature"},{"value":327,"label":"street art"},{"value":1739,"label":"style d'\u00e9criture"},{"value":287,"label":"tag"},{"value":295,"label":"Texte"},{"value":286,"label":"urbain"},{"value":1740,"label":"Wildstyle"}]},"featured_image_src_large":["https:\/\/mes-pochoirs.com\/wp-content\/uploads\/2025\/09\/T0044-pochoir-graffiti-wildstyle-graffiti-copyright-mes-pochoirs-858x1030.jpg",858,1030,true],"author_info":[],"comment_info":0,"_links":{"self":[{"href":"https:\/\/mes-pochoirs.com\/es\/wp-json\/wp\/v2\/product\/29825","targetHints":{"allow":["GET"]}}],"collection":[{"href":"https:\/\/mes-pochoirs.com\/es\/wp-json\/wp\/v2\/product"}],"about":[{"href":"https:\/\/mes-pochoirs.com\/es\/wp-json\/wp\/v2\/types\/product"}],"replies":[{"embeddable":true,"href":"https:\/\/mes-pochoirs.com\/es\/wp-json\/wp\/v2\/comments?post=29825"}],"wp:featuredmedia":[{"embeddable":true,"href":"https:\/\/mes-pochoirs.com\/es\/wp-json\/wp\/v2\/media\/30087"}],"wp:attachment":[{"href":"https:\/\/mes-pochoirs.com\/es\/wp-json\/wp\/v2\/media?parent=29825"}],"wp:term":[{"taxonomy":"product_brand","embeddable":true,"href":"https:\/\/mes-pochoirs.com\/es\/wp-json\/wp\/v2\/product_brand?post=29825"},{"taxonomy":"product_cat","embeddable":true,"href":"https:\/\/mes-pochoirs.com\/es\/wp-json\/wp\/v2\/product_cat?post=29825"},{"taxonomy":"product_tag","embeddable":true,"href":"https:\/\/mes-pochoirs.com\/es\/wp-json\/wp\/v2\/product_tag?post=29825"}],"curies":[{"name":"wp","href":"https:\/\/api.w.org\/{rel}","templated":true}]}}