{"id":29843,"date":"2025-09-25T14:32:45","date_gmt":"2025-09-25T12:32:45","guid":{"rendered":"https:\/\/mes-pochoirs.com\/?post_type=product&#038;p=29843"},"modified":"2025-10-31T12:43:27","modified_gmt":"2025-10-31T11:43:27","slug":"imagine-graffiti-lettering-stencil-t0045","status":"publish","type":"product","link":"https:\/\/mes-pochoirs.com\/es\/produit\/pochoir-lettrage-graffiti-imagine-t0045","title":{"rendered":"IMAGINE\" Wildstyle Graffiti Stencil - T0045"},"content":{"rendered":"<h2>IMAGINE plantilla de rotulaci\u00f3n de graffiti<\/h2>\n<p>Le <strong>IMAGINE plantilla de rotulaci\u00f3n de graffiti<\/strong> es una creaci\u00f3n que encarna toda la fuerza expresiva del street art y la compleja est\u00e9tica del wildstyle. Construida en torno a la palabra \"IMAGINE\", esta plantilla transforma una simple palabra en una aut\u00e9ntica obra de arte urbano, llena de movimiento, energ\u00eda y profundidad.<\/p>\n<p>La rotulaci\u00f3n se caracteriza por formas entrelazadas y l\u00edneas din\u00e1micas que transmiten la espontaneidad y libertad caracter\u00edsticas del grafiti. Cada detalle del trazo evoca el lenguaje visual de los grafiteros, donde la creatividad se expresa en composiciones densas y vibrantes.<\/p>\n<p>Los contornos desempe\u00f1an un papel central en esta plantilla. Aportan estructura y equilibrio a la letra, al tiempo que subrayan la complejidad del estilo salvaje. Los fuertes contornos gu\u00edan la mirada a trav\u00e9s de las formas, creando un potente ritmo visual que recuerda a los frescos de las murallas de las grandes ciudades.<\/p>\n<p>Las sombras refuerzan el impacto de esta composici\u00f3n. Al crear un efecto de profundidad y volumen, permiten que las letras sobresalgan de la superficie. La impresi\u00f3n tridimensional resultante acent\u00faa la fuerza de la palabra \"IMAGINE\", como si emergiera de la pared para imponerse al ojo del espectador.<\/p>\n<p>Este <strong>IMAGINE plantilla de rotulaci\u00f3n de graffiti<\/strong> no es s\u00f3lo decorativo: es una aut\u00e9ntica herramienta creativa. Est\u00e1 dirigido a artistas, tanto aficionados como consagrados, que deseen incorporar a su obra el esp\u00edritu libre y contestatario del arte callejero. Utilizado en una pared, un lienzo, un mueble o cualquier otra superficie, transforma cualquier superficie en un espacio de expresi\u00f3n art\u00edstica.<\/p>","protected":false},"excerpt":{"rendered":"<p><strong>IMAGINE plantilla de rotulaci\u00f3n de graffiti<\/strong> Reutilizables, reversibles y de alta calidad, ideales para arte callejero, pinturas y creaciones modernas.<\/p>","protected":false},"featured_media":30088,"comment_status":"open","ping_status":"closed","template":"","meta":{"bwfblock_default_font":"","_kad_blocks_custom_css":"","_kad_blocks_head_custom_js":"","_kad_blocks_body_custom_js":"","_kad_blocks_footer_custom_js":"","_kadence_starter_templates_imported_post":false,"_kad_post_transparent":"default","_kad_post_title":"","_kad_post_layout":"default","_kad_post_sidebar_id":"","_kad_post_content_style":"default","_kad_post_vertical_padding":"default","_kad_post_feature":"","_kad_post_feature_position":"","_kad_post_header":false,"_kad_post_footer":false,"_kad_post_classname":""},"product_brand":[1415],"product_cat":[1738,284,1748,316,273],"product_tag":[1742,1106,285,1745,275,577,1743,1741,327,1739,287,295,286,1740],"class_list":{"0":"post-29843","1":"product","2":"type-product","3":"status-publish","4":"has-post-thumbnail","6":"product_brand-mes-pochoirs","7":"product_cat-pochoirs-style-graffiti-wildstyle","8":"product_cat-pochoirs-graffitis","9":"product_cat-pochoirs-mot-imagine","10":"product_cat-pochoirs-textes-et-messages","11":"product_cat-pochoirs-urbains","12":"product_tag-contour","13":"product_tag-graffeur","14":"product_tag-graffiti","15":"product_tag-imagine","16":"product_tag-message","17":"product_tag-mot","18":"product_tag-ombre","19":"product_tag-signature","20":"product_tag-street-art","21":"product_tag-style-decriture","22":"product_tag-tag","23":"product_tag-texte","24":"product_tag-urbain","25":"product_tag-wildstyle","27":"first","28":"instock","29":"taxable","30":"shipping-taxable","31":"purchasable","32":"product-type-variable","33":"entry","34":"content-bg","35":"loop-entry"},"taxonomy_info":{"product_brand":[{"value":1415,"label":"Mes Pochoirs"}],"product_cat":[{"value":1738,"label":"Graffiti Wildstyle"},{"value":284,"label":"Graffitis"},{"value":1748,"label":"Imagine"},{"value":316,"label":"Textes et Messages"},{"value":273,"label":"Urbains"}],"product_tag":[{"value":1742,"label":"contour"},{"value":1106,"label":"graffeur"},{"value":285,"label":"graffiti"},{"value":1745,"label":"imagine"},{"value":275,"label":"message"},{"value":577,"label":"mot"},{"value":1743,"label":"ombre"},{"value":1741,"label":"signature"},{"value":327,"label":"street art"},{"value":1739,"label":"style d'\u00e9criture"},{"value":287,"label":"tag"},{"value":295,"label":"Texte"},{"value":286,"label":"urbain"},{"value":1740,"label":"Wildstyle"}]},"featured_image_src_large":["https:\/\/mes-pochoirs.com\/wp-content\/uploads\/2025\/09\/T0045-pochoir-graffiti-wildstyle-imagine-copyright-mes-pochoirs-858x1030.jpg",858,1030,true],"author_info":[],"comment_info":0,"_links":{"self":[{"href":"https:\/\/mes-pochoirs.com\/es\/wp-json\/wp\/v2\/product\/29843","targetHints":{"allow":["GET"]}}],"collection":[{"href":"https:\/\/mes-pochoirs.com\/es\/wp-json\/wp\/v2\/product"}],"about":[{"href":"https:\/\/mes-pochoirs.com\/es\/wp-json\/wp\/v2\/types\/product"}],"replies":[{"embeddable":true,"href":"https:\/\/mes-pochoirs.com\/es\/wp-json\/wp\/v2\/comments?post=29843"}],"wp:featuredmedia":[{"embeddable":true,"href":"https:\/\/mes-pochoirs.com\/es\/wp-json\/wp\/v2\/media\/30088"}],"wp:attachment":[{"href":"https:\/\/mes-pochoirs.com\/es\/wp-json\/wp\/v2\/media?parent=29843"}],"wp:term":[{"taxonomy":"product_brand","embeddable":true,"href":"https:\/\/mes-pochoirs.com\/es\/wp-json\/wp\/v2\/product_brand?post=29843"},{"taxonomy":"product_cat","embeddable":true,"href":"https:\/\/mes-pochoirs.com\/es\/wp-json\/wp\/v2\/product_cat?post=29843"},{"taxonomy":"product_tag","embeddable":true,"href":"https:\/\/mes-pochoirs.com\/es\/wp-json\/wp\/v2\/product_tag?post=29843"}],"curies":[{"name":"wp","href":"https:\/\/api.w.org\/{rel}","templated":true}]}}