{"id":29861,"date":"2025-09-25T14:39:34","date_gmt":"2025-09-25T12:39:34","guid":{"rendered":"https:\/\/mes-pochoirs.com\/?post_type=product&#038;p=29861"},"modified":"2025-10-31T12:43:29","modified_gmt":"2025-10-31T11:43:29","slug":"imagine-street-art-graffiti-stencil-t0046","status":"publish","type":"product","link":"https:\/\/mes-pochoirs.com\/es\/produit\/pochoir-graffiti-street-art-imagine-t0046","title":{"rendered":"IMAGINE\" Wildstyle Graffiti Stencil - Contorno de sombra - T0046"},"content":{"rendered":"<h2>Imagine Graffiti Street Art Plantilla<\/h2>\n<p>Le <strong>Imagine Graffiti Street Art Plantilla<\/strong> es una pieza poderosa que capta toda la energ\u00eda y creatividad del graffiti de estilo salvaje. Sus letras atrevidas, complejas y din\u00e1micas reflejan la esencia del arte callejero, donde el arte se vive como una forma de libertad y expresi\u00f3n en bruto. La palabra \"IMAGINE\" se convierte aqu\u00ed en un s\u00edmbolo, transformado en una obra gr\u00e1fica viva, rica en movimiento e intensidad visual.<\/p>\n<p>Los contornos de esta plantilla aportan estructura y equilibrio a la composici\u00f3n. Cada l\u00ednea est\u00e1 trazada de tal forma que da fuerza y ritmo a la letra, al tiempo que acent\u00faa su car\u00e1cter urbano y contundente. Este juego de contornos refleja las habilidades t\u00edpicas de los grafiteros, que utilizan la l\u00ednea como herramienta de firma y como identidad art\u00edstica.<\/p>\n<p>Las sombras refuerzan este impacto a\u00f1adiendo profundidad y una dimensi\u00f3n extra. Gracias a las sombras, las letras parecen emerger de la superficie, creando un efecto tridimensional que llama inmediatamente la atenci\u00f3n. Esta superposici\u00f3n de formas y sombras reproduce la intensidad de los murales y transmite la energ\u00eda bruta del arte callejero.<\/p>\n<p>Esta plantilla no es s\u00f3lo un motivo decorativo, es una aut\u00e9ntica herramienta creativa. Permite a artistas, pintores y aficionados al graffiti recrear la vibrante atm\u00f3sfera de la calle en distintas superficies: paredes, lienzos, muebles u objetos decorativos. Su dise\u00f1o de estilo salvaje lo hace ideal para incorporar la fuerza visual y la espontaneidad del arte callejero a tu propio trabajo.<\/p>\n<p>En resumen <strong>Imagine Graffiti Street Art Plantilla<\/strong> encarna el esp\u00edritu urbano en toda su fuerza. Con sus contornos din\u00e1micos, sus sombras contundentes y su composici\u00f3n salvaje, captura el alma del grafiti wildstyle y te invita a transformar cada creaci\u00f3n en una aut\u00e9ntica obra de arte contempor\u00e1nea.<\/p>","protected":false},"excerpt":{"rendered":"<p><strong>Imagine Graffiti Street Art Plantilla<\/strong> Reutilizable y duradero, perfecto para pinturas, arte urbano y graffiti contempor\u00e1neo.<\/p>","protected":false},"featured_media":30089,"comment_status":"open","ping_status":"closed","template":"","meta":{"bwfblock_default_font":"","_kad_blocks_custom_css":"","_kad_blocks_head_custom_js":"","_kad_blocks_body_custom_js":"","_kad_blocks_footer_custom_js":"","_kadence_starter_templates_imported_post":false,"_kad_post_transparent":"default","_kad_post_title":"","_kad_post_layout":"default","_kad_post_sidebar_id":"","_kad_post_content_style":"default","_kad_post_vertical_padding":"default","_kad_post_feature":"","_kad_post_feature_position":"","_kad_post_header":false,"_kad_post_footer":false,"_kad_post_classname":""},"product_brand":[1415],"product_cat":[1738,284,1748,316,273],"product_tag":[1742,1106,285,1745,275,577,1743,1741,327,1739,287,295,286,1740],"class_list":{"0":"post-29861","1":"product","2":"type-product","3":"status-publish","4":"has-post-thumbnail","6":"product_brand-mes-pochoirs","7":"product_cat-pochoirs-style-graffiti-wildstyle","8":"product_cat-pochoirs-graffitis","9":"product_cat-pochoirs-mot-imagine","10":"product_cat-pochoirs-textes-et-messages","11":"product_cat-pochoirs-urbains","12":"product_tag-contour","13":"product_tag-graffeur","14":"product_tag-graffiti","15":"product_tag-imagine","16":"product_tag-message","17":"product_tag-mot","18":"product_tag-ombre","19":"product_tag-signature","20":"product_tag-street-art","21":"product_tag-style-decriture","22":"product_tag-tag","23":"product_tag-texte","24":"product_tag-urbain","25":"product_tag-wildstyle","27":"first","28":"instock","29":"taxable","30":"shipping-taxable","31":"purchasable","32":"product-type-variable","33":"entry","34":"content-bg","35":"loop-entry"},"taxonomy_info":{"product_brand":[{"value":1415,"label":"Mes Pochoirs"}],"product_cat":[{"value":1738,"label":"Graffiti Wildstyle"},{"value":284,"label":"Graffitis"},{"value":1748,"label":"Imagine"},{"value":316,"label":"Textes et Messages"},{"value":273,"label":"Urbains"}],"product_tag":[{"value":1742,"label":"contour"},{"value":1106,"label":"graffeur"},{"value":285,"label":"graffiti"},{"value":1745,"label":"imagine"},{"value":275,"label":"message"},{"value":577,"label":"mot"},{"value":1743,"label":"ombre"},{"value":1741,"label":"signature"},{"value":327,"label":"street art"},{"value":1739,"label":"style d'\u00e9criture"},{"value":287,"label":"tag"},{"value":295,"label":"Texte"},{"value":286,"label":"urbain"},{"value":1740,"label":"Wildstyle"}]},"featured_image_src_large":["https:\/\/mes-pochoirs.com\/wp-content\/uploads\/2025\/09\/T0046-pochoir-graffiti-wildstyle-imagine-copyright-mes-pochoirs-858x1030.jpg",858,1030,true],"author_info":[],"comment_info":0,"_links":{"self":[{"href":"https:\/\/mes-pochoirs.com\/es\/wp-json\/wp\/v2\/product\/29861","targetHints":{"allow":["GET"]}}],"collection":[{"href":"https:\/\/mes-pochoirs.com\/es\/wp-json\/wp\/v2\/product"}],"about":[{"href":"https:\/\/mes-pochoirs.com\/es\/wp-json\/wp\/v2\/types\/product"}],"replies":[{"embeddable":true,"href":"https:\/\/mes-pochoirs.com\/es\/wp-json\/wp\/v2\/comments?post=29861"}],"wp:featuredmedia":[{"embeddable":true,"href":"https:\/\/mes-pochoirs.com\/es\/wp-json\/wp\/v2\/media\/30089"}],"wp:attachment":[{"href":"https:\/\/mes-pochoirs.com\/es\/wp-json\/wp\/v2\/media?parent=29861"}],"wp:term":[{"taxonomy":"product_brand","embeddable":true,"href":"https:\/\/mes-pochoirs.com\/es\/wp-json\/wp\/v2\/product_brand?post=29861"},{"taxonomy":"product_cat","embeddable":true,"href":"https:\/\/mes-pochoirs.com\/es\/wp-json\/wp\/v2\/product_cat?post=29861"},{"taxonomy":"product_tag","embeddable":true,"href":"https:\/\/mes-pochoirs.com\/es\/wp-json\/wp\/v2\/product_tag?post=29861"}],"curies":[{"name":"wp","href":"https:\/\/api.w.org\/{rel}","templated":true}]}}