{"id":29879,"date":"2025-09-25T14:45:30","date_gmt":"2025-09-25T12:45:30","guid":{"rendered":"https:\/\/mes-pochoirs.com\/?post_type=product&#038;p=29879"},"modified":"2025-10-31T12:43:31","modified_gmt":"2025-10-31T11:43:31","slug":"paz-graffiti-palabra-plantilla-t0047","status":"publish","type":"product","link":"https:\/\/mes-pochoirs.com\/es\/produit\/pochoir-mot-graffiti-peace-t0047","title":{"rendered":"Wildstyle Graffiti plantilla \"PAZ\" - T0047"},"content":{"rendered":"<h2>Plantilla de graffiti con la palabra paz<\/h2>\n<p>Le <strong>Plantilla de graffiti con la palabra paz<\/strong> es una poderosa creaci\u00f3n que capta la esencia del arte callejero y el estilo salvaje. Con letras intrincadas y audaces, transforma la palabra \"Peace\" en una obra visual marcada por la energ\u00eda y la espontaneidad caracter\u00edsticas del graffiti. Cada l\u00ednea expresa la fuerza creativa del arte urbano, donde la libertad de expresi\u00f3n se afirma con intensidad.<\/p>\n<p>Los contornos desempe\u00f1an un papel fundamental en la construcci\u00f3n de esta plantilla. Definen las formas, estructuran la letra y le confieren una presencia imponente. Estos contornos din\u00e1micos dan ritmo y armon\u00eda a la composici\u00f3n, al tiempo que evocan las firmas visuales t\u00edpicas del graffiti wildstyle. Gracias a estos contornos, el efecto global mantiene un equilibrio entre complejidad y legibilidad.<\/p>\n<p>Las sombras refuerzan el impacto a\u00f1adiendo profundidad y volumen. Crean una ilusi\u00f3n tridimensional que acent\u00faa la fuerza de la palabra y despega las letras de la superficie. Este efecto de sombra se inspira directamente en los frescos urbanos, donde el relieve visual es esencial para captar la atenci\u00f3n y transmitir un mensaje contundente.<\/p>\n<p>Esta plantilla es algo m\u00e1s que un motivo decorativo: es una aut\u00e9ntica herramienta de creaci\u00f3n art\u00edstica. La palabra \"Paz\", tratada con un estilo salvaje, se convierte en portadora de un mensaje universal a trav\u00e9s de un poderoso lenguaje visual. Aplicada a una pared, un lienzo, un mueble o cualquier otra superficie, permite integrar el poder simb\u00f3lico del arte callejero en una obra de arte personal.<\/p>\n<p>En resumen <strong>Plantilla de graffiti con la palabra paz<\/strong> combina contornos precisos, sombreado expresivo y estilo salvaje para encarnar el poder y la vitalidad del graffiti. Es una pieza \u00fanica que confiere a cada creaci\u00f3n una identidad contempor\u00e1nea y urbana.<\/p>","protected":false},"excerpt":{"rendered":"<p><strong>Plantilla de graffiti con la palabra paz<\/strong> Reutilizable y reversible, perfecto para arte callejero, pinturas y creaciones de graffiti de estilo salvaje contempor\u00e1neo.<\/p>","protected":false},"featured_media":30090,"comment_status":"open","ping_status":"closed","template":"","meta":{"bwfblock_default_font":"","_kad_blocks_custom_css":"","_kad_blocks_head_custom_js":"","_kad_blocks_body_custom_js":"","_kad_blocks_footer_custom_js":"","_kadence_starter_templates_imported_post":false,"_kad_post_transparent":"default","_kad_post_title":"","_kad_post_layout":"default","_kad_post_sidebar_id":"","_kad_post_content_style":"default","_kad_post_vertical_padding":"default","_kad_post_feature":"","_kad_post_feature_position":"","_kad_post_header":false,"_kad_post_footer":false,"_kad_post_classname":""},"product_brand":[1415],"product_cat":[1738,284,1749,316,273],"product_tag":[1742,1106,285,275,577,1743,319,321,1741,327,1739,287,295,286,1740],"class_list":{"0":"post-29879","1":"product","2":"type-product","3":"status-publish","4":"has-post-thumbnail","6":"product_brand-mes-pochoirs","7":"product_cat-pochoirs-style-graffiti-wildstyle","8":"product_cat-pochoirs-graffitis","9":"product_cat-pochoirs-mot-peace","10":"product_cat-pochoirs-textes-et-messages","11":"product_cat-pochoirs-urbains","12":"product_tag-contour","13":"product_tag-graffeur","14":"product_tag-graffiti","15":"product_tag-message","16":"product_tag-mot","17":"product_tag-ombre","18":"product_tag-paix","19":"product_tag-peace","20":"product_tag-signature","21":"product_tag-street-art","22":"product_tag-style-decriture","23":"product_tag-tag","24":"product_tag-texte","25":"product_tag-urbain","26":"product_tag-wildstyle","28":"first","29":"instock","30":"taxable","31":"shipping-taxable","32":"purchasable","33":"product-type-variable","34":"entry","35":"content-bg","36":"loop-entry"},"taxonomy_info":{"product_brand":[{"value":1415,"label":"Mes Pochoirs"}],"product_cat":[{"value":1738,"label":"Graffiti Wildstyle"},{"value":284,"label":"Graffitis"},{"value":1749,"label":"Peace"},{"value":316,"label":"Textes et Messages"},{"value":273,"label":"Urbains"}],"product_tag":[{"value":1742,"label":"contour"},{"value":1106,"label":"graffeur"},{"value":285,"label":"graffiti"},{"value":275,"label":"message"},{"value":577,"label":"mot"},{"value":1743,"label":"ombre"},{"value":319,"label":"paix"},{"value":321,"label":"peace"},{"value":1741,"label":"signature"},{"value":327,"label":"street art"},{"value":1739,"label":"style d'\u00e9criture"},{"value":287,"label":"tag"},{"value":295,"label":"Texte"},{"value":286,"label":"urbain"},{"value":1740,"label":"Wildstyle"}]},"featured_image_src_large":["https:\/\/mes-pochoirs.com\/wp-content\/uploads\/2025\/09\/T0047-pochoir-graffiti-wildstyle-peace-copyright-mes-pochoirs-858x1030.jpg",858,1030,true],"author_info":[],"comment_info":0,"_links":{"self":[{"href":"https:\/\/mes-pochoirs.com\/es\/wp-json\/wp\/v2\/product\/29879","targetHints":{"allow":["GET"]}}],"collection":[{"href":"https:\/\/mes-pochoirs.com\/es\/wp-json\/wp\/v2\/product"}],"about":[{"href":"https:\/\/mes-pochoirs.com\/es\/wp-json\/wp\/v2\/types\/product"}],"replies":[{"embeddable":true,"href":"https:\/\/mes-pochoirs.com\/es\/wp-json\/wp\/v2\/comments?post=29879"}],"wp:featuredmedia":[{"embeddable":true,"href":"https:\/\/mes-pochoirs.com\/es\/wp-json\/wp\/v2\/media\/30090"}],"wp:attachment":[{"href":"https:\/\/mes-pochoirs.com\/es\/wp-json\/wp\/v2\/media?parent=29879"}],"wp:term":[{"taxonomy":"product_brand","embeddable":true,"href":"https:\/\/mes-pochoirs.com\/es\/wp-json\/wp\/v2\/product_brand?post=29879"},{"taxonomy":"product_cat","embeddable":true,"href":"https:\/\/mes-pochoirs.com\/es\/wp-json\/wp\/v2\/product_cat?post=29879"},{"taxonomy":"product_tag","embeddable":true,"href":"https:\/\/mes-pochoirs.com\/es\/wp-json\/wp\/v2\/product_tag?post=29879"}],"curies":[{"name":"wp","href":"https:\/\/api.w.org\/{rel}","templated":true}]}}