{"id":30028,"date":"2025-10-24T11:49:57","date_gmt":"2025-10-24T09:49:57","guid":{"rendered":"https:\/\/mes-pochoirs.com\/?post_type=product&#038;p=30028"},"modified":"2025-11-03T23:20:17","modified_gmt":"2025-11-03T22:20:17","slug":"vibe-plantilla-estilo-graffiti-t0054","status":"publish","type":"product","link":"https:\/\/mes-pochoirs.com\/es\/produit\/pochoir-style-graffiti-vibe-t0054","title":{"rendered":"Wildstyle Graffiti plantilla \u201cVIBE\u201d - Contorno ombre - T0054"},"content":{"rendered":"<h2>Plantilla estilo graffiti Vibe<\/h2>\n<p>Le <strong>Plantilla estilo graffiti Vibe<\/strong> es una creaci\u00f3n que refleja todo el poder y la energ\u00eda del arte callejero contempor\u00e1neo. Inspirada en la compleja est\u00e9tica del wildstyle, esta plantilla transforma la palabra \u201cVibe\u201d en una obra de arte urbano marcada por formas din\u00e1micas y l\u00edneas audaces. Cada detalle de la letra evoca la espontaneidad y la libertad del graffiti, donde la expresi\u00f3n visual se convierte en un lenguaje universal.<\/p>\n<p>Los contornos son el coraz\u00f3n de esta composici\u00f3n. Definen el ritmo y la estructura de la letra, proporcionando un equilibrio entre movimiento y estabilidad. Estos contornos poderosos, t\u00edpicos del graffiti wildstyle, reflejan el deseo de imponer una fuerte presencia visual. Gu\u00edan la mirada a trav\u00e9s de las l\u00edneas, permitiendo al espectador sumergirse en una interpretaci\u00f3n gr\u00e1fica rica y compleja.<\/p>\n<p>Las sombras refuerzan este efecto a\u00f1adiendo profundidad y relieve. Crean una impresi\u00f3n tridimensional, dando a la palabra \u201cVibe\u201d la ilusi\u00f3n de emerger de la superficie. Este uso sutil de las sombras y las superposiciones refuerza la intensidad visual y confiere al conjunto una dimensi\u00f3n casi escult\u00f3rica. Este efecto, inspirado en los murales, acent\u00faa el car\u00e1cter envolvente del arte callejero.<\/p>\n<p>Esta plantilla no es s\u00f3lo un motivo decorativo, sino una aut\u00e9ntica herramienta creativa. Le permite introducir en su trabajo toda la vibrante energ\u00eda del graffiti. La palabra \u201cVibe\u201d, representada en estilo salvaje, simboliza el ritmo, la atm\u00f3sfera y la energ\u00eda creativa. Utilizado en una pared, un lienzo, un mueble o cualquier otro soporte, respira un ambiente urbano y moderno, fiel al esp\u00edritu del arte callejero.<\/p>\n<p>En resumen <strong>Plantilla estilo graffiti Vibe<\/strong> es una pieza \u00fanica que combina contornos precisos, sombreados expresivos y letras salvajes. Encarna la libertad, el poder y la creatividad del grafiti, transformando cada superficie en un manifiesto visual urbano.<\/p>","protected":false},"excerpt":{"rendered":"<p><strong>Plantilla estilo graffiti Vibe<\/strong> de alta calidad, reutilizables, disponibles en varios tama\u00f1os, ideales para artistas y aficionados al arte callejero.<\/p>","protected":false},"featured_media":30097,"comment_status":"open","ping_status":"closed","template":"","meta":{"bwfblock_default_font":"","_kad_blocks_custom_css":"","_kad_blocks_head_custom_js":"","_kad_blocks_body_custom_js":"","_kad_blocks_footer_custom_js":"","_kadence_starter_templates_imported_post":false,"_kad_post_transparent":"default","_kad_post_title":"","_kad_post_layout":"default","_kad_post_sidebar_id":"","_kad_post_content_style":"default","_kad_post_vertical_padding":"default","_kad_post_feature":"","_kad_post_feature_position":"","_kad_post_header":false,"_kad_post_footer":false,"_kad_post_classname":""},"product_brand":[1415],"product_cat":[1738,284,328,316,515,516,273,551],"product_tag":[1742,1106,285,275,577,1743,1741,830,327,1739,287,295,286,448,1740],"class_list":{"0":"post-30028","1":"product","2":"type-product","3":"status-publish","4":"has-post-thumbnail","6":"product_brand-mes-pochoirs","7":"product_cat-pochoirs-style-graffiti-wildstyle","8":"product_cat-pochoirs-graffitis","9":"product_cat-pochoirs-street-art","10":"product_cat-pochoirs-textes-et-messages","11":"product_cat-tri-par-mots","12":"product_cat-tri-par-styles","13":"product_cat-pochoirs-urbains","14":"product_cat-pochoirs-mot-vibe","15":"product_tag-contour","16":"product_tag-graffeur","17":"product_tag-graffiti","18":"product_tag-message","19":"product_tag-mot","20":"product_tag-ombre","21":"product_tag-signature","22":"product_tag-spray","23":"product_tag-street-art","24":"product_tag-style-decriture","25":"product_tag-tag","26":"product_tag-texte","27":"product_tag-urbain","28":"product_tag-vibe","29":"product_tag-wildstyle","31":"first","32":"instock","33":"taxable","34":"shipping-taxable","35":"purchasable","36":"product-type-variable","37":"has-default-attributes","38":"entry","39":"content-bg","40":"loop-entry"},"taxonomy_info":{"product_brand":[{"value":1415,"label":"Mes Pochoirs"}],"product_cat":[{"value":1738,"label":"Graffiti Wildstyle"},{"value":284,"label":"Graffitis"},{"value":328,"label":"Street Art"},{"value":316,"label":"Textes et Messages"},{"value":515,"label":"Tri par Mots"},{"value":516,"label":"Tri par Styles"},{"value":273,"label":"Urbains"},{"value":551,"label":"Vibe"}],"product_tag":[{"value":1742,"label":"contour"},{"value":1106,"label":"graffeur"},{"value":285,"label":"graffiti"},{"value":275,"label":"message"},{"value":577,"label":"mot"},{"value":1743,"label":"ombre"},{"value":1741,"label":"signature"},{"value":830,"label":"spray"},{"value":327,"label":"street art"},{"value":1739,"label":"style d'\u00e9criture"},{"value":287,"label":"tag"},{"value":295,"label":"Texte"},{"value":286,"label":"urbain"},{"value":448,"label":"vibe"},{"value":1740,"label":"Wildstyle"}]},"featured_image_src_large":["https:\/\/mes-pochoirs.com\/wp-content\/uploads\/2025\/09\/T0054-pochoir-graffiti-wildstyle-vibe-copyright-mes-pochoirs-858x1030.jpg",858,1030,true],"author_info":[],"comment_info":0,"_links":{"self":[{"href":"https:\/\/mes-pochoirs.com\/es\/wp-json\/wp\/v2\/product\/30028","targetHints":{"allow":["GET"]}}],"collection":[{"href":"https:\/\/mes-pochoirs.com\/es\/wp-json\/wp\/v2\/product"}],"about":[{"href":"https:\/\/mes-pochoirs.com\/es\/wp-json\/wp\/v2\/types\/product"}],"replies":[{"embeddable":true,"href":"https:\/\/mes-pochoirs.com\/es\/wp-json\/wp\/v2\/comments?post=30028"}],"wp:featuredmedia":[{"embeddable":true,"href":"https:\/\/mes-pochoirs.com\/es\/wp-json\/wp\/v2\/media\/30097"}],"wp:attachment":[{"href":"https:\/\/mes-pochoirs.com\/es\/wp-json\/wp\/v2\/media?parent=30028"}],"wp:term":[{"taxonomy":"product_brand","embeddable":true,"href":"https:\/\/mes-pochoirs.com\/es\/wp-json\/wp\/v2\/product_brand?post=30028"},{"taxonomy":"product_cat","embeddable":true,"href":"https:\/\/mes-pochoirs.com\/es\/wp-json\/wp\/v2\/product_cat?post=30028"},{"taxonomy":"product_tag","embeddable":true,"href":"https:\/\/mes-pochoirs.com\/es\/wp-json\/wp\/v2\/product_tag?post=30028"}],"curies":[{"name":"wp","href":"https:\/\/api.w.org\/{rel}","templated":true}]}}