{"id":31384,"date":"2026-01-23T10:00:02","date_gmt":"2026-01-23T09:00:02","guid":{"rendered":"https:\/\/mes-pochoirs.com\/?post_type=product&#038;p=31384"},"modified":"2026-02-02T00:48:20","modified_gmt":"2026-02-01T23:48:20","slug":"stencil-retrato-nino-arte-callejero-pv0045","status":"publish","type":"product","link":"https:\/\/mes-pochoirs.com\/es\/produit\/pochoir-portrait-enfant-street-art-pv0045","title":{"rendered":"Stencil Ni\u00f1o Arte Callejero - PV0045"},"content":{"rendered":"<h2 class=\"p1\"><b>Pochoir Portrait Enfant Street Art &#8211; Style Urbain expressif<\/b><\/h2>\n<p class=\"p2\">Esta plantilla representa el retrato de un <b>ni\u00f1o <\/b>con ojos so\u00f1adores, capturada en un <strong>estilo street art<\/strong> al mismo tiempo <strong>cruda, expresiva<\/strong> y profundamente conmovedor. Con la gorra ligeramente inclinada y la cara vuelta hacia el cielo, el joven parece contemplar algo invisible, como una idea, un sue\u00f1o o un futuro que imagina. Esta expresi\u00f3n de inocencia mezclada con curiosidad ofrece una imagen universal, po\u00e9tica y atemporal.<\/p>\n<p class=\"p2\">Los marcados contrastes, inspirados en el arte urbano moderno, confieren al rostro una fuerte presencia, mientras que la est\u00e9tica minimalista resalta cada detalle: las pesta\u00f1as, la boca entreabierta, los contornos del cuello y la ropa. Es la plantilla perfecta para crear arte mural lleno de emoci\u00f3n, personalidad y sensibilidad, ya sea sobre lienzo, pared o mueble.<\/p>\n<p>Esta plantilla Retrato de un ni\u00f1o en el arte callejero est\u00e1 claramente inspirada en <strong>c\u00f3digos del arte po\u00e9tico callejero popularizado por artistas como Banksy o C215.<\/strong>. Tiene la sensibilidad de los retratos infantiles de C215, centrados en la expresi\u00f3n y la mirada, as\u00ed como el enfoque minimalista y simb\u00f3lico de Banksy, donde un simple rostro se convierte en un aut\u00e9ntico mensaje visual.<\/p>\n<p class=\"p2\">Ideal para los fans de\u2019<strong>Arte urbano<\/strong>, plantillas gr\u00e1ficas y <strong>retratos expresivos<\/strong>, Esta plantilla Street Art Retrato de un ni\u00f1o tiene un aire moderno,<strong> art\u00edstico y c\u00e1lido<\/strong>. Una plantilla que cuenta una historia: la de la infancia, la imaginaci\u00f3n y la capacidad de so\u00f1ar, una y otra vez.<\/p>","protected":false},"excerpt":{"rendered":"<p>Pochoir Portrait Enfant Street Art &#8211; Un mod\u00e8le inspir\u00e9 du Style Banksy pour la po\u00e9sie visuelle, de C215 pour l\u2019intensit\u00e9 du portrait, m\u00ealant ainsi innocence et esth\u00e9tique street art. Parfait pour cr\u00e9er des \u0153uvres modernes, po\u00e9tiques et graphiques.<\/p>","protected":false},"featured_media":30594,"comment_status":"open","ping_status":"closed","template":"","meta":{"bwfblock_default_font":"","_kad_blocks_custom_css":"","_kad_blocks_head_custom_js":"","_kad_blocks_body_custom_js":"","_kad_blocks_footer_custom_js":"","_kadence_starter_templates_imported_post":false,"_kad_post_transparent":"default","_kad_post_title":"","_kad_post_layout":"default","_kad_post_sidebar_id":"","_kad_post_content_style":"default","_kad_post_vertical_padding":"default","_kad_post_feature":"","_kad_post_feature_position":"","_kad_post_header":false,"_kad_post_footer":false,"_kad_post_classname":""},"product_brand":[1415],"product_cat":[36,328],"product_tag":[900,1809,825,692,491,529,1574,1556,390,286,338],"class_list":{"0":"post-31384","1":"product","2":"type-product","3":"status-publish","4":"has-post-thumbnail","6":"product_brand-mes-pochoirs","7":"product_cat-pochoirs-portraits-visages","8":"product_cat-pochoirs-street-art","9":"product_tag-banksy","10":"product_tag-c215","11":"product_tag-enfant","12":"product_tag-expressif","13":"product_tag-expression","14":"product_tag-garcon","15":"product_tag-innocence","16":"product_tag-intensite","17":"product_tag-portrait","18":"product_tag-urbain","19":"product_tag-visage","21":"first","22":"instock","23":"taxable","24":"shipping-taxable","25":"purchasable","26":"product-type-variable","27":"entry","28":"content-bg","29":"loop-entry"},"taxonomy_info":{"product_brand":[{"value":1415,"label":"Mes Pochoirs"}],"product_cat":[{"value":36,"label":"Portraits &amp; Visages"},{"value":328,"label":"Street Art"}],"product_tag":[{"value":900,"label":"banksy"},{"value":1809,"label":"C215"},{"value":825,"label":"enfant"},{"value":692,"label":"expressif"},{"value":491,"label":"expression"},{"value":529,"label":"gar\u00e7on"},{"value":1574,"label":"innocence"},{"value":1556,"label":"Intensit\u00e9"},{"value":390,"label":"portrait"},{"value":286,"label":"urbain"},{"value":338,"label":"visage"}]},"featured_image_src_large":["https:\/\/mes-pochoirs.com\/wp-content\/uploads\/2025\/10\/PV0045-pochoir-portrait-garcon-copyright-mes-pochoirs-858x1030.jpg",858,1030,true],"author_info":[],"comment_info":0,"_links":{"self":[{"href":"https:\/\/mes-pochoirs.com\/es\/wp-json\/wp\/v2\/product\/31384","targetHints":{"allow":["GET"]}}],"collection":[{"href":"https:\/\/mes-pochoirs.com\/es\/wp-json\/wp\/v2\/product"}],"about":[{"href":"https:\/\/mes-pochoirs.com\/es\/wp-json\/wp\/v2\/types\/product"}],"replies":[{"embeddable":true,"href":"https:\/\/mes-pochoirs.com\/es\/wp-json\/wp\/v2\/comments?post=31384"}],"wp:featuredmedia":[{"embeddable":true,"href":"https:\/\/mes-pochoirs.com\/es\/wp-json\/wp\/v2\/media\/30594"}],"wp:attachment":[{"href":"https:\/\/mes-pochoirs.com\/es\/wp-json\/wp\/v2\/media?parent=31384"}],"wp:term":[{"taxonomy":"product_brand","embeddable":true,"href":"https:\/\/mes-pochoirs.com\/es\/wp-json\/wp\/v2\/product_brand?post=31384"},{"taxonomy":"product_cat","embeddable":true,"href":"https:\/\/mes-pochoirs.com\/es\/wp-json\/wp\/v2\/product_cat?post=31384"},{"taxonomy":"product_tag","embeddable":true,"href":"https:\/\/mes-pochoirs.com\/es\/wp-json\/wp\/v2\/product_tag?post=31384"}],"curies":[{"name":"wp","href":"https:\/\/api.w.org\/{rel}","templated":true}]}}