{"id":3361,"date":"2021-10-10T08:06:56","date_gmt":"2021-10-10T08:06:56","guid":{"rendered":"https:\/\/mes-pochoirs.com\/?post_type=product&#038;p=3361"},"modified":"2025-10-31T11:40:33","modified_gmt":"2025-10-31T10:40:33","slug":"plantilla-barroca-b0009","status":"publish","type":"product","link":"https:\/\/mes-pochoirs.com\/es\/produit\/pochoir-baroque-b0009","title":{"rendered":"Plantilla barroca - B0009"},"content":{"rendered":"<h2>Plantilla barroca<\/h2>\n<h3>Un dise\u00f1o que celebra la elegancia y la majestuosidad<\/h3>\n<p><strong>Plantilla barroca<\/strong> Este motivo ornamental sim\u00e9trico evoca una estilizada corona vegetal, rica en arabescos, volutas y hojas de acanto. Cada l\u00ednea, cada curva, parece salida directamente de la carpinter\u00eda tallada de un antiguo palacio. El conjunto irradia una nobleza intemporal y transmite una sensaci\u00f3n de esplendor controlado, entre tradici\u00f3n decorativa y expresi\u00f3n art\u00edstica asertiva. Esta plantilla transforma un simple soporte en un elemento central de la decoraci\u00f3n del hogar, lleno de car\u00e1cter. Verdadera herramienta de expresi\u00f3n, permite realzar una pared, un lienzo o un mueble con un toque de majestuosidad. Con unas pocas pinceladas, podr\u00e1 crear un friso floral o un medall\u00f3n barroco, seg\u00fan desee. Utilizado para pintar, dorar o patinar, proporciona un acabado espectacular y sutil. Seduce por igual a pintores y decoradores, que buscan detalles llamativos que den vida a creaciones \u00fanicas y refinadas.<\/p>\n<h3>Un estilo que combina tradici\u00f3n y refinamiento moderno<\/h3>\n<p><strong>Plantilla barroca<\/strong> El estilo barroco: profundamente inspirado en las artes decorativas de los siglos XVII y XVIII, revisita los grandes cl\u00e1sicos del estilo barroco con un toque contempor\u00e1neo. Presenta la imponente estructura de las coronas ornamentales, la gracia de los arabescos florales y la inspiraci\u00f3n rom\u00e1ntica de las flores estilizadas, todo ello en un dise\u00f1o armonioso y a\u00e9reo. Esta plantilla encarna a la perfecci\u00f3n el encuentro entre el patrimonio hist\u00f3rico y la modernidad creativa. Se adapta tanto a un ambiente cl\u00e1sico como a una decoraci\u00f3n moderna, donde crear\u00e1 un fuerte y elegante contraste. Ideal para una pared de acento, un cabecero o el frente de un mueble, se convierte en una aut\u00e9ntica joya decorativa. Reutilizable, de alta calidad, reversible y disponible en varios tama\u00f1os, est\u00e1 dise\u00f1ado para realzar cualquier obra o espacio con estilo, personalidad y sofisticaci\u00f3n. Una elecci\u00f3n esencial para los amantes de los detalles y las formas art\u00edsticas potentes.<\/p>","protected":false},"excerpt":{"rendered":"<p><strong data-start=\"1139\" data-end=\"1158\">Plantilla barroca<\/strong> con refinados arabescos, perfecto para cuadros, muebles u obras de arte. De alta calidad y reversible.<\/p>","protected":false},"featured_media":3371,"comment_status":"open","ping_status":"closed","template":"","meta":{"bwfblock_default_font":"","_kad_blocks_custom_css":"","_kad_blocks_head_custom_js":"","_kad_blocks_body_custom_js":"","_kad_blocks_footer_custom_js":"","_kadence_starter_templates_imported_post":false,"_kad_post_transparent":"default","_kad_post_title":"","_kad_post_layout":"default","_kad_post_sidebar_id":"","_kad_post_content_style":"default","_kad_post_vertical_padding":"default","_kad_post_feature":"","_kad_post_feature_position":"","_kad_post_header":false,"_kad_post_footer":false,"_kad_post_classname":""},"product_brand":[1415],"product_cat":[224],"product_tag":[1368,1369,225,1366,226,567,416,1371,1360,1277,675,1370,1365,955,1367],"class_list":{"0":"post-3361","1":"product","2":"type-product","3":"status-publish","4":"has-post-thumbnail","6":"product_brand-mes-pochoirs","7":"product_cat-pochoirs-baroques","8":"product_tag-acanthes","9":"product_tag-arabesques","10":"product_tag-baroque","11":"product_tag-boiseries","12":"product_tag-couronne","13":"product_tag-decoration","14":"product_tag-fleurs","15":"product_tag-frise","16":"product_tag-maison","17":"product_tag-majeste","18":"product_tag-moderne","19":"product_tag-noblesse","20":"product_tag-palais","21":"product_tag-tradition","22":"product_tag-volutes","24":"first","25":"instock","26":"taxable","27":"shipping-taxable","28":"purchasable","29":"product-type-variable","30":"has-default-attributes","31":"entry","32":"content-bg","33":"loop-entry"},"taxonomy_info":{"product_brand":[{"value":1415,"label":"Mes Pochoirs"}],"product_cat":[{"value":224,"label":"Baroques"}],"product_tag":[{"value":1368,"label":"acanthes"},{"value":1369,"label":"arabesques"},{"value":225,"label":"baroque"},{"value":1366,"label":"boiseries"},{"value":226,"label":"couronne"},{"value":567,"label":"decoration"},{"value":416,"label":"fleurs"},{"value":1371,"label":"frise"},{"value":1360,"label":"maison"},{"value":1277,"label":"majest\u00e9"},{"value":675,"label":"moderne"},{"value":1370,"label":"noblesse"},{"value":1365,"label":"palais"},{"value":955,"label":"tradition"},{"value":1367,"label":"volutes"}]},"featured_image_src_large":["https:\/\/mes-pochoirs.com\/wp-content\/uploads\/2021\/10\/B0009-mes-pochoirs-com-858x1030.jpg",858,1030,true],"author_info":[],"comment_info":0,"_links":{"self":[{"href":"https:\/\/mes-pochoirs.com\/es\/wp-json\/wp\/v2\/product\/3361","targetHints":{"allow":["GET"]}}],"collection":[{"href":"https:\/\/mes-pochoirs.com\/es\/wp-json\/wp\/v2\/product"}],"about":[{"href":"https:\/\/mes-pochoirs.com\/es\/wp-json\/wp\/v2\/types\/product"}],"replies":[{"embeddable":true,"href":"https:\/\/mes-pochoirs.com\/es\/wp-json\/wp\/v2\/comments?post=3361"}],"wp:featuredmedia":[{"embeddable":true,"href":"https:\/\/mes-pochoirs.com\/es\/wp-json\/wp\/v2\/media\/3371"}],"wp:attachment":[{"href":"https:\/\/mes-pochoirs.com\/es\/wp-json\/wp\/v2\/media?parent=3361"}],"wp:term":[{"taxonomy":"product_brand","embeddable":true,"href":"https:\/\/mes-pochoirs.com\/es\/wp-json\/wp\/v2\/product_brand?post=3361"},{"taxonomy":"product_cat","embeddable":true,"href":"https:\/\/mes-pochoirs.com\/es\/wp-json\/wp\/v2\/product_cat?post=3361"},{"taxonomy":"product_tag","embeddable":true,"href":"https:\/\/mes-pochoirs.com\/es\/wp-json\/wp\/v2\/product_tag?post=3361"}],"curies":[{"name":"wp","href":"https:\/\/api.w.org\/{rel}","templated":true}]}}