{"id":33645,"date":"2026-02-06T09:29:19","date_gmt":"2026-02-06T08:29:19","guid":{"rendered":"https:\/\/mes-pochoirs.com\/?post_type=product&#038;p=33645"},"modified":"2026-02-16T01:01:12","modified_gmt":"2026-02-16T00:01:12","slug":"plantilla-girasoles-graffiti","status":"publish","type":"product","link":"https:\/\/mes-pochoirs.com\/es\/produit\/pochoir-les-tournesols-graffiti","title":{"rendered":"Plantilla Los Girasoles Versi\u00f3n Graffiti"},"content":{"rendered":"<h2>Plantilla Los Girasoles de Van Gogh \u2013 Interpretaci\u00f3n de arte callejero<\/h2>\n<p>Esta plantilla ofrece una interpretaci\u00f3n de arte callejero de los famosos girasoles de Vincent van Gogh, alej\u00e1ndose deliberadamente de la pintura para explorar un lenguaje gr\u00e1fico m\u00e1s crudo y contrastado. El dise\u00f1o atraviesa el lienzo para encontrarse con la calle.<\/p>\n<p>Los girasoles se convierten en un s\u00edmbolo, casi una marca. El trazo se estrecha, se insiste, se afirma. Lo que antes era luz se transforma en impacto, en tensi\u00f3n. La imagen se percibe de un vistazo, como un graffiti en una pared, sin rodeos ni escenograf\u00eda.<\/p>\n<p>Aqu\u00ed, el dise\u00f1o es absorbido por los c\u00f3digos del arte callejero. La plantilla act\u00faa como una herramienta de reapropiaci\u00f3n, un medio para hacer dialogar la historia del arte con el espacio urbano, sin nostalgia ni reverencia. El jarr\u00f3n act\u00faa como un punto de anclaje cl\u00e1sico, mientras que el ramo parece listo para desbordarse, creando una tensi\u00f3n entre el legado art\u00edstico y la expresi\u00f3n contempor\u00e1nea.<\/p>\n<p>Esta plantilla est\u00e1 dirigida a los amantes del arte callejero figurativo, de la reinterpretaci\u00f3n de cl\u00e1sicos y de proyectos murales con fuerte personalidad. Usada en paredes, lienzos o mobiliario, se convierte en una imagen poderosa, entre homenaje y reapropiaci\u00f3n.<\/p>","protected":false},"excerpt":{"rendered":"<p>Una interpretaci\u00f3n de arte callejero de los girasoles de Van Gogh. Un dise\u00f1o ic\u00f3nico absorbido por los c\u00f3digos del graffiti y el arte urbano. Ideal para crear un impacto inmediato.<\/p>","protected":false},"featured_media":33646,"comment_status":"open","ping_status":"closed","template":"","meta":{"bwfblock_default_font":"","_kad_blocks_custom_css":"","_kad_blocks_head_custom_js":"","_kad_blocks_body_custom_js":"","_kad_blocks_footer_custom_js":"","_kadence_starter_templates_imported_post":false,"_kad_post_transparent":"default","_kad_post_title":"","_kad_post_layout":"default","_kad_post_sidebar_id":"","_kad_post_content_style":"default","_kad_post_vertical_padding":"default","_kad_post_feature":"","_kad_post_feature_position":"","_kad_post_header":false,"_kad_post_footer":false,"_kad_post_classname":""},"product_brand":[1415],"product_cat":[51,284,732,369,328],"product_tag":[1989,1990,285,1988,794,1772],"class_list":{"0":"post-33645","1":"product","2":"type-product","3":"status-publish","4":"has-post-thumbnail","6":"product_brand-mes-pochoirs","7":"product_cat-pochoirs-fleurs","8":"product_cat-pochoirs-graffitis","9":"product_cat-pochoirs-icones-celebrites","10":"product_cat-pochoirs-nature","11":"product_cat-pochoirs-street-art","12":"product_tag-art-floral","13":"product_tag-celebre-peinture","14":"product_tag-graffiti","15":"product_tag-tournesols","16":"product_tag-van-gogh","17":"product_tag-vase","19":"first","20":"instock","21":"taxable","22":"shipping-taxable","23":"purchasable","24":"product-type-variable","25":"entry","26":"content-bg","27":"loop-entry"},"taxonomy_info":{"product_brand":[{"value":1415,"label":"Mes Pochoirs"}],"product_cat":[{"value":51,"label":"Fleurs"},{"value":284,"label":"Graffitis"},{"value":732,"label":"Ic\u00f4nes &amp; C\u00e9l\u00e9brit\u00e9s"},{"value":369,"label":"Nature"},{"value":328,"label":"Street Art"}],"product_tag":[{"value":1989,"label":"art floral"},{"value":1990,"label":"c\u00e9l\u00e8bre peinture"},{"value":285,"label":"graffiti"},{"value":1988,"label":"tournesols"},{"value":794,"label":"Van Gogh"},{"value":1772,"label":"vase"}]},"featured_image_src_large":["https:\/\/mes-pochoirs.com\/wp-content\/uploads\/2026\/02\/F0043-pochoir-vase-fleurs-copyright-mes-pochoirs-858x1030.jpg",858,1030,true],"author_info":[],"comment_info":0,"_links":{"self":[{"href":"https:\/\/mes-pochoirs.com\/es\/wp-json\/wp\/v2\/product\/33645","targetHints":{"allow":["GET"]}}],"collection":[{"href":"https:\/\/mes-pochoirs.com\/es\/wp-json\/wp\/v2\/product"}],"about":[{"href":"https:\/\/mes-pochoirs.com\/es\/wp-json\/wp\/v2\/types\/product"}],"replies":[{"embeddable":true,"href":"https:\/\/mes-pochoirs.com\/es\/wp-json\/wp\/v2\/comments?post=33645"}],"wp:featuredmedia":[{"embeddable":true,"href":"https:\/\/mes-pochoirs.com\/es\/wp-json\/wp\/v2\/media\/33646"}],"wp:attachment":[{"href":"https:\/\/mes-pochoirs.com\/es\/wp-json\/wp\/v2\/media?parent=33645"}],"wp:term":[{"taxonomy":"product_brand","embeddable":true,"href":"https:\/\/mes-pochoirs.com\/es\/wp-json\/wp\/v2\/product_brand?post=33645"},{"taxonomy":"product_cat","embeddable":true,"href":"https:\/\/mes-pochoirs.com\/es\/wp-json\/wp\/v2\/product_cat?post=33645"},{"taxonomy":"product_tag","embeddable":true,"href":"https:\/\/mes-pochoirs.com\/es\/wp-json\/wp\/v2\/product_tag?post=33645"}],"curies":[{"name":"wp","href":"https:\/\/api.w.org\/{rel}","templated":true}]}}