{"id":35445,"date":"2026-04-02T09:36:35","date_gmt":"2026-04-02T07:36:35","guid":{"rendered":"https:\/\/mes-pochoirs.com\/?post_type=product&#038;p=35445"},"modified":"2026-05-17T07:57:03","modified_gmt":"2026-05-17T05:57:03","slug":"plantilla-leon-cachorro-bubble-gum","status":"publish","type":"product","link":"https:\/\/mes-pochoirs.com\/es\/produit\/pochoir-lionceau-bubble-gum","title":{"rendered":"plantilla leon cachorro bubble gum"},"content":{"rendered":"<h2>plantilla leon cachorro bubble gum<\/h2>\n<p>Puede que a\u00fan sea solo un cachorro de le\u00f3n... pero ya lo tiene todo claro.<\/p>\n<p>Un aire desenfadado, gafas oversized y un chicle que infla sin complicaciones. Este dise\u00f1o captura ese momento donde la inocencia ya encuentra actitud, entre dulzura y car\u00e1cter definido.<\/p>\n<p>A la vez tierno y seguro de s\u00ed mismo, esta plantilla de le\u00f3n cachorro atrae de inmediato la mirada y aporta estilo a cualquier creaci\u00f3n.<\/p>\n<p>\u00bfPor qu\u00e9 nos gusta tanto? Porque no busca exagerar. Impone una presencia natural, con el toque justo de originalidad para destacar.<\/p>\n<p>Con la colecci\u00f3n Bubble Gum Attitude, los c\u00f3digos del arte urbano\/pop art toman una nueva direcci\u00f3n. Animales e iconos adoptan una postura m\u00e1s libre, m\u00e1s moderna, donde el chicle se convierte en un s\u00edmbolo sencillo pero poderoso: el de la despreocupaci\u00f3n, el estilo y una ligereza asumida.<\/p>\n<p>Cada dise\u00f1o est\u00e1 pensado para a\u00f1adir un toque divertido y expresivo a tu interior, sin caer nunca en el clich\u00e9.<\/p>","protected":false},"excerpt":{"rendered":"<p>Un cachorro de le\u00f3n con un estilo \u00fanico, entre dulzura y car\u00e1cter. Con sus gafas oversized y su chicle, esta plantilla de le\u00f3n cachorro a\u00f1ade un toque divertido y lleno de personalidad a tus creaciones.<\/p>","protected":false},"featured_media":35446,"comment_status":"open","ping_status":"closed","template":"","meta":{"bwfblock_default_font":"","_kad_blocks_custom_css":"","_kad_blocks_head_custom_js":"","_kad_blocks_body_custom_js":"","_kad_blocks_footer_custom_js":"","_kadence_starter_templates_imported_post":false,"_kad_post_transparent":"default","_kad_post_title":"","_kad_post_layout":"default","_kad_post_sidebar_id":"","_kad_post_content_style":"default","_kad_post_vertical_padding":"default","_kad_post_feature":"","_kad_post_feature_position":"","_kad_post_header":false,"_kad_post_footer":false,"_kad_post_classname":""},"product_brand":[1415],"product_cat":[2058,364,481,332,328],"product_tag":[367,2061,2060,322,557,667,2059,360],"class_list":{"0":"post-35445","1":"product","2":"type-product","3":"status-publish","4":"has-post-thumbnail","6":"product_brand-mes-pochoirs","7":"product_cat-bubble-gum-attitude","8":"product_cat-pochoirs-animaux","9":"product_cat-collections","10":"product_cat-pochoirs-pop-art","11":"product_cat-pochoirs-street-art","12":"product_tag-animal","13":"product_tag-bubble-gum","14":"product_tag-chewing-gum","15":"product_tag-cool","16":"product_tag-fun","17":"product_tag-lion","18":"product_tag-lionceau","19":"product_tag-lunettes-de-soleil","21":"first","22":"instock","23":"taxable","24":"shipping-taxable","25":"purchasable","26":"product-type-variable","27":"entry","28":"content-bg","29":"loop-entry"},"taxonomy_info":{"product_brand":[{"value":1415,"label":"Mes Pochoirs"}],"product_cat":[{"value":2058,"label":"Bubble Gum Attitude"},{"value":364,"label":"Animaux"},{"value":481,"label":"Collections"},{"value":332,"label":"Pop Art"},{"value":328,"label":"Street Art"}],"product_tag":[{"value":367,"label":"animal"},{"value":2061,"label":"bubble gum"},{"value":2060,"label":"chewing-gum"},{"value":322,"label":"cool"},{"value":557,"label":"Fun"},{"value":667,"label":"lion"},{"value":2059,"label":"lionceau"},{"value":360,"label":"lunettes de soleil"}]},"featured_image_src_large":["https:\/\/mes-pochoirs.com\/wp-content\/uploads\/2026\/03\/BBG013-pochoir-collection-bubble-gum-copyright-mes-pochoirs-858x1030.jpg",858,1030,true],"author_info":[],"comment_info":0,"_links":{"self":[{"href":"https:\/\/mes-pochoirs.com\/es\/wp-json\/wp\/v2\/product\/35445","targetHints":{"allow":["GET"]}}],"collection":[{"href":"https:\/\/mes-pochoirs.com\/es\/wp-json\/wp\/v2\/product"}],"about":[{"href":"https:\/\/mes-pochoirs.com\/es\/wp-json\/wp\/v2\/types\/product"}],"replies":[{"embeddable":true,"href":"https:\/\/mes-pochoirs.com\/es\/wp-json\/wp\/v2\/comments?post=35445"}],"wp:featuredmedia":[{"embeddable":true,"href":"https:\/\/mes-pochoirs.com\/es\/wp-json\/wp\/v2\/media\/35446"}],"wp:attachment":[{"href":"https:\/\/mes-pochoirs.com\/es\/wp-json\/wp\/v2\/media?parent=35445"}],"wp:term":[{"taxonomy":"product_brand","embeddable":true,"href":"https:\/\/mes-pochoirs.com\/es\/wp-json\/wp\/v2\/product_brand?post=35445"},{"taxonomy":"product_cat","embeddable":true,"href":"https:\/\/mes-pochoirs.com\/es\/wp-json\/wp\/v2\/product_cat?post=35445"},{"taxonomy":"product_tag","embeddable":true,"href":"https:\/\/mes-pochoirs.com\/es\/wp-json\/wp\/v2\/product_tag?post=35445"}],"curies":[{"name":"wp","href":"https:\/\/api.w.org\/{rel}","templated":true}]}}