{"id":35526,"date":"2026-04-09T20:03:02","date_gmt":"2026-04-09T18:03:02","guid":{"rendered":"https:\/\/mes-pochoirs.com\/?post_type=product&#038;p=35526"},"modified":"2026-04-09T20:03:05","modified_gmt":"2026-04-09T18:03:05","slug":"stencil-icono-frances-bubble-gum","status":"publish","type":"product","link":"https:\/\/mes-pochoirs.com\/es\/produit\/pochoir-icone-francaise-bubble-gum","title":{"rendered":"Stencil \u00cdcono Franc\u00e9s Bubble Gum"},"content":{"rendered":"<h2>Stencil \u00cdcono Franc\u00e9s Bubble Gum<\/h2>\n<p>Se reconoce al instante.<\/p>\n<p>La mirada es directa, casi cruda. No hay distancia, ni puesta en escena. Solo una presencia natural, libre, evidente.<\/p>\n<p>Y luego est\u00e1 esa burbuja de chicle. Un detalle inesperado que rompe esquemas y aporta un toque m\u00e1s espont\u00e1neo, casi insolente.<\/p>\n<p>Ah\u00ed es donde todo se define. Entre \u00edcono y libertad, entre dulzura y car\u00e1cter.<\/p>\n<p>Este dise\u00f1o no congela nada. Reinterpreta. Moderniza. Ofrece una nueva lectura, m\u00e1s actual, m\u00e1s viva, m\u00e1s accesible.<\/p>\n<p>Con la colecci\u00f3n Bubble Gum Attitude, las \u00edconas se liberan. Dejan atr\u00e1s las poses perfectas, toman distancia, y finalmente se permiten ser ellas mismas.<\/p>\n<p>El chicle se convierte en ese peque\u00f1o giro que atrae la atenci\u00f3n, intriga y da al visual toda su personalidad.<\/p>\n<p>Un dise\u00f1o libre, moderno e inmediatamente cautivador.<\/p>","protected":false},"excerpt":{"rendered":"<p>Un regard franc, une bulle de chewing-gum, et une libert\u00e9 assum\u00e9e.<br \/>\nEntre charme naturel et attitude affirm\u00e9e, ce visuel capture une \u00e9nergie libre et l\u00e9g\u00e8rement rebelle. Une ic\u00f4ne intemporelle revisit\u00e9e avec un twist audacieux qui attire imm\u00e9diatement le regard.<\/p>","protected":false},"featured_media":35527,"comment_status":"open","ping_status":"closed","template":"","meta":{"bwfblock_default_font":"","_kad_blocks_custom_css":"","_kad_blocks_head_custom_js":"","_kad_blocks_body_custom_js":"","_kad_blocks_footer_custom_js":"","_kadence_starter_templates_imported_post":false,"_kad_post_transparent":"default","_kad_post_title":"","_kad_post_layout":"default","_kad_post_sidebar_id":"","_kad_post_content_style":"default","_kad_post_vertical_padding":"default","_kad_post_feature":"","_kad_post_feature_position":"","_kad_post_header":false,"_kad_post_footer":false,"_kad_post_classname":""},"product_brand":[1415],"product_cat":[2058,481,732,332,36,328],"product_tag":[2064,2060,359,1195,607,471,338],"class_list":{"0":"post-35526","1":"product","2":"type-product","3":"status-publish","4":"has-post-thumbnail","6":"product_brand-mes-pochoirs","7":"product_cat-bubble-gum-attitude","8":"product_cat-collections","9":"product_cat-pochoirs-icones-celebrites","10":"product_cat-pochoirs-pop-art","11":"product_cat-pochoirs-portraits-visages","12":"product_cat-pochoirs-street-art","13":"product_tag-belle","14":"product_tag-chewing-gum","15":"product_tag-femme","16":"product_tag-francaise","17":"product_tag-glamour","18":"product_tag-icone","19":"product_tag-visage","21":"first","22":"instock","23":"sale","24":"taxable","25":"shipping-taxable","26":"purchasable","27":"product-type-variable","28":"entry","29":"content-bg","30":"loop-entry"},"taxonomy_info":{"product_brand":[{"value":1415,"label":"Mes Pochoirs"}],"product_cat":[{"value":2058,"label":"Bubble Gum Attitude"},{"value":481,"label":"Collections"},{"value":732,"label":"Ic\u00f4nes &amp; C\u00e9l\u00e9brit\u00e9s"},{"value":332,"label":"Pop Art"},{"value":36,"label":"Portraits &amp; Visages"},{"value":328,"label":"Street Art"}],"product_tag":[{"value":2064,"label":"belle"},{"value":2060,"label":"chewing-gum"},{"value":359,"label":"femme"},{"value":1195,"label":"fran\u00e7aise"},{"value":607,"label":"glamour"},{"value":471,"label":"icone"},{"value":338,"label":"visage"}]},"featured_image_src_large":["https:\/\/mes-pochoirs.com\/wp-content\/uploads\/2026\/04\/BBG006-pochoir-collection-bubble-gum-copyright-mes-pochoirs-858x1030.jpg",858,1030,true],"author_info":[],"comment_info":0,"_links":{"self":[{"href":"https:\/\/mes-pochoirs.com\/es\/wp-json\/wp\/v2\/product\/35526","targetHints":{"allow":["GET"]}}],"collection":[{"href":"https:\/\/mes-pochoirs.com\/es\/wp-json\/wp\/v2\/product"}],"about":[{"href":"https:\/\/mes-pochoirs.com\/es\/wp-json\/wp\/v2\/types\/product"}],"replies":[{"embeddable":true,"href":"https:\/\/mes-pochoirs.com\/es\/wp-json\/wp\/v2\/comments?post=35526"}],"wp:featuredmedia":[{"embeddable":true,"href":"https:\/\/mes-pochoirs.com\/es\/wp-json\/wp\/v2\/media\/35527"}],"wp:attachment":[{"href":"https:\/\/mes-pochoirs.com\/es\/wp-json\/wp\/v2\/media?parent=35526"}],"wp:term":[{"taxonomy":"product_brand","embeddable":true,"href":"https:\/\/mes-pochoirs.com\/es\/wp-json\/wp\/v2\/product_brand?post=35526"},{"taxonomy":"product_cat","embeddable":true,"href":"https:\/\/mes-pochoirs.com\/es\/wp-json\/wp\/v2\/product_cat?post=35526"},{"taxonomy":"product_tag","embeddable":true,"href":"https:\/\/mes-pochoirs.com\/es\/wp-json\/wp\/v2\/product_tag?post=35526"}],"curies":[{"name":"wp","href":"https:\/\/api.w.org\/{rel}","templated":true}]}}